{"id":2026,"date":"2017-09-28T17:08:27","date_gmt":"2017-09-28T15:08:27","guid":{"rendered":"http:\/\/www.hotelsmerano.it\/?page_id=2026"},"modified":"2026-03-31T11:34:32","modified_gmt":"2026-03-31T09:34:32","slug":"imprint-and-credits","status":"publish","type":"page","link":"https:\/\/www.hotelsmerano.it\/en\/imprint-and-credits\/","title":{"rendered":"Imprint &amp; Credits"},"content":{"rendered":"<h2>Publisher and text:<\/h2>\n<p><strong>P&amp;H Management ltd<\/strong><br \/>\nVia XXX Aprile, 2<br \/>\n39012 Merano I South Tyrol I Italy<\/p>\n<p>Tel. +39 0473 448 335<br \/>\nFax +39 0473 220 544<br \/>\nwww.hotelsmerano.it<br \/>\n<a href=\"mailto:info@hotelsmerano.it\">info@hotelsmerano.it<\/a><br \/>\n<a href=\"https:\/\/www.hotelsmerano.it\/wp-content\/uploads\/2025\/01\/HOTELSMERANO_BROCHURE_2023_ENGLISH.pdf\" target=\"_blank\" rel=\"noopener\">Brochure<\/a><\/p>\n<p>Tax number and number of inscription in the register of companies Bolzano: 02735620219<br \/>\nVAT Reg No: IT02735620219<br \/>\nJoint capital: 11.000 \u20ac, fully payed<br \/>\nNr. REA: BZ-201305<\/p>\n<h3>Design and development:<\/h3>\n<p>www.madeincima.it<\/p>\n<h3>Partner:<\/h3>\n<p>www.termemerano.it<br \/>\nwww.trauttmansdorff.it<br \/>\nHotelsmerano on <a href=\"https:\/\/www.bookingsuedtirol.com\/en\" target=\"_blank\" rel=\"noopener\">bookingsuedtirol.com<\/a><\/p>\n<h3>Photo:<\/h3>\n<ul>\n<li><strong>P&amp;H Management srl<\/strong> (diverse photographers: Anguane, Beatrice Pilotto, Pasquale Granata, Marco Pompeo, Florian Busch, Stephan Alexander Schmuck, Daniela Skrzypczak, Paul Peter Gasser, Michael Markl): www.hotelsmerano.it<\/li>\n<li><strong>IDM S\u00fcdtirol,<\/strong> <strong>Merano Marketing, <\/strong>\u00a0<strong>Kurverwaltung Meran<\/strong><strong> (<\/strong>diverse photographers: Florian Andergassen, Hubert Andergassen, Leonhard Angerer, Foto Press Arigossi Fabrizio, Elisa Arrais, Markus Auer, Udo Bernhart, Petr Blaha,\u00a0Frieder Blickle, Gianni Bodini, Martin Braito, Christian Brecheis, Hans Brunner, Alberto Campanile, Hermann Castiglioni, Andrea Ceccarelli, Joachim Chwaszcza, Matthias Dantone, Oskar Dariz, De Biasi, Andale Peter Duschek, Norbert Eisele-Hein, Stefan Eisend, Mario Entero, Johannes Fein, Alex Filz, Martin Finke, Foto Dieter Drescher, Foto Mike, Foto Staschitz, Remo Forcellini, Foto-dpi, Sigrid Frei, Hermann Maria Gasser, Mauro Gambicorti, Gandolfi, Maria Gapp, Daniel Geiger, Fabrizio Giusti, Fritz G\u00f6tsch, Anna Gruber, Albert Gruber, Robert Gruber, Thomas Gr\u00fcner, Christian Gufler, Helmuth E. G\u00fcnther, Anita Hafner,\u00a0Markus Hell,\u00a0Heidi Hintereck, Brunhilde Hofer, Matthias Hofer, Marita Holzner Tschannerl, Walter Innerhofer, Innerhofer Photodesign, Martina Jaider, Christian Jungwirth, Andree Kaiser, Hans Kammerlander, Manfred Kilian, Bruno Klomfar, Peter Klotz, Daniela Kofler, Manuel Kottersteger, Ralf Kreuels, Marion Lafogler, Claude Langlois,\u00a0Max Lautenschl\u00e4ger, Sigi Lechner, Hans-Peter Leu, Walther L\u00fccker, Ruben Mahlknecht, Erwin Mairginter, Thomas Malburg, Paola Marcello, Andreas Marini, Doris Marth, Clorenzo Masin, Georg Mayr, Robert Mendini, Sissa Micheli, Milanesio, MK Illumination, Laurin Moser, Remo Mosna, Ernst M\u00fcller, Michael M\u00fcller, Asselin Muro, Ulrich Musiol, Hannes Niederkofler, Hermann Oberhofer, Andreas Panzenberger, Valentin Pardeller, Diego Patete, Pawloswski, Florian Peer, Patrizia Pellegrini, Damian Lukas Pertoll, Klaus Peterlin, Bernardette Pfeifer, Stefan Pfeiffer, Benjamin Pfitscher, Magdalena Pf\u00f6stl, G\u00fcnther Pichler, Walter Pichler, Marc Pircher, Markus Pircher, Stefan Pircher, Hansj\u00f6rg Pirpamer, Franz Pixner, Freddy Planinschek, Isidor Plangger, Kassian Plangger, Christian Platzer, Jessica Preuhs, Markus Prieth, Manuela Prossliner, Marion Prossliner, Alexa Rainer, Iris Ratschiller, Oswald Reichegger, Helmuth Rier, Ren\u00e9 Riller, Sighart Ritsch, Bernd Ritschel, Marco Samadelli, Peter Santer, Marco Santini, Stefano Scat\u00e0, Martin Sch\u00f6negger, Stefan Sch\u00fctz, Angelika Schwarz, Patrick Schwienbacher, Hartmann Seeber, Othmar Seehauser, Gigi Sommese, Flo Smith, Erich Spitaler, K. Stanzel, Kurt Steigerwald, Harald Steinert, Roland Strimmer, Tappeiner, Georg Tappeiner, Kurt Tappeiner, Gotthard Terrabona, Armin Terzer, Hannes Thaler, Karin Thaler, Ludwig Thalheimer, Alessandro Trovati, Christian Tschurtschenthaler, Erich Unterthurner, Peter Vanzo, Thomas Wiedenhofer, Heinz Widmann, Waltner Wirte, Harald Wisthaler, Gionata Xerra, Clemens Zahn, Alex Zambelli, Thomas Zwyssig, Aries Creative, Atesia-Tappeiner, Bar Kegelbahn St. Martin, Bergbahnen Meran 2000, Berglouter, Blue Light Orchestra, Bonata, Brauhotel Martinerhof, Chalet Hafling Leckplatt, Erlebnisfreibad St. Leonhard, Fara Fussball,\u00a0Fotoclub Immagine Merano, Fotopress Arigossi, Flyhirzer, Freiraum, Gix GmbH,\u00a0Golfclub Passeier, Grill-Imbiss Riffl, G\u00fcnthers Skischule, Holzf\u00e4llerteam S\u00fcdtirol, Hotel Unterwirt, IDM S\u00fcdtirol, Iref, Karnutsch G\u00fcnther &amp; Co. OHG, Kellerei Meran Bruggr\u00e4fler, Kellerei Nals Margreid, Meranarena, Lanarepro, Medus, Museum Hinterpasseier, Museum Passeier, Naturbad Gargazon, Netzolutions OHG, Pfandler Alm, Ohnewein, Opas Diandl, Original S\u00fcdtiroler Christkindlm\u00e4rkte, Original S\u00fcdtiroler Spitzbuam, Ortler Skiarena, Pfarrkirche Kuens, Pfarrkirche Maria Himmelfahrt, Pfarrkirche Zum Heiligen Leonard, PUR S\u00fcdtirol, Raiffeisenkasse Passeier Gen., Raiffeisenkasse St. Martin, Roter Rucksack, Schuhplattler Stuls, Schloss Trauttmansdorff, Schnalstaler Gletscherbahn, Sch\u00fcrzenj\u00e4ger, Schwimmbad St. Martin, Seiser Alm, Siek-It UG, Sirio Skyteam, Skilift Pfelders, Skischule Meran 2000, Skischule Pfelders, St. Anna Pfistradalm, Spinnradl, Sportarena St. Leonhard, Stadtgemeinde Meran, Step In, Stettiner Cup by Salewa, Stodlgang, Tandemclub, Tappeiner AG,\u00a0 Texelbahn AG, Therme Meran, The Quarrymen, Touriseum, Traktor Museum, TV Algund, TVB Eisacktal, TVB Hochpustertal, TVB Kronplatz, TV Deutschnonsberg, TV Dorf Tirol, TV Eppan Raiffeisen, TV Hafling-V\u00f6ran-Meran2000, TV Lana und Umgebung, TV Marling, TV Nals, TV Naturns-Plaus, TV Partschins-Rabland-T\u00f6ll, TV Passeiertal, TV Schenna, TV Schnalstal, TV Tisens-Prissian, TV Ultental-Proveis, Ursprung Buam, Vibram,Vinschgau Marketing Marketing, Wezl): www.suedtirol.info, www.merano-suedtirol.it, www.meran.eu<\/li>\n<li><strong>Terme Merano<\/strong> (diverse photographers: Kim Andreolli; Frieder Blickle, Oskar Dariz, DOCsrl, Mario Entero, Marion Gelmini-Tappeiner, Christian Gufler, Marion Lafogler, Manuela Prossliner, Helmuth Rier, Tappeiner, Trend, Gionata Xerra): www.termemerano.it<\/li>\n<li><strong>The Gardens of Trauttmansdorff Castle <\/strong><strong>(<\/strong>Centro di Sperimentazione Agraria e Forestale Laimburg, Flyles Planet, Marion Gelmini, Christian Gufler, Alexander Pircher, Manuela Prossliner, Patrick Schwienbacher Werbefoto Seppi, Spherea3D ltd)<strong>:<\/strong> www.trauttmansdorff.it<\/li>\n<li><strong>Meran Mais Racecource<\/strong> (Foto Press Arigossi): www.meranomaia.it<\/li>\n<li><strong>Meraner Musikwochen Verein:<\/strong> www.meranofestival.com<\/li>\n<li><strong>Vitalis Dr. Joseph:<\/strong> www.vitalis-dr-joseph.com<\/li>\n<li><strong>Daniela Skrzypczak:<\/strong> www.demipress.me<\/li>\n<li><strong>Asfaltart <\/strong>(fotografi diversi: Anna Ferigo, Sandy Kirchlechner, Fabrizio Giusti)\u00a0: www.asfaltart.it<\/li>\n<li><strong>Societ\u00e0 sportiva amatoriale nell\u2019ambito dello sport alpino<\/strong>: www.alpenverein-meran.it<\/li>\n<li><strong>Fotolia:<\/strong> www.fotolia.com<\/li>\n<li><strong>iStockPhoto:<\/strong> www.istockphoto.com<\/li>\n<\/ul>\n<p>Honor to whom honor is due. We love beautiful pictures. And we are happy that we can use so many of them. However, if we unknowingly did not name a writer or photographer here, or if we misassigned him, please note that this was not our intention. Please let us know this immediately, in order that we can correct our mistake. Thank you.<\/p>\n<h3>Link disclaimer:<\/h3>\n<p>P&amp;H Mamagement srl has made every effort to ensure that the information contained in this web site is accurate. However, P&amp;H Management srl makes no warranty, either expressed or implied as to its preciseness, correctness and completeness.<br \/>\nP&amp;H Management is not responsible for the content of external web sites linked to its site by hyperlink.<br \/>\nP&amp;H Management reserves the rights to change and adapt the current content without prior notice.<\/p>\n<h3>Transparent administration<\/h3>\n<p><strong>Information within the meaning of Art. 1, Paragraph 125, of Law No. 124 of August 4, 2017<\/strong><\/p>\n<p>It should be noted that the company did not receive any subsidies, grants or financial benefits from public corporations that exceeded the legally stipulated minimum amount, with the exception of the benefits listed below and those that are required to publish in the &#8220;Registro Nazionale&#8221; in accordance with the applicable statutory provisions degli Aiuti di Stato &#8220;and in the section on transparency to which reference is made, the following are stated:<\/p>\n<p>Year 2023:<br \/>\nRevenue Agency &#8211; Energy Bonus for non-energy-intensive companies \u2013 1\u00b0 Quarter 2023: 9.402,00 \u20ac<br \/>\nRevenue Agency &#8211; Energy Bonus for non-energy-intensive companies \u2013 2\u00b0 Quarter 2023: 2.777,00 \u20ac<\/p>\n<p>Year 2022:<br \/>\nRevenue Agency &#8211; Energy Bonus for non-energy-intensive companies \u2013 2\u00b0 Quarter 2022: 9.064,00 \u20ac<br \/>\nRevenue Agency &#8211; Energy Bonus for non-energy-intensive companies \u2013 3\u00b0 Quarter 2022: 14.277,00 \u20ac<br \/>\nRevenue Agency &#8211; Energy Bonus for non-energy-intensive companies \u2013 October\/November 2022: 10.056,00 \u20ac<br \/>\nRevenue Agency &#8211; Energy Bonus for non-energy-intensive companies \u2013 December 2022: 7.765,00 \u20ac<br \/>\nRevenue Agency &#8211; Tax credit for GIS hotel property tax \u2013 Art. 22 D.L.n. 21\/22: 5.168,00 \u20ac<br \/>\nRevenue Agency &#8211; Tax credit for rent and lease payments \u2013 Art. 5 D.L. n. 4\/22: 87.432,00 \u20ac<br \/>\nProvincia Autonoma di Bolzano &#8211; Covid-19 \/ Ristori loss contribution: 3.999,00 \u20ac<\/p>\n<p>Year 2021:<br \/>\nRevenue Agency &#8211; Covid-19 \/ Ristori loss contribution \/ Art. 1 D.L. n. 41\/21: 55.501,00 \u20ac<br \/>\nRevenue Agency &#8211; Covid-19 \/ Ristori loss contribution \/ Art. 1, c. 1-3, D.L. n. 73\/21: 55.501,00 \u20ac<br \/>\nRevenue Agency &#8211; Covid-19 \/ Ristori loss contribution \/ Art. 1, c. 5-15, D.L. n. 73\/21: 5.278,00 \u20ac<br \/>\nRevenue Agency &#8211; Covid-19 \/ Ristori loss contribution \/ Art. 1, c. 16-27, D.L. n. 73\/21: 41.465,00 \u20ac<br \/>\nMinistero del Turismo &#8211; Covid-19 \/ Ristori loss contribution \/ Art. 6 Decree of 24.08.2021: 100.000,00 \u20ac<br \/>\nMinistero Politiche Agricole &#8211; Covid-19 \/ Ristori loss contribution \/ Art. 58 D.L. n. 104\/20: 8.706,00 \u20ac<br \/>\nRevenue Agency &#8211; Tax credit for \u201eCanone Rai\u201c \u2013 Art. 6, c. 6 D.L. n. 41\/21: 1.018,00 \u20ac<br \/>\nRevenue Agency &#8211; Tax credit for rent and lease payments: 196.956,00 \u20ac<br \/>\nProvincia Autonoma di Bolzano &#8211; Covid-19 contribution: 100.000,00 \u20ac<br \/>\nProvincia Autonoma di Bolzano &#8211; Covid-19 \/ Ristori loss contribution: 11.236,00 \u20ac<br \/>\nCity of Merano &#8211; 1st rate of GIS hotel property tax canceled \u2013 year 2021: 10.337,00 \u20ac<\/p>\n<p>Year 2020:<br \/>\nRevenue Agency &#8211; Cancellation IRAP saldo competence previous year: 24.689,00 \u20ac<br \/>\nRevenue Agency &#8211; Covid-19 \/ Ristori loss contribution: 91.424,00 \u20ac<br \/>\nRevenue Agency &#8211; Tax credit for rent and lease payments: 230.191,00 \u20ac<br \/>\nRevenue Agency &#8211; Tax credit for protective material Covid-19: 2.405,00 \u20ac<br \/>\nCity of Merano &#8211; GIS hotel property tax canceled &#8211; year 2020: 20.674,00 \u20ac<\/p>\n<p>The subsidies received are stated according to the inflow or cash principle. Other grants or financial benefits are recorded according to the competence principle.<\/p>\n<p>Registro Nazionale degli Aiuti di Stato: www.rna.gov.it\/RegistroNazionaleTrasparenza\/faces\/pages\/TrasparenzaAiuto.jspx<\/p>\n<h3>Copyright \u2013 Conditions for use of the material published:<\/h3>\n<p>The content of the P&amp;H Management ltd website is protected by copyright.<br \/>\nWritten permission must be gained in advance from P&amp;H Management before reproducing any of the web site content. This applies particularly to photos, texts and text extracts.<\/p>\n","protected":false},"excerpt":{"rendered":"<p>Publisher and text: P&amp;H Management ltd Via XXX Aprile, 2 39012 Merano I South Tyrol I Italy Tel. +39 0473 448 335 Fax +39 0473 220 544 www.hotelsmerano.it info@hotelsmerano.it Brochure Tax number and number of inscription in the register of companies Bolzano: 02735620219 VAT Reg No: IT02735620219 Joint capital: 11.000 \u20ac, fully payed Nr. REA: [&hellip;]<\/p>\n","protected":false},"author":2,"featured_media":0,"parent":0,"menu_order":0,"comment_status":"closed","ping_status":"closed","template":"","meta":{"_acf_changed":false,"footnotes":""},"class_list":["post-2026","page","type-page","status-publish","hentry"],"acf":[],"yoast_head":"<!-- This site is optimized with the Yoast SEO plugin v26.9 - https:\/\/yoast.com\/product\/yoast-seo-wordpress\/ -->\n<title>P&amp;H Family \u2013 Official Website - Imprint &amp; Credits<\/title>\n<meta name=\"description\" content=\"Imprint: P&amp;H Management ltd I Via XXX Aprile 2 I 39012 Merano I South Tyrol I Italy I Tel. +39 0473 448 335 I Fax +39 0473 220 544 I info@hotelsmerano.it\" \/>\n<meta name=\"robots\" content=\"index, follow, max-snippet:-1, max-image-preview:large, max-video-preview:-1\" \/>\n<meta property=\"og:locale\" content=\"en_GB\" \/>\n<meta property=\"og:type\" content=\"article\" \/>\n<meta property=\"og:title\" content=\"P&amp;H Family \u2013 Official Website - Imprint &amp; Credits\" \/>\n<meta property=\"og:description\" content=\"Imprint: P&amp;H Management ltd I Via XXX Aprile 2 I 39012 Merano I South Tyrol I Italy I Tel. +39 0473 448 335 I Fax +39 0473 220 544 I info@hotelsmerano.it\" \/>\n<meta property=\"og:url\" content=\"https:\/\/www.hotelsmerano.it\/en\/imprint-and-credits\/\" \/>\n<meta property=\"og:site_name\" content=\"P&amp;H Family\" \/>\n<meta property=\"article:modified_time\" content=\"2026-03-31T09:34:32+00:00\" \/>\n<meta name=\"twitter:card\" content=\"summary_large_image\" \/>\n<meta name=\"twitter:label1\" content=\"Estimated reading time\" \/>\n\t<meta name=\"twitter:data1\" content=\"8 minutes\" \/>\n<script type=\"application\/ld+json\" class=\"yoast-schema-graph\">{\"@context\":\"https:\/\/schema.org\",\"@graph\":[{\"@type\":\"WebPage\",\"@id\":\"https:\/\/www.hotelsmerano.it\/en\/imprint-and-credits\/\",\"url\":\"https:\/\/www.hotelsmerano.it\/en\/imprint-and-credits\/\",\"name\":\"P&H Family \u2013 Official Website - Imprint & Credits\",\"isPartOf\":{\"@id\":\"https:\/\/www.hotelsmerano.it\/#website\"},\"datePublished\":\"2017-09-28T15:08:27+00:00\",\"dateModified\":\"2026-03-31T09:34:32+00:00\",\"description\":\"Imprint: P&H Management ltd I Via XXX Aprile 2 I 39012 Merano I South Tyrol I Italy I Tel. +39 0473 448 335 I Fax +39 0473 220 544 I info@hotelsmerano.it\",\"breadcrumb\":{\"@id\":\"https:\/\/www.hotelsmerano.it\/en\/imprint-and-credits\/#breadcrumb\"},\"inLanguage\":\"en-GB\",\"potentialAction\":[{\"@type\":\"ReadAction\",\"target\":[\"https:\/\/www.hotelsmerano.it\/en\/imprint-and-credits\/\"]}]},{\"@type\":\"BreadcrumbList\",\"@id\":\"https:\/\/www.hotelsmerano.it\/en\/imprint-and-credits\/#breadcrumb\",\"itemListElement\":[{\"@type\":\"ListItem\",\"position\":1,\"name\":\"Home\",\"item\":\"https:\/\/www.hotelsmerano.it\/\"},{\"@type\":\"ListItem\",\"position\":2,\"name\":\"Imprint &amp; Credits\"}]},{\"@type\":\"WebSite\",\"@id\":\"https:\/\/www.hotelsmerano.it\/#website\",\"url\":\"https:\/\/www.hotelsmerano.it\/\",\"name\":\"P&amp;H Family\",\"description\":\"\",\"potentialAction\":[{\"@type\":\"SearchAction\",\"target\":{\"@type\":\"EntryPoint\",\"urlTemplate\":\"https:\/\/www.hotelsmerano.it\/?s={search_term_string}\"},\"query-input\":{\"@type\":\"PropertyValueSpecification\",\"valueRequired\":true,\"valueName\":\"search_term_string\"}}],\"inLanguage\":\"en-GB\"}]}<\/script>\n<!-- \/ Yoast SEO plugin. -->","yoast_head_json":{"title":"P&H Family \u2013 Official Website - Imprint & Credits","description":"Imprint: P&H Management ltd I Via XXX Aprile 2 I 39012 Merano I South Tyrol I Italy I Tel. +39 0473 448 335 I Fax +39 0473 220 544 I info@hotelsmerano.it","robots":{"index":"index","follow":"follow","max-snippet":"max-snippet:-1","max-image-preview":"max-image-preview:large","max-video-preview":"max-video-preview:-1"},"og_locale":"en_GB","og_type":"article","og_title":"P&H Family \u2013 Official Website - Imprint & Credits","og_description":"Imprint: P&H Management ltd I Via XXX Aprile 2 I 39012 Merano I South Tyrol I Italy I Tel. +39 0473 448 335 I Fax +39 0473 220 544 I info@hotelsmerano.it","og_url":"https:\/\/www.hotelsmerano.it\/en\/imprint-and-credits\/","og_site_name":"P&amp;H Family","article_modified_time":"2026-03-31T09:34:32+00:00","twitter_card":"summary_large_image","twitter_misc":{"Estimated reading time":"8 minutes"},"schema":{"@context":"https:\/\/schema.org","@graph":[{"@type":"WebPage","@id":"https:\/\/www.hotelsmerano.it\/en\/imprint-and-credits\/","url":"https:\/\/www.hotelsmerano.it\/en\/imprint-and-credits\/","name":"P&H Family \u2013 Official Website - Imprint & Credits","isPartOf":{"@id":"https:\/\/www.hotelsmerano.it\/#website"},"datePublished":"2017-09-28T15:08:27+00:00","dateModified":"2026-03-31T09:34:32+00:00","description":"Imprint: P&H Management ltd I Via XXX Aprile 2 I 39012 Merano I South Tyrol I Italy I Tel. +39 0473 448 335 I Fax +39 0473 220 544 I info@hotelsmerano.it","breadcrumb":{"@id":"https:\/\/www.hotelsmerano.it\/en\/imprint-and-credits\/#breadcrumb"},"inLanguage":"en-GB","potentialAction":[{"@type":"ReadAction","target":["https:\/\/www.hotelsmerano.it\/en\/imprint-and-credits\/"]}]},{"@type":"BreadcrumbList","@id":"https:\/\/www.hotelsmerano.it\/en\/imprint-and-credits\/#breadcrumb","itemListElement":[{"@type":"ListItem","position":1,"name":"Home","item":"https:\/\/www.hotelsmerano.it\/"},{"@type":"ListItem","position":2,"name":"Imprint &amp; Credits"}]},{"@type":"WebSite","@id":"https:\/\/www.hotelsmerano.it\/#website","url":"https:\/\/www.hotelsmerano.it\/","name":"P&amp;H Family","description":"","potentialAction":[{"@type":"SearchAction","target":{"@type":"EntryPoint","urlTemplate":"https:\/\/www.hotelsmerano.it\/?s={search_term_string}"},"query-input":{"@type":"PropertyValueSpecification","valueRequired":true,"valueName":"search_term_string"}}],"inLanguage":"en-GB"}]}},"_links":{"self":[{"href":"https:\/\/www.hotelsmerano.it\/en\/wp-json\/wp\/v2\/pages\/2026","targetHints":{"allow":["GET"]}}],"collection":[{"href":"https:\/\/www.hotelsmerano.it\/en\/wp-json\/wp\/v2\/pages"}],"about":[{"href":"https:\/\/www.hotelsmerano.it\/en\/wp-json\/wp\/v2\/types\/page"}],"author":[{"embeddable":true,"href":"https:\/\/www.hotelsmerano.it\/en\/wp-json\/wp\/v2\/users\/2"}],"replies":[{"embeddable":true,"href":"https:\/\/www.hotelsmerano.it\/en\/wp-json\/wp\/v2\/comments?post=2026"}],"version-history":[{"count":0,"href":"https:\/\/www.hotelsmerano.it\/en\/wp-json\/wp\/v2\/pages\/2026\/revisions"}],"wp:attachment":[{"href":"https:\/\/www.hotelsmerano.it\/en\/wp-json\/wp\/v2\/media?parent=2026"}],"curies":[{"name":"wp","href":"https:\/\/api.w.org\/{rel}","templated":true}]}}