{"id":15839,"date":"2024-05-01T08:51:02","date_gmt":"2024-05-01T06:51:02","guid":{"rendered":"https:\/\/www.hotelsmerano.it\/?page_id=15839"},"modified":"2025-07-15T08:06:39","modified_gmt":"2025-07-15T06:06:39","slug":"arrival-by-bus","status":"publish","type":"page","link":"https:\/\/www.hotelsmerano.it\/en\/journey\/arrival-by-bus\/","title":{"rendered":"Arrival by BUS"},"content":{"rendered":"<p>Indulge in <strong>a relaxed holiday beginning with a comfortable journey<\/strong>. Opt for the hassle-free travel option that suits you best.<\/p>\n<p>Travel directly to Meran in cozy buses, offering a seamless trip without any disruptions. Embrace relaxation from the moment you set off.<\/p>\n<p>And when you arrive in Merano, you will receive the <a href=\"https:\/\/www.hotelsmerano.it\/en\/merano\/visit-explore\/experience-south-tyrol-car-free\/\" target=\"_blank\" rel=\"noopener\">S\u00fcdtirol Alto Adige Guest Pass<\/a> included in our <strong>sustainability fee. <\/strong>With this pass, you can <strong>access all local public transportation<\/strong> in the region at no cost. This includes buses to M\u00fcstair, regional trains to Trento, cable cars to V\u00f6ran, M\u00f6lten, Kohlern, and Ritten, as well as the Ritten narrow-gauge railway and Mendel funicular.<\/p>\n<h2>Your connections:<\/h2>\n<p><strong>From whole Europe:<\/strong><br \/>\n<a href=\"https:\/\/global.flixbus.com\/\" target=\"_blank\" rel=\"noopener\">www.global.flixbus.com<\/a><\/p>\n<p><strong>From Munich:<\/strong><br \/>\n<a title=\"Busreservierung Meraner Land Express\" href=\"https:\/\/www.merano-suedtirol.it\/en\/merano\/info-service\/information\/reach-south-tyrol\/reach-south-tyrol-by-bus\/meraner-land-express-booking.html\" target=\"_blank\" rel=\"noopener\">Meraner Land Express<\/a> (every Wednesday and Sunday from March to November)<\/p>\n<p><strong>From Switzerland:<\/strong><br \/>\n<a href=\"http:\/\/www.suedtirolexpress.ch\" target=\"_blank\" rel=\"noopener\">www.suedtirolexpress.ch<\/a><\/p>\n<h2>Details<\/h2>\n<ul>\n<li>Book <a href=\"https:\/\/www.suedtiroltransfer.com\/en\" target=\"_blank\" rel=\"noopener\">the transfer to your hotel<\/a> conveniently online<\/li>\n<li>Stay mobile in Meran with a <a href=\"https:\/\/www.hotelsmerano.it\/en\/merano\/nature-and-sports\/free-bike-rental\/\" target=\"_blank\" rel=\"noopener\">free bike!<\/a><\/li>\n<li>Get <a href=\"https:\/\/www.merano-suedtirol.it\/en\/merano\/info-service\/information\/reach-south-tyrol\/reach-south-tyrol-by-bus.html\" target=\"_blank\" rel=\"noopener\">even more details<\/a> about arriving by bus here\u2026<\/li>\n<\/ul>\n","protected":false},"excerpt":{"rendered":"<p>Indulge in a relaxed holiday beginning with a comfortable journey. Opt for the hassle-free travel option that suits you best. Travel directly to Meran in cozy buses, offering a seamless trip without any disruptions. Embrace relaxation from the moment you set off. And when you arrive in Merano, you will receive the S\u00fcdtirol Alto Adige [&hellip;]<\/p>\n","protected":false},"author":5,"featured_media":15744,"parent":15818,"menu_order":0,"comment_status":"closed","ping_status":"closed","template":"","meta":{"_acf_changed":false,"footnotes":""},"class_list":["post-15839","page","type-page","status-publish","has-post-thumbnail","hentry"],"acf":[],"yoast_head":"<!-- This site is optimized with the Yoast SEO plugin v26.9 - https:\/\/yoast.com\/product\/yoast-seo-wordpress\/ -->\n<title>Arrival by BUS - P&amp;H Family<\/title>\n<meta name=\"robots\" content=\"index, follow, max-snippet:-1, max-image-preview:large, max-video-preview:-1\" \/>\n<meta property=\"og:locale\" content=\"en_GB\" \/>\n<meta property=\"og:type\" content=\"article\" \/>\n<meta property=\"og:title\" content=\"Arrival by BUS - P&amp;H Family\" \/>\n<meta property=\"og:description\" content=\"Indulge in a relaxed holiday beginning with a comfortable journey. Opt for the hassle-free travel option that suits you best. Travel directly to Meran in cozy buses, offering a seamless trip without any disruptions. Embrace relaxation from the moment you set off. And when you arrive in Merano, you will receive the S\u00fcdtirol Alto Adige [&hellip;]\" \/>\n<meta property=\"og:url\" content=\"https:\/\/www.hotelsmerano.it\/en\/journey\/arrival-by-bus\/\" \/>\n<meta property=\"og:site_name\" content=\"P&amp;H Family\" \/>\n<meta property=\"article:modified_time\" content=\"2025-07-15T06:06:39+00:00\" \/>\n<meta property=\"og:image\" content=\"https:\/\/www.hotelsmerano.it\/wp-content\/uploads\/2024\/04\/Italien-Trentino_Suedtirol_Alto_Adige_Merano_Meran_Mobilitat_Bus_IDM_Sudtirol_Marketing_Nachhaltigigkeit_0P4A3935-IvanBortondello.jpg\" \/>\n\t<meta property=\"og:image:width\" content=\"2250\" \/>\n\t<meta property=\"og:image:height\" content=\"1000\" \/>\n\t<meta property=\"og:image:type\" content=\"image\/jpeg\" \/>\n<meta name=\"twitter:card\" content=\"summary_large_image\" \/>\n<meta name=\"twitter:label1\" content=\"Estimated reading time\" \/>\n\t<meta name=\"twitter:data1\" content=\"2 minutes\" \/>\n<script type=\"application\/ld+json\" class=\"yoast-schema-graph\">{\"@context\":\"https:\/\/schema.org\",\"@graph\":[{\"@type\":\"WebPage\",\"@id\":\"https:\/\/www.hotelsmerano.it\/en\/journey\/arrival-by-bus\/\",\"url\":\"https:\/\/www.hotelsmerano.it\/en\/journey\/arrival-by-bus\/\",\"name\":\"Arrival by BUS - P&amp;H Family\",\"isPartOf\":{\"@id\":\"https:\/\/www.hotelsmerano.it\/#website\"},\"primaryImageOfPage\":{\"@id\":\"https:\/\/www.hotelsmerano.it\/en\/journey\/arrival-by-bus\/#primaryimage\"},\"image\":{\"@id\":\"https:\/\/www.hotelsmerano.it\/en\/journey\/arrival-by-bus\/#primaryimage\"},\"thumbnailUrl\":\"https:\/\/www.hotelsmerano.it\/wp-content\/uploads\/2024\/04\/Italien-Trentino_Suedtirol_Alto_Adige_Merano_Meran_Mobilitat_Bus_IDM_Sudtirol_Marketing_Nachhaltigigkeit_0P4A3935-IvanBortondello.jpg\",\"datePublished\":\"2024-05-01T06:51:02+00:00\",\"dateModified\":\"2025-07-15T06:06:39+00:00\",\"breadcrumb\":{\"@id\":\"https:\/\/www.hotelsmerano.it\/en\/journey\/arrival-by-bus\/#breadcrumb\"},\"inLanguage\":\"en-GB\",\"potentialAction\":[{\"@type\":\"ReadAction\",\"target\":[\"https:\/\/www.hotelsmerano.it\/en\/journey\/arrival-by-bus\/\"]}]},{\"@type\":\"ImageObject\",\"inLanguage\":\"en-GB\",\"@id\":\"https:\/\/www.hotelsmerano.it\/en\/journey\/arrival-by-bus\/#primaryimage\",\"url\":\"https:\/\/www.hotelsmerano.it\/wp-content\/uploads\/2024\/04\/Italien-Trentino_Suedtirol_Alto_Adige_Merano_Meran_Mobilitat_Bus_IDM_Sudtirol_Marketing_Nachhaltigigkeit_0P4A3935-IvanBortondello.jpg\",\"contentUrl\":\"https:\/\/www.hotelsmerano.it\/wp-content\/uploads\/2024\/04\/Italien-Trentino_Suedtirol_Alto_Adige_Merano_Meran_Mobilitat_Bus_IDM_Sudtirol_Marketing_Nachhaltigigkeit_0P4A3935-IvanBortondello.jpg\",\"width\":2250,\"height\":1000},{\"@type\":\"BreadcrumbList\",\"@id\":\"https:\/\/www.hotelsmerano.it\/en\/journey\/arrival-by-bus\/#breadcrumb\",\"itemListElement\":[{\"@type\":\"ListItem\",\"position\":1,\"name\":\"Home\",\"item\":\"https:\/\/www.hotelsmerano.it\/\"},{\"@type\":\"ListItem\",\"position\":2,\"name\":\"Journey\",\"item\":\"https:\/\/www.hotelsmerano.it\/en\/journey\/\"},{\"@type\":\"ListItem\",\"position\":3,\"name\":\"Arrival by BUS\"}]},{\"@type\":\"WebSite\",\"@id\":\"https:\/\/www.hotelsmerano.it\/#website\",\"url\":\"https:\/\/www.hotelsmerano.it\/\",\"name\":\"P&amp;H Family\",\"description\":\"\",\"potentialAction\":[{\"@type\":\"SearchAction\",\"target\":{\"@type\":\"EntryPoint\",\"urlTemplate\":\"https:\/\/www.hotelsmerano.it\/?s={search_term_string}\"},\"query-input\":{\"@type\":\"PropertyValueSpecification\",\"valueRequired\":true,\"valueName\":\"search_term_string\"}}],\"inLanguage\":\"en-GB\"}]}<\/script>\n<!-- \/ Yoast SEO plugin. -->","yoast_head_json":{"title":"Arrival by BUS - P&amp;H Family","robots":{"index":"index","follow":"follow","max-snippet":"max-snippet:-1","max-image-preview":"max-image-preview:large","max-video-preview":"max-video-preview:-1"},"og_locale":"en_GB","og_type":"article","og_title":"Arrival by BUS - P&amp;H Family","og_description":"Indulge in a relaxed holiday beginning with a comfortable journey. Opt for the hassle-free travel option that suits you best. Travel directly to Meran in cozy buses, offering a seamless trip without any disruptions. Embrace relaxation from the moment you set off. And when you arrive in Merano, you will receive the S\u00fcdtirol Alto Adige [&hellip;]","og_url":"https:\/\/www.hotelsmerano.it\/en\/journey\/arrival-by-bus\/","og_site_name":"P&amp;H Family","article_modified_time":"2025-07-15T06:06:39+00:00","og_image":[{"width":2250,"height":1000,"url":"https:\/\/www.hotelsmerano.it\/wp-content\/uploads\/2024\/04\/Italien-Trentino_Suedtirol_Alto_Adige_Merano_Meran_Mobilitat_Bus_IDM_Sudtirol_Marketing_Nachhaltigigkeit_0P4A3935-IvanBortondello.jpg","type":"image\/jpeg"}],"twitter_card":"summary_large_image","twitter_misc":{"Estimated reading time":"2 minutes"},"schema":{"@context":"https:\/\/schema.org","@graph":[{"@type":"WebPage","@id":"https:\/\/www.hotelsmerano.it\/en\/journey\/arrival-by-bus\/","url":"https:\/\/www.hotelsmerano.it\/en\/journey\/arrival-by-bus\/","name":"Arrival by BUS - P&amp;H Family","isPartOf":{"@id":"https:\/\/www.hotelsmerano.it\/#website"},"primaryImageOfPage":{"@id":"https:\/\/www.hotelsmerano.it\/en\/journey\/arrival-by-bus\/#primaryimage"},"image":{"@id":"https:\/\/www.hotelsmerano.it\/en\/journey\/arrival-by-bus\/#primaryimage"},"thumbnailUrl":"https:\/\/www.hotelsmerano.it\/wp-content\/uploads\/2024\/04\/Italien-Trentino_Suedtirol_Alto_Adige_Merano_Meran_Mobilitat_Bus_IDM_Sudtirol_Marketing_Nachhaltigigkeit_0P4A3935-IvanBortondello.jpg","datePublished":"2024-05-01T06:51:02+00:00","dateModified":"2025-07-15T06:06:39+00:00","breadcrumb":{"@id":"https:\/\/www.hotelsmerano.it\/en\/journey\/arrival-by-bus\/#breadcrumb"},"inLanguage":"en-GB","potentialAction":[{"@type":"ReadAction","target":["https:\/\/www.hotelsmerano.it\/en\/journey\/arrival-by-bus\/"]}]},{"@type":"ImageObject","inLanguage":"en-GB","@id":"https:\/\/www.hotelsmerano.it\/en\/journey\/arrival-by-bus\/#primaryimage","url":"https:\/\/www.hotelsmerano.it\/wp-content\/uploads\/2024\/04\/Italien-Trentino_Suedtirol_Alto_Adige_Merano_Meran_Mobilitat_Bus_IDM_Sudtirol_Marketing_Nachhaltigigkeit_0P4A3935-IvanBortondello.jpg","contentUrl":"https:\/\/www.hotelsmerano.it\/wp-content\/uploads\/2024\/04\/Italien-Trentino_Suedtirol_Alto_Adige_Merano_Meran_Mobilitat_Bus_IDM_Sudtirol_Marketing_Nachhaltigigkeit_0P4A3935-IvanBortondello.jpg","width":2250,"height":1000},{"@type":"BreadcrumbList","@id":"https:\/\/www.hotelsmerano.it\/en\/journey\/arrival-by-bus\/#breadcrumb","itemListElement":[{"@type":"ListItem","position":1,"name":"Home","item":"https:\/\/www.hotelsmerano.it\/"},{"@type":"ListItem","position":2,"name":"Journey","item":"https:\/\/www.hotelsmerano.it\/en\/journey\/"},{"@type":"ListItem","position":3,"name":"Arrival by BUS"}]},{"@type":"WebSite","@id":"https:\/\/www.hotelsmerano.it\/#website","url":"https:\/\/www.hotelsmerano.it\/","name":"P&amp;H Family","description":"","potentialAction":[{"@type":"SearchAction","target":{"@type":"EntryPoint","urlTemplate":"https:\/\/www.hotelsmerano.it\/?s={search_term_string}"},"query-input":{"@type":"PropertyValueSpecification","valueRequired":true,"valueName":"search_term_string"}}],"inLanguage":"en-GB"}]}},"_links":{"self":[{"href":"https:\/\/www.hotelsmerano.it\/en\/wp-json\/wp\/v2\/pages\/15839","targetHints":{"allow":["GET"]}}],"collection":[{"href":"https:\/\/www.hotelsmerano.it\/en\/wp-json\/wp\/v2\/pages"}],"about":[{"href":"https:\/\/www.hotelsmerano.it\/en\/wp-json\/wp\/v2\/types\/page"}],"author":[{"embeddable":true,"href":"https:\/\/www.hotelsmerano.it\/en\/wp-json\/wp\/v2\/users\/5"}],"replies":[{"embeddable":true,"href":"https:\/\/www.hotelsmerano.it\/en\/wp-json\/wp\/v2\/comments?post=15839"}],"version-history":[{"count":0,"href":"https:\/\/www.hotelsmerano.it\/en\/wp-json\/wp\/v2\/pages\/15839\/revisions"}],"up":[{"embeddable":true,"href":"https:\/\/www.hotelsmerano.it\/en\/wp-json\/wp\/v2\/pages\/15818"}],"wp:featuredmedia":[{"embeddable":true,"href":"https:\/\/www.hotelsmerano.it\/en\/wp-json\/wp\/v2\/media\/15744"}],"wp:attachment":[{"href":"https:\/\/www.hotelsmerano.it\/en\/wp-json\/wp\/v2\/media?parent=15839"}],"curies":[{"name":"wp","href":"https:\/\/api.w.org\/{rel}","templated":true}]}}