{"id":15818,"date":"2024-04-26T10:29:45","date_gmt":"2024-04-26T08:29:45","guid":{"rendered":"https:\/\/www.hotelsmerano.it\/?page_id=15818"},"modified":"2024-05-06T09:18:49","modified_gmt":"2024-05-06T07:18:49","slug":"journey","status":"publish","type":"page","link":"https:\/\/www.hotelsmerano.it\/en\/journey\/","title":{"rendered":"Journey"},"content":{"rendered":"<p>Plan your vacation efficiently with <strong>the optimal transportation solution<\/strong> for a seamless journey. Whether traveling by train, bus, plane, or car, you will discover the best option for your trip.<\/p>\n<p>Make use of the <a href=\"https:\/\/www.hotelsmerano.it\/en\/merano\/visit-explore\/experience-south-tyrol-car-free\/\" target=\"_blank\" rel=\"noopener\">S\u00fcdtirol Alto Adige Guest Pass<\/a> included in our <strong>sustainability and mobility fee.<\/strong> With this pass, you can <strong>access all local public transportation<\/strong> in the region at no cost. This includes buses to M\u00fcstair, regional trains to Trento, cable cars to V\u00f6ran, M\u00f6lten, Kohlern, and Ritten, as well as the Ritten narrow-gauge railway and Mendel funicular.<\/p>\n<p>In this way you can <strong>reach Meran faster, more comfortably,<\/strong> affordably, and sustainably.<\/p>\n","protected":false},"excerpt":{"rendered":"<p>Plan your vacation efficiently with the optimal transportation solution for a seamless journey. Whether traveling by train, bus, plane, or car, you will discover the best option for your trip. Make use of the S\u00fcdtirol Alto Adige Guest Pass included in our sustainability and mobility fee. With this pass, you can access all local public [&hellip;]<\/p>\n","protected":false},"author":5,"featured_media":15780,"parent":0,"menu_order":0,"comment_status":"closed","ping_status":"closed","template":"page-landing.php","meta":{"_acf_changed":false,"footnotes":""},"class_list":["post-15818","page","type-page","status-publish","has-post-thumbnail","hentry"],"acf":[],"yoast_head":"<!-- This site is optimized with the Yoast SEO plugin v26.9 - https:\/\/yoast.com\/product\/yoast-seo-wordpress\/ -->\n<title>Journey - P&amp;H Family<\/title>\n<meta name=\"robots\" content=\"index, follow, max-snippet:-1, max-image-preview:large, max-video-preview:-1\" \/>\n<meta property=\"og:locale\" content=\"en_GB\" \/>\n<meta property=\"og:type\" content=\"article\" \/>\n<meta property=\"og:title\" content=\"Journey - P&amp;H Family\" \/>\n<meta property=\"og:description\" content=\"Plan your vacation efficiently with the optimal transportation solution for a seamless journey. Whether traveling by train, bus, plane, or car, you will discover the best option for your trip. Make use of the S\u00fcdtirol Alto Adige Guest Pass included in our sustainability and mobility fee. With this pass, you can access all local public [&hellip;]\" \/>\n<meta property=\"og:url\" content=\"https:\/\/www.hotelsmerano.it\/en\/journey\/\" \/>\n<meta property=\"og:site_name\" content=\"P&amp;H Family\" \/>\n<meta property=\"article:modified_time\" content=\"2024-05-06T07:18:49+00:00\" \/>\n<meta property=\"og:image\" content=\"https:\/\/www.hotelsmerano.it\/wp-content\/uploads\/2024\/04\/Italien-Trentino_Suedtirol_Alto_Adige_Merano_Meran_Mobilitat_Zug_IDM_Sudtirol_Marketing_Nachhaltigigkeit_MT14783.jpg\" \/>\n\t<meta property=\"og:image:width\" content=\"2250\" \/>\n\t<meta property=\"og:image:height\" content=\"1000\" \/>\n\t<meta property=\"og:image:type\" content=\"image\/jpeg\" \/>\n<meta name=\"twitter:card\" content=\"summary_large_image\" \/>\n<meta name=\"twitter:label1\" content=\"Estimated reading time\" \/>\n\t<meta name=\"twitter:data1\" content=\"1 minute\" \/>\n<script type=\"application\/ld+json\" class=\"yoast-schema-graph\">{\"@context\":\"https:\/\/schema.org\",\"@graph\":[{\"@type\":\"WebPage\",\"@id\":\"https:\/\/www.hotelsmerano.it\/en\/journey\/\",\"url\":\"https:\/\/www.hotelsmerano.it\/en\/journey\/\",\"name\":\"Journey - P&amp;H Family\",\"isPartOf\":{\"@id\":\"https:\/\/www.hotelsmerano.it\/#website\"},\"primaryImageOfPage\":{\"@id\":\"https:\/\/www.hotelsmerano.it\/en\/journey\/#primaryimage\"},\"image\":{\"@id\":\"https:\/\/www.hotelsmerano.it\/en\/journey\/#primaryimage\"},\"thumbnailUrl\":\"https:\/\/www.hotelsmerano.it\/wp-content\/uploads\/2024\/04\/Italien-Trentino_Suedtirol_Alto_Adige_Merano_Meran_Mobilitat_Zug_IDM_Sudtirol_Marketing_Nachhaltigigkeit_MT14783.jpg\",\"datePublished\":\"2024-04-26T08:29:45+00:00\",\"dateModified\":\"2024-05-06T07:18:49+00:00\",\"breadcrumb\":{\"@id\":\"https:\/\/www.hotelsmerano.it\/en\/journey\/#breadcrumb\"},\"inLanguage\":\"en-GB\",\"potentialAction\":[{\"@type\":\"ReadAction\",\"target\":[\"https:\/\/www.hotelsmerano.it\/en\/journey\/\"]}]},{\"@type\":\"ImageObject\",\"inLanguage\":\"en-GB\",\"@id\":\"https:\/\/www.hotelsmerano.it\/en\/journey\/#primaryimage\",\"url\":\"https:\/\/www.hotelsmerano.it\/wp-content\/uploads\/2024\/04\/Italien-Trentino_Suedtirol_Alto_Adige_Merano_Meran_Mobilitat_Zug_IDM_Sudtirol_Marketing_Nachhaltigigkeit_MT14783.jpg\",\"contentUrl\":\"https:\/\/www.hotelsmerano.it\/wp-content\/uploads\/2024\/04\/Italien-Trentino_Suedtirol_Alto_Adige_Merano_Meran_Mobilitat_Zug_IDM_Sudtirol_Marketing_Nachhaltigigkeit_MT14783.jpg\",\"width\":2250,\"height\":1000},{\"@type\":\"BreadcrumbList\",\"@id\":\"https:\/\/www.hotelsmerano.it\/en\/journey\/#breadcrumb\",\"itemListElement\":[{\"@type\":\"ListItem\",\"position\":1,\"name\":\"Home\",\"item\":\"https:\/\/www.hotelsmerano.it\/\"},{\"@type\":\"ListItem\",\"position\":2,\"name\":\"Journey\"}]},{\"@type\":\"WebSite\",\"@id\":\"https:\/\/www.hotelsmerano.it\/#website\",\"url\":\"https:\/\/www.hotelsmerano.it\/\",\"name\":\"P&amp;H Family\",\"description\":\"\",\"potentialAction\":[{\"@type\":\"SearchAction\",\"target\":{\"@type\":\"EntryPoint\",\"urlTemplate\":\"https:\/\/www.hotelsmerano.it\/?s={search_term_string}\"},\"query-input\":{\"@type\":\"PropertyValueSpecification\",\"valueRequired\":true,\"valueName\":\"search_term_string\"}}],\"inLanguage\":\"en-GB\"}]}<\/script>\n<!-- \/ Yoast SEO plugin. -->","yoast_head_json":{"title":"Journey - P&amp;H Family","robots":{"index":"index","follow":"follow","max-snippet":"max-snippet:-1","max-image-preview":"max-image-preview:large","max-video-preview":"max-video-preview:-1"},"og_locale":"en_GB","og_type":"article","og_title":"Journey - P&amp;H Family","og_description":"Plan your vacation efficiently with the optimal transportation solution for a seamless journey. Whether traveling by train, bus, plane, or car, you will discover the best option for your trip. Make use of the S\u00fcdtirol Alto Adige Guest Pass included in our sustainability and mobility fee. With this pass, you can access all local public [&hellip;]","og_url":"https:\/\/www.hotelsmerano.it\/en\/journey\/","og_site_name":"P&amp;H Family","article_modified_time":"2024-05-06T07:18:49+00:00","og_image":[{"width":2250,"height":1000,"url":"https:\/\/www.hotelsmerano.it\/wp-content\/uploads\/2024\/04\/Italien-Trentino_Suedtirol_Alto_Adige_Merano_Meran_Mobilitat_Zug_IDM_Sudtirol_Marketing_Nachhaltigigkeit_MT14783.jpg","type":"image\/jpeg"}],"twitter_card":"summary_large_image","twitter_misc":{"Estimated reading time":"1 minute"},"schema":{"@context":"https:\/\/schema.org","@graph":[{"@type":"WebPage","@id":"https:\/\/www.hotelsmerano.it\/en\/journey\/","url":"https:\/\/www.hotelsmerano.it\/en\/journey\/","name":"Journey - P&amp;H Family","isPartOf":{"@id":"https:\/\/www.hotelsmerano.it\/#website"},"primaryImageOfPage":{"@id":"https:\/\/www.hotelsmerano.it\/en\/journey\/#primaryimage"},"image":{"@id":"https:\/\/www.hotelsmerano.it\/en\/journey\/#primaryimage"},"thumbnailUrl":"https:\/\/www.hotelsmerano.it\/wp-content\/uploads\/2024\/04\/Italien-Trentino_Suedtirol_Alto_Adige_Merano_Meran_Mobilitat_Zug_IDM_Sudtirol_Marketing_Nachhaltigigkeit_MT14783.jpg","datePublished":"2024-04-26T08:29:45+00:00","dateModified":"2024-05-06T07:18:49+00:00","breadcrumb":{"@id":"https:\/\/www.hotelsmerano.it\/en\/journey\/#breadcrumb"},"inLanguage":"en-GB","potentialAction":[{"@type":"ReadAction","target":["https:\/\/www.hotelsmerano.it\/en\/journey\/"]}]},{"@type":"ImageObject","inLanguage":"en-GB","@id":"https:\/\/www.hotelsmerano.it\/en\/journey\/#primaryimage","url":"https:\/\/www.hotelsmerano.it\/wp-content\/uploads\/2024\/04\/Italien-Trentino_Suedtirol_Alto_Adige_Merano_Meran_Mobilitat_Zug_IDM_Sudtirol_Marketing_Nachhaltigigkeit_MT14783.jpg","contentUrl":"https:\/\/www.hotelsmerano.it\/wp-content\/uploads\/2024\/04\/Italien-Trentino_Suedtirol_Alto_Adige_Merano_Meran_Mobilitat_Zug_IDM_Sudtirol_Marketing_Nachhaltigigkeit_MT14783.jpg","width":2250,"height":1000},{"@type":"BreadcrumbList","@id":"https:\/\/www.hotelsmerano.it\/en\/journey\/#breadcrumb","itemListElement":[{"@type":"ListItem","position":1,"name":"Home","item":"https:\/\/www.hotelsmerano.it\/"},{"@type":"ListItem","position":2,"name":"Journey"}]},{"@type":"WebSite","@id":"https:\/\/www.hotelsmerano.it\/#website","url":"https:\/\/www.hotelsmerano.it\/","name":"P&amp;H Family","description":"","potentialAction":[{"@type":"SearchAction","target":{"@type":"EntryPoint","urlTemplate":"https:\/\/www.hotelsmerano.it\/?s={search_term_string}"},"query-input":{"@type":"PropertyValueSpecification","valueRequired":true,"valueName":"search_term_string"}}],"inLanguage":"en-GB"}]}},"_links":{"self":[{"href":"https:\/\/www.hotelsmerano.it\/en\/wp-json\/wp\/v2\/pages\/15818","targetHints":{"allow":["GET"]}}],"collection":[{"href":"https:\/\/www.hotelsmerano.it\/en\/wp-json\/wp\/v2\/pages"}],"about":[{"href":"https:\/\/www.hotelsmerano.it\/en\/wp-json\/wp\/v2\/types\/page"}],"author":[{"embeddable":true,"href":"https:\/\/www.hotelsmerano.it\/en\/wp-json\/wp\/v2\/users\/5"}],"replies":[{"embeddable":true,"href":"https:\/\/www.hotelsmerano.it\/en\/wp-json\/wp\/v2\/comments?post=15818"}],"version-history":[{"count":0,"href":"https:\/\/www.hotelsmerano.it\/en\/wp-json\/wp\/v2\/pages\/15818\/revisions"}],"wp:featuredmedia":[{"embeddable":true,"href":"https:\/\/www.hotelsmerano.it\/en\/wp-json\/wp\/v2\/media\/15780"}],"wp:attachment":[{"href":"https:\/\/www.hotelsmerano.it\/en\/wp-json\/wp\/v2\/media?parent=15818"}],"curies":[{"name":"wp","href":"https:\/\/api.w.org\/{rel}","templated":true}]}}