{"id":2673,"date":"2017-11-27T12:36:13","date_gmt":"2017-11-27T11:36:13","guid":{"rendered":"http:\/\/www.hotelsmerano.it\/?page_id=2673"},"modified":"2022-09-19T10:31:48","modified_gmt":"2022-09-19T08:31:48","slug":"die-betriebszweige-der-ph-management-gmbh","status":"publish","type":"page","link":"https:\/\/www.hotelsmerano.it\/de\/die-betriebszweige-der-ph-management-gmbh\/","title":{"rendered":"Unser Unternehmen"},"content":{"rendered":"<p>Stillstand ist nichts f\u00fcr uns. Daf\u00fcr haben wir zu viele neue Ideen und Pl\u00e4ne. Und so sind nicht nur wir unternehmerisch gewachsen, sondern auch unsere Unternehmensgruppe, die P&amp;H Management GmbH, die sich best\u00e4ndig erweitert.<\/p>\n<p>&nbsp;<\/p>\n<h2>Die Unternehmen der P&amp;H Management GmbH<\/h2>\n<p>&nbsp;<\/p>\n<h3>Hotel Villa Laurus<\/h3>\n<p>Ein Traum im Gr\u00fcnen. Eingebettet in das elegante Villenviertel von Meran finden Sie hier vor allem Eines: Ruhe und wunderbare Ausblicke ins Gr\u00fcne. Mit einem vertr\u00e4umten Garten mit Pool, gem\u00fctlichen Zimmern und einer bequem gro\u00dfen Tiefgarage.<\/p>\n<p><strong>Kontakt:<\/strong><br \/>\nHotel Villa Laurus I Lorbeergasse 25 I 39012 Meran I S\u00fcdtirol I Italien<br \/>\nTel. +39 0473 235 539 I <a href=\"mailto:info@villalaurus.it\">info@villalaurus.it<\/a><\/p>\n<p>&nbsp;<\/p>\n<h3>Flora Hotel &amp; Suites<\/h3>\n<p>Das Hotel mit der perfekten Meraner Lage. Ein B&amp;B direkt an der Fu\u00dfg\u00e4ngerzone der Kurpromenade Meran. Sehr ruhig, sehr zentral, sehr gem\u00fctlich. Mit 60 Zimmern und Suiten. Und einem wundervollen Garten mit Freischwimmbad.<\/p>\n<p><strong>Kontakt:<\/strong><br \/>\nFlora Hotel &amp; Suites I XXX-April-Str. 2 I 39012 Meran I S\u00fcdtirol I Italien<br \/>\nTel. +39 0473 448 335 I <a href=\"mailto:info@merano-flora.it\">info@merano-flora.it<\/a><\/p>\n<p>&nbsp;<\/p>\n<h3>City Hotel Meran<\/h3>\n<p>Angesagter Lifestyle in bester Innenstadtlage. Mit allem, was das Herz begehrt: gro\u00dfz\u00fcgige Suiten, hervorragendes Fr\u00fchst\u00fcck, City SPA mit Fitnessraum und kostenlose Tiefgarage.<\/p>\n<p><strong>Kontakt:<\/strong><br \/>\nCity Hotel Meran I Meinhardstr. 41 I 39012 Meran I S\u00fcdtirol I Italien<br \/>\nTel. +39 0473 492 550 I <a href=\"mailto:info@cityhotel-merano.it\">info@cityhotel-merano.it<\/a><\/p>\n<p>&nbsp;<\/p>\n<h3>Wirtschafts- und Steuerberatung DATA\u00a0 CONSULT<\/h3>\n<p>Wirtschaftsberatung, Steuerberatung, Controlling und Buchhaltung. Unter der Leitung von Dr. Stefan Pippi. Qualit\u00e4t und Zuverl\u00e4ssigkeit. Seit 2003.<\/p>\n<p><strong>Kontakt:<\/strong><br \/>\nData Consult KG I Alpinistr. 29 I 39012 Meran I S\u00fcdtirol I Italien<br \/>\nTel. +39 0473 247 183 I <a href=\"mailto:kontakt@dataconsult.info\">kontakt@dataconsult.info<\/a><\/p>\n<p>&nbsp;<\/p>\n<h3>ForWorkers \u2013 Professional Equipment<\/h3>\n<p>Markenprodukte zum Thema Arbeitssicherheit, Brandschutz und Zivilschutz. Dazu individuelle Beratung und fachm\u00e4nnischer Kundendienst mit langj\u00e4hriger Erfahrung. Alles aus einer Hand. Mit L\u00f6sungen, die auf Ihre Anforderungen zugeschnitten sind.<\/p>\n<p><strong>Kontakt:<\/strong><br \/>\nForWorkers I Sch\u00f6nblickstr. 3 I 39012 Meran I S\u00fcdtirol I Italien<br \/>\nTel. +39 347 616 5995 I <a href=\"mailto:info@forworkers.it\">info@forworkers.it<\/a> I www.forworkers.it<\/p>\n<p>&nbsp;<\/p>\n<h3>KUNTERBUNT concerts &amp; more<\/h3>\n<p>Organisation von Events. Konzerte, Theater, Veranstaltungstechnik, Beleuchtung, Ton. Wir r\u00fccken alles in richtige Licht. Und mit uns trifft Ihre Veranstaltung immer den richtigen Ton. Der Partner f\u00fcr Ihr Highlight.<\/p>\n<p><strong>Kontakt:<\/strong><br \/>\nKunterbunt GmbH I Alpinistr. 29 I 39012 Meran I S\u00fcdtirol I Italien<br \/>\nTel. +39 339 196 2791 I <a href=\"mailto:info@kunterbunt.it\">info@kunterbunt.it<\/a> I https:\/\/www.facebook.com\/kunterbuntmeran\/<\/p>\n","protected":false},"excerpt":{"rendered":"<p>Stillstand ist nichts f\u00fcr uns. Daf\u00fcr haben wir zu viele neue Ideen und Pl\u00e4ne. Und so sind nicht nur wir unternehmerisch gewachsen, sondern auch unsere Unternehmensgruppe, die P&amp;H Management GmbH, die sich best\u00e4ndig erweitert. &nbsp; Die Unternehmen der P&amp;H Management GmbH &nbsp; Hotel Villa Laurus Ein Traum im Gr\u00fcnen. Eingebettet in das elegante Villenviertel von [&hellip;]<\/p>\n","protected":false},"author":5,"featured_media":6438,"parent":0,"menu_order":0,"comment_status":"closed","ping_status":"closed","template":"","meta":{"_acf_changed":false,"footnotes":""},"class_list":["post-2673","page","type-page","status-publish","has-post-thumbnail","hentry"],"acf":[],"yoast_head":"<!-- This site is optimized with the Yoast SEO plugin v26.9 - https:\/\/yoast.com\/product\/yoast-seo-wordpress\/ -->\n<title>P&amp;H Family: Die Unternehmen der P&amp;H Management GmbH\u00ae in Meran<\/title>\n<meta name=\"description\" content=\"Die P&amp;H Management GmbH: Villa Laurus, Hotel Flora, City Hotel, Restaurant The Gallery, Kindergarten Playground, Steuerberatung Data Consult, ForWorkers\" \/>\n<meta name=\"robots\" content=\"index, follow, max-snippet:-1, max-image-preview:large, max-video-preview:-1\" \/>\n<meta property=\"og:locale\" content=\"de_DE\" \/>\n<meta property=\"og:type\" content=\"article\" \/>\n<meta property=\"og:title\" content=\"P&amp;H Family: Die Unternehmen der P&amp;H Management GmbH\u00ae in Meran\" \/>\n<meta property=\"og:description\" content=\"Die P&amp;H Management GmbH: Villa Laurus, Hotel Flora, City Hotel, Restaurant The Gallery, Kindergarten Playground, Steuerberatung Data Consult, ForWorkers\" \/>\n<meta property=\"og:url\" content=\"https:\/\/www.hotelsmerano.it\/de\/die-betriebszweige-der-ph-management-gmbh\/\" \/>\n<meta property=\"og:site_name\" content=\"P&amp;H Family\" \/>\n<meta property=\"article:modified_time\" content=\"2022-09-19T08:31:48+00:00\" \/>\n<meta property=\"og:image\" content=\"https:\/\/www.hotelsmerano.it\/wp-content\/uploads\/2017\/12\/PH_Family_Meran_City_Hotel_Merano_Hotel_Flora_PH_Management_GmbH_1_Anguane_2017-4894_2250x1000.jpg\" \/>\n\t<meta property=\"og:image:width\" content=\"2250\" \/>\n\t<meta property=\"og:image:height\" content=\"1000\" \/>\n\t<meta property=\"og:image:type\" content=\"image\/jpeg\" \/>\n<meta name=\"twitter:card\" content=\"summary_large_image\" \/>\n<meta name=\"twitter:label1\" content=\"Gesch\u00e4tzte Lesezeit\" \/>\n\t<meta name=\"twitter:data1\" content=\"2\u00a0Minuten\" \/>\n<script type=\"application\/ld+json\" class=\"yoast-schema-graph\">{\"@context\":\"https:\/\/schema.org\",\"@graph\":[{\"@type\":\"WebPage\",\"@id\":\"https:\/\/www.hotelsmerano.it\/de\/die-betriebszweige-der-ph-management-gmbh\/\",\"url\":\"https:\/\/www.hotelsmerano.it\/de\/die-betriebszweige-der-ph-management-gmbh\/\",\"name\":\"P&H Family: Die Unternehmen der P&H Management GmbH\u00ae in Meran\",\"isPartOf\":{\"@id\":\"https:\/\/www.hotelsmerano.it\/#website\"},\"primaryImageOfPage\":{\"@id\":\"https:\/\/www.hotelsmerano.it\/de\/die-betriebszweige-der-ph-management-gmbh\/#primaryimage\"},\"image\":{\"@id\":\"https:\/\/www.hotelsmerano.it\/de\/die-betriebszweige-der-ph-management-gmbh\/#primaryimage\"},\"thumbnailUrl\":\"https:\/\/www.hotelsmerano.it\/wp-content\/uploads\/2017\/12\/PH_Family_Meran_City_Hotel_Merano_Hotel_Flora_PH_Management_GmbH_1_Anguane_2017-4894_2250x1000.jpg\",\"datePublished\":\"2017-11-27T11:36:13+00:00\",\"dateModified\":\"2022-09-19T08:31:48+00:00\",\"description\":\"Die P&H Management GmbH: Villa Laurus, Hotel Flora, City Hotel, Restaurant The Gallery, Kindergarten Playground, Steuerberatung Data Consult, ForWorkers\",\"breadcrumb\":{\"@id\":\"https:\/\/www.hotelsmerano.it\/de\/die-betriebszweige-der-ph-management-gmbh\/#breadcrumb\"},\"inLanguage\":\"de\",\"potentialAction\":[{\"@type\":\"ReadAction\",\"target\":[\"https:\/\/www.hotelsmerano.it\/de\/die-betriebszweige-der-ph-management-gmbh\/\"]}]},{\"@type\":\"ImageObject\",\"inLanguage\":\"de\",\"@id\":\"https:\/\/www.hotelsmerano.it\/de\/die-betriebszweige-der-ph-management-gmbh\/#primaryimage\",\"url\":\"https:\/\/www.hotelsmerano.it\/wp-content\/uploads\/2017\/12\/PH_Family_Meran_City_Hotel_Merano_Hotel_Flora_PH_Management_GmbH_1_Anguane_2017-4894_2250x1000.jpg\",\"contentUrl\":\"https:\/\/www.hotelsmerano.it\/wp-content\/uploads\/2017\/12\/PH_Family_Meran_City_Hotel_Merano_Hotel_Flora_PH_Management_GmbH_1_Anguane_2017-4894_2250x1000.jpg\",\"width\":2250,\"height\":1000,\"caption\":\"Stillstand ist nichts f\u00fcr uns. Daf\u00fcr haben wir zu viele neue Ideen und Pl\u00e4ne. Alle unter dem Dach von P&amp;H Management. \u00a9Anguane\"},{\"@type\":\"BreadcrumbList\",\"@id\":\"https:\/\/www.hotelsmerano.it\/de\/die-betriebszweige-der-ph-management-gmbh\/#breadcrumb\",\"itemListElement\":[{\"@type\":\"ListItem\",\"position\":1,\"name\":\"Home\",\"item\":\"https:\/\/www.hotelsmerano.it\/\"},{\"@type\":\"ListItem\",\"position\":2,\"name\":\"Unser Unternehmen\"}]},{\"@type\":\"WebSite\",\"@id\":\"https:\/\/www.hotelsmerano.it\/#website\",\"url\":\"https:\/\/www.hotelsmerano.it\/\",\"name\":\"P&amp;H Family\",\"description\":\"\",\"potentialAction\":[{\"@type\":\"SearchAction\",\"target\":{\"@type\":\"EntryPoint\",\"urlTemplate\":\"https:\/\/www.hotelsmerano.it\/?s={search_term_string}\"},\"query-input\":{\"@type\":\"PropertyValueSpecification\",\"valueRequired\":true,\"valueName\":\"search_term_string\"}}],\"inLanguage\":\"de\"}]}<\/script>\n<!-- \/ Yoast SEO plugin. -->","yoast_head_json":{"title":"P&H Family: Die Unternehmen der P&H Management GmbH\u00ae in Meran","description":"Die P&H Management GmbH: Villa Laurus, Hotel Flora, City Hotel, Restaurant The Gallery, Kindergarten Playground, Steuerberatung Data Consult, ForWorkers","robots":{"index":"index","follow":"follow","max-snippet":"max-snippet:-1","max-image-preview":"max-image-preview:large","max-video-preview":"max-video-preview:-1"},"og_locale":"de_DE","og_type":"article","og_title":"P&H Family: Die Unternehmen der P&H Management GmbH\u00ae in Meran","og_description":"Die P&H Management GmbH: Villa Laurus, Hotel Flora, City Hotel, Restaurant The Gallery, Kindergarten Playground, Steuerberatung Data Consult, ForWorkers","og_url":"https:\/\/www.hotelsmerano.it\/de\/die-betriebszweige-der-ph-management-gmbh\/","og_site_name":"P&amp;H Family","article_modified_time":"2022-09-19T08:31:48+00:00","og_image":[{"width":2250,"height":1000,"url":"https:\/\/www.hotelsmerano.it\/wp-content\/uploads\/2017\/12\/PH_Family_Meran_City_Hotel_Merano_Hotel_Flora_PH_Management_GmbH_1_Anguane_2017-4894_2250x1000.jpg","type":"image\/jpeg"}],"twitter_card":"summary_large_image","twitter_misc":{"Gesch\u00e4tzte Lesezeit":"2\u00a0Minuten"},"schema":{"@context":"https:\/\/schema.org","@graph":[{"@type":"WebPage","@id":"https:\/\/www.hotelsmerano.it\/de\/die-betriebszweige-der-ph-management-gmbh\/","url":"https:\/\/www.hotelsmerano.it\/de\/die-betriebszweige-der-ph-management-gmbh\/","name":"P&H Family: Die Unternehmen der P&H Management GmbH\u00ae in Meran","isPartOf":{"@id":"https:\/\/www.hotelsmerano.it\/#website"},"primaryImageOfPage":{"@id":"https:\/\/www.hotelsmerano.it\/de\/die-betriebszweige-der-ph-management-gmbh\/#primaryimage"},"image":{"@id":"https:\/\/www.hotelsmerano.it\/de\/die-betriebszweige-der-ph-management-gmbh\/#primaryimage"},"thumbnailUrl":"https:\/\/www.hotelsmerano.it\/wp-content\/uploads\/2017\/12\/PH_Family_Meran_City_Hotel_Merano_Hotel_Flora_PH_Management_GmbH_1_Anguane_2017-4894_2250x1000.jpg","datePublished":"2017-11-27T11:36:13+00:00","dateModified":"2022-09-19T08:31:48+00:00","description":"Die P&H Management GmbH: Villa Laurus, Hotel Flora, City Hotel, Restaurant The Gallery, Kindergarten Playground, Steuerberatung Data Consult, ForWorkers","breadcrumb":{"@id":"https:\/\/www.hotelsmerano.it\/de\/die-betriebszweige-der-ph-management-gmbh\/#breadcrumb"},"inLanguage":"de","potentialAction":[{"@type":"ReadAction","target":["https:\/\/www.hotelsmerano.it\/de\/die-betriebszweige-der-ph-management-gmbh\/"]}]},{"@type":"ImageObject","inLanguage":"de","@id":"https:\/\/www.hotelsmerano.it\/de\/die-betriebszweige-der-ph-management-gmbh\/#primaryimage","url":"https:\/\/www.hotelsmerano.it\/wp-content\/uploads\/2017\/12\/PH_Family_Meran_City_Hotel_Merano_Hotel_Flora_PH_Management_GmbH_1_Anguane_2017-4894_2250x1000.jpg","contentUrl":"https:\/\/www.hotelsmerano.it\/wp-content\/uploads\/2017\/12\/PH_Family_Meran_City_Hotel_Merano_Hotel_Flora_PH_Management_GmbH_1_Anguane_2017-4894_2250x1000.jpg","width":2250,"height":1000,"caption":"Stillstand ist nichts f\u00fcr uns. Daf\u00fcr haben wir zu viele neue Ideen und Pl\u00e4ne. Alle unter dem Dach von P&amp;H Management. \u00a9Anguane"},{"@type":"BreadcrumbList","@id":"https:\/\/www.hotelsmerano.it\/de\/die-betriebszweige-der-ph-management-gmbh\/#breadcrumb","itemListElement":[{"@type":"ListItem","position":1,"name":"Home","item":"https:\/\/www.hotelsmerano.it\/"},{"@type":"ListItem","position":2,"name":"Unser Unternehmen"}]},{"@type":"WebSite","@id":"https:\/\/www.hotelsmerano.it\/#website","url":"https:\/\/www.hotelsmerano.it\/","name":"P&amp;H Family","description":"","potentialAction":[{"@type":"SearchAction","target":{"@type":"EntryPoint","urlTemplate":"https:\/\/www.hotelsmerano.it\/?s={search_term_string}"},"query-input":{"@type":"PropertyValueSpecification","valueRequired":true,"valueName":"search_term_string"}}],"inLanguage":"de"}]}},"_links":{"self":[{"href":"https:\/\/www.hotelsmerano.it\/de\/wp-json\/wp\/v2\/pages\/2673","targetHints":{"allow":["GET"]}}],"collection":[{"href":"https:\/\/www.hotelsmerano.it\/de\/wp-json\/wp\/v2\/pages"}],"about":[{"href":"https:\/\/www.hotelsmerano.it\/de\/wp-json\/wp\/v2\/types\/page"}],"author":[{"embeddable":true,"href":"https:\/\/www.hotelsmerano.it\/de\/wp-json\/wp\/v2\/users\/5"}],"replies":[{"embeddable":true,"href":"https:\/\/www.hotelsmerano.it\/de\/wp-json\/wp\/v2\/comments?post=2673"}],"version-history":[{"count":0,"href":"https:\/\/www.hotelsmerano.it\/de\/wp-json\/wp\/v2\/pages\/2673\/revisions"}],"wp:featuredmedia":[{"embeddable":true,"href":"https:\/\/www.hotelsmerano.it\/de\/wp-json\/wp\/v2\/media\/6438"}],"wp:attachment":[{"href":"https:\/\/www.hotelsmerano.it\/de\/wp-json\/wp\/v2\/media?parent=2673"}],"curies":[{"name":"wp","href":"https:\/\/api.w.org\/{rel}","templated":true}]}}