{"id":2671,"date":"2017-11-27T11:50:30","date_gmt":"2017-11-27T10:50:30","guid":{"rendered":"http:\/\/www.hotelsmerano.it\/?page_id=2671"},"modified":"2026-04-16T10:49:18","modified_gmt":"2026-04-16T08:49:18","slug":"ph-family-unsere-werte-unsere-ziele-unsere-vision","status":"publish","type":"page","link":"https:\/\/www.hotelsmerano.it\/de\/die-betriebszweige-der-ph-management-gmbh\/ph-family-unsere-werte-unsere-ziele-unsere-vision\/","title":{"rendered":"Unsere Werte"},"content":{"rendered":"<p>Wichtig sind unsere Handlungen, nicht unsere Worte. Denn sie machen aus uns die Menschen, die wir sind. Echt, authentisch, unverwechselbar. Ein <strong>Mitglied der P&amp;H Family<\/strong> zu sein, hei\u00dft Teil eines innovativen, erfolgreichen Unternehmens zu sein. In dem wir uns und unseren Werten treu bleiben, trotz Ver\u00e4nderungen, trotz neuer Entwicklungen.<\/p>\n<p>&nbsp;<\/p>\n<h2>Dazu stehen wir<\/h2>\n<p>&nbsp;<\/p>\n<h3>Unser Motto<\/h3>\n<p>An der Rezeption des City Hotel Meran steht zu lesen: \u201e<strong>Do what you love &#8211; love what you do<\/strong>\u201c. Das ist unser Leitsatz und unser Ansporn, den wir jeden Tag aufs Neue leben.<\/p>\n<p>Mit dieser Motivation treten wir unseren Mitarbeitern, unseren G\u00e4sten und unseren Gesch\u00e4ftspartnern gegen\u00fcber. Das pr\u00e4gt unsere Unternehmenskultur. Und so f\u00fchren wir auch unsere drei Stadthotels. Das Hotel Villa Laurus im Villenviertel von Meran. Das Flora Hotel &amp; Suites direkt an der Kurpromenade von Meran. Und das zentral gelegene, brandneue City Hotel Meran.<\/p>\n<p>Hier begeistern wir tagt\u00e4glich unsere G\u00e4ste, schaffen Raum f\u00fcr Innovation und kreative L\u00f6sungsans\u00e4tze und motivieren dadurch unser Team.<\/p>\n<p>&nbsp;<\/p>\n<h3>Unsere Werte<\/h3>\n<p><strong>Unser F\u00fchrungsstil?<\/strong> Wir sind jung, dynamisch, pers\u00f6nlich, offen und gro\u00dfz\u00fcgig. Unsere Aufgeschlossenheit f\u00fcr neue Ideen, f\u00fcr Ver\u00e4nderungen, f\u00fcr Entwicklungen, f\u00fcr Wandel ist bei unseren Mitarbeitern schon legend\u00e4r. Darin sehen wir auch unsere Zukunft. Denn Stillstand ist nichts f\u00fcr uns.<\/p>\n<p>Wir f\u00f6rdern eine Kommunikation auf Augenh\u00f6he. Unseren Mitarbeitern lassen wir dabei viel Spielraum, sich mit eigenen Ideen in ihre Arbeit einzubringen. Im Gegenzug verlangen wir aber Loyalit\u00e4t und Professionalit\u00e4t. Hierarchische Strukturen wenden wir nur dann an, wenn es notwendig und zielf\u00fchrend ist. Ein Geben und ein Nehmen eben. So soll es sein.<\/p>\n<p><strong>Arbeitsschutz und Menschenrechte:<\/strong> Sicherheit, Gesundheit und Wohlbefinden unserer Mitarbeitenden und unserer G\u00e4ste sind uns ein fundamentales Anliegen. In der P&amp;H Family bieten wir unseren Mitarbeitern wenn irgend m\u00f6glich individuelle L\u00f6sungen, die ihrer jeweiligen pers\u00f6nlichen Situation Rechnung tragen. Und nat\u00fcrlich h\u00e4lt sich die P&amp;H Family an alle gesetzlichen Vorschriften zum Arbeitsschutz, zum Gesundheitsschutz und zur Sicherheit. Dazu greifen wir auf das Know-how unseres externen Sicherheitsberaters G&amp;M Safety zur\u00fcck. Das Unternehmen \u00fcberpr\u00fcft regelm\u00e4\u00dfig die Einhaltung aller Sicherheitsrichtlinien in unseren Betrieben, schult uns und unsere Mitarbeiter in Sicherheitsfragen und h\u00e4lt uns immer auf dem Laufenden \u00fcber aktuelle Entwicklungen und Neuerungen.<\/p>\n<p>Gleichzeitig ist uns die Umsetzung von Werten wie Fairness, Transparenz und Gleichstellung ein Herzensanliegen. Und ist fester Bestandteil unserer Unternehmensethik. So haben Themen wie Mobbing, sexuelle Bel\u00e4stigung, Kindesmissbrauch oder Diskriminierung in unseren Betrieben keine Basis. Denn bei uns gilt, dass die pers\u00f6nliche W\u00fcrde, die pers\u00f6nlichen Rechte und die Privatsph\u00e4re jedes Menschen respektiert und gef\u00f6rdert wird. Menschenrechtsverletzungen sind nicht nur mit den geltenden italienischen Gesetzen unvereinbar, sie widersprechen auch den grunds\u00e4tzlichen Werten der P&amp;H Family.<\/p>\n<p><strong>Familie und Beruf:<\/strong> Der ewige Zwiespalt. Die ewige Herausforderung. Da wir viele junge Eltern besch\u00e4ftigen und selbst Eltern sind, unterst\u00fctzen wir sie bei der Suche des &#8222;richtigen&#8220; Kinderhortes, damit \u201eunsere\u201c Kinder optimal versorgt sind, w\u00e4hrend Mama oder Papa besch\u00e4ftigt sind. So gehen unsere Teilzeitmodelle auch schon mal flexibel auf die individuellen Bed\u00fcrfnisse unserer Mitarbeiter ein. Z. B. bei V\u00e4tern, welche lieber abends arbeiten, um tags\u00fcber bei den Kindern zu sein, oder bei M\u00fcttern, welche nur vormittags arbeiten k\u00f6nnen, wenn die Kinder in der Schule sind.<\/p>\n<p><strong>F\u00f6rderprojekte:<\/strong> Um die Menschen zu verstehen, muss man ihre Jugend kennen, wusste schon der b\u00f6hmische Erzieher Joseph Zauper. Und davon sind auch wir \u00fcberzeugt. Gerade aus diesem Grund war und ist es uns wichtig, Projekte zu unterst\u00fctzen, die jungen Menschen helfen, ihren Platz in der Gesellschaft zu finden. GDas reicht von Projekten in der sportlichen Entfaltung bis zur Unterst\u00fctzung, die eigene grundlegende Lebensperspektive zu finden. Und das hier vor Ort bei uns in S\u00fcdtirol und weltweit mit ausgew\u00e4hlten Projekten und Partnern.<\/p>\n<p><strong>Nachhaltigkeit und Umweltschutz:<\/strong> Tag f\u00fcr Tag arbeiten wir mit und f\u00fcr Menschen. Und sp\u00fcren die Verantwortung gegen\u00fcber unseren Familien, Mitarbeitern, G\u00e4sten, Mitb\u00fcrgern und unserer Gesellschaft als Ganzes. Deshalb ist uns Nachhaltigkeit ein Herzensanliegen. Unser Bestreben ist es, dass unsere Betriebe gesund, umweltbewusst und respektvoll in der Realit\u00e4t von Meran verwurzelt bleiben. Wir arbeiten tagt\u00e4glich daran, unsere Betriebe, unsere Produkte und unser komplettes Handeln nachhaltiger zu gestalten. So legen wir bei unseren Lieferanten Wert auf Regionalit\u00e4t und auf Produkte mit Ecolabel, Fairtrade und Biozertifizierung. Wir bieten bei unserem Fr\u00fchst\u00fcck auch vegane und vegetarische Speisen an und verzichten \u2013 wenn immer m\u00f6glich \u2013 auf Plastikverpackungen. Im Hotel Villa Laurus k\u00f6nnen unsere G\u00e4ste kostenlos Fahrr\u00e4der ausleihen. Das City Hotel Meran bietet seinen G\u00e4sten eine kostenlose E-Tankstelle. Und im Jahr 2019 haben wir unsere ganzen Geb\u00e4ude auf LED Beleuchtung umgestellt. Das sind nur einige Beispiele, was wir unter Nachhaltigkeit verstehen. Und wir leben vor, was uns wichtig ist. Damit unsere Werte auch von unserer Umgebung verstanden, akzeptiert, respektiert und weitergelebt werden.<\/p>\n<p><strong>Biodiversit\u00e4t:<\/strong> Unsere Erde ist einzigartig und wundersch\u00f6n. Besonders bei uns in Meran. Das milde Klima und viel Gr\u00fcn pr\u00e4gen seit Jahrhunderten unsere Gartenstadt. Und bietet dadurch auch Lebensraum f\u00fcr eine vielf\u00e4ltige Fauna. Nicht zuletzt der Tourismus hat dazu beigetragen, die Biodiversit\u00e4t in Meran zu f\u00f6rdern und zu finanzieren. Als im 19. Jahrhundert Merans H\u00f6henpromenade, der Tappeinerweg mit seiner artenreichen Bepflanzung angelegt wurde, setze eine Entwicklung ein, welche bis heute anh\u00e4lt: die Entwicklung hin zur gr\u00fcnen Stadt. Nicht umsonst gewann Meran 2015 den Gold Award der Entente Florale, welche europaweit das Ziel verfolgt, St\u00e4dte gr\u00fcner und lebenswerter zu machen. Diese Entwicklung unterst\u00fctzen wir aktiv durch unsere Arbeit in verschiedenen Gremien, wie zum Beispiel als Verwaltungsrat in der Kurverwaltung Meran. Denn wir sind \u00fcberzeugt: Unsere Erde hat es verdient, dass auch unsere Kinder sie noch in ihrer ganzen Pracht erleben k\u00f6nnen.<\/p>\n<p><strong>Kontinuierliche Weiterentwicklung:<\/strong> Aus all diesen Gr\u00fcnden haben wir uns f\u00fcr eine Zertifizierung durch <a href=\"https:\/\/www.tourcert.org\/\">TourCert<\/a> entschieden. Nicht um ein Diplom zu erhalten, sondern um einen Prozess anzusto\u00dfen zur st\u00e4ndigen Weiterentwicklung und kontinuierlichen Verbesserung unserer Strukturen. So arbeiten wir gemeinsam f\u00fcr einen verantwortungsvollen, nachhaltigen Tourismus. Das ist unser Weg zu einem besseren Morgen.<\/p>\n<p>&nbsp;<\/p>\n<h3>Unsere Ziele<\/h3>\n<p>Noch mehr als in der Vergangenheit nutzen wir <strong>die Synergien unserer Betriebe<\/strong> untereinander und Synergien mit der Destination und verfolgen konstant eine dynamische und nachhaltige Betriebsentwicklung. Dazu hinterfragen wir uns und unsere Arbeitsweise immer wieder neu, um unser Handeln und unsere Betriebsabl\u00e4ufe st\u00e4ndig zu verbessern. Wir analysieren den Markt und die Trends der Zukunft und konzentrieren uns dabei immer auf unsere St\u00e4rken. Wir bleiben nicht stehen, gehen mutig voran, denken nachhaltig und trauen uns, auch einzelne Produktangebote zu ver\u00e4ndern oder, wenn sinnvoll, zu streichen. Wir bringen uns auch in die Destinationsentwicklung mit ein und versuchen in Kooperation mit Partnern nachhaltige Entscheidungen zu treffen.<\/p>\n<p>Das Ziel: Mit einer konstanten, nachhaltigen Entwicklung unserer Kernprodukte und stetig optimierter Servicequalit\u00e4t steigt die <strong>Zufriedenheit unserer G\u00e4ste.<\/strong> Und damit die Kundenbindung. So werden unsere Betriebe noch stabiler und unsere Investitionen und die Arbeitspl\u00e4tze f\u00fcr unsere Mitarbeiter umso sicherer.<\/p>\n<p>&nbsp;<\/p>\n<h3>Unsere Vision<\/h3>\n<p>Echtheit und Entschleunigung, authentische Erlebnisse und nachhaltiger Konsum &#8211; diesen wahren Luxus bietet Meran und unser Unternehmen: Zeit haben, zur Ruhe kommen, die Seele baumeln lassen, sch\u00f6ne Dinge entdecken und bewusst genie\u00dfen. Wohlf\u00fchlen betrifft den Menschen in seiner Gesamtheit, also K\u00f6rper, Seele, Geist und Emotion. Meran und die P&amp;H Family schaffen Raum f\u00fcr dieses neue Luxusempfinden.<\/p>\n<h3><a href=\"https:\/\/www.hotelsmerano.it\/wp-content\/uploads\/2026\/04\/Nachhaltigkeits-Leitbild-PH-Family-2025.pdf\" target=\"_blank\" rel=\"noopener\">Unser Leitbild<\/a><\/h3>\n","protected":false},"excerpt":{"rendered":"<p>Wichtig sind unsere Handlungen, nicht unsere Worte. Denn sie machen aus uns die Menschen, die wir sind. Echt, authentisch, unverwechselbar. Ein Mitglied der P&amp;H Family zu sein, hei\u00dft Teil eines innovativen, erfolgreichen Unternehmens zu sein. In dem wir uns und unseren Werten treu bleiben, trotz Ver\u00e4nderungen, trotz neuer Entwicklungen. &nbsp; Dazu stehen wir &nbsp; Unser [&hellip;]<\/p>\n","protected":false},"author":5,"featured_media":12401,"parent":2673,"menu_order":0,"comment_status":"closed","ping_status":"closed","template":"","meta":{"_acf_changed":false,"footnotes":""},"class_list":["post-2671","page","type-page","status-publish","has-post-thumbnail","hentry"],"acf":[],"yoast_head":"<!-- This site is optimized with the Yoast SEO plugin v26.9 - https:\/\/yoast.com\/product\/yoast-seo-wordpress\/ -->\n<title>P&amp;H Family: Was uns ausmacht \u2013 Unsere Werte, Ziele, Vision, Motto\u00ae<\/title>\n<meta name=\"description\" content=\"In unseren Stadthotels in Meran leben wir Werte wie Herzlichkeit, Nachhaltigkeit, Innovation, Dienstleistungsqualit\u00e4t, Authentizit\u00e4t und Hilfsbereitschaft.\" \/>\n<meta name=\"robots\" content=\"index, follow, max-snippet:-1, max-image-preview:large, max-video-preview:-1\" \/>\n<meta property=\"og:locale\" content=\"de_DE\" \/>\n<meta property=\"og:type\" content=\"article\" \/>\n<meta property=\"og:title\" content=\"P&amp;H Family: Was uns ausmacht \u2013 Unsere Werte, Ziele, Vision, Motto\u00ae\" \/>\n<meta property=\"og:description\" content=\"In unseren Stadthotels in Meran leben wir Werte wie Herzlichkeit, Nachhaltigkeit, Innovation, Dienstleistungsqualit\u00e4t, Authentizit\u00e4t und Hilfsbereitschaft.\" \/>\n<meta property=\"og:url\" content=\"https:\/\/www.hotelsmerano.it\/de\/die-betriebszweige-der-ph-management-gmbh\/ph-family-unsere-werte-unsere-ziele-unsere-vision\/\" \/>\n<meta property=\"og:site_name\" content=\"P&amp;H Family\" \/>\n<meta property=\"article:modified_time\" content=\"2026-04-16T08:49:18+00:00\" \/>\n<meta property=\"og:image\" content=\"https:\/\/www.hotelsmerano.it\/wp-content\/uploads\/2021\/06\/City_Hotel_Merano_Lobby_Reception_Motto_Detail_1_Anguane_20170124-IMG_7198_Tourcert_2250x1000.jpg\" \/>\n\t<meta property=\"og:image:width\" content=\"2250\" \/>\n\t<meta property=\"og:image:height\" content=\"1000\" \/>\n\t<meta property=\"og:image:type\" content=\"image\/jpeg\" \/>\n<meta name=\"twitter:card\" content=\"summary_large_image\" \/>\n<meta name=\"twitter:label1\" content=\"Gesch\u00e4tzte Lesezeit\" \/>\n\t<meta name=\"twitter:data1\" content=\"7\u00a0Minuten\" \/>\n<script type=\"application\/ld+json\" class=\"yoast-schema-graph\">{\"@context\":\"https:\/\/schema.org\",\"@graph\":[{\"@type\":\"WebPage\",\"@id\":\"https:\/\/www.hotelsmerano.it\/de\/die-betriebszweige-der-ph-management-gmbh\/ph-family-unsere-werte-unsere-ziele-unsere-vision\/\",\"url\":\"https:\/\/www.hotelsmerano.it\/de\/die-betriebszweige-der-ph-management-gmbh\/ph-family-unsere-werte-unsere-ziele-unsere-vision\/\",\"name\":\"P&H Family: Was uns ausmacht \u2013 Unsere Werte, Ziele, Vision, Motto\u00ae\",\"isPartOf\":{\"@id\":\"https:\/\/www.hotelsmerano.it\/#website\"},\"primaryImageOfPage\":{\"@id\":\"https:\/\/www.hotelsmerano.it\/de\/die-betriebszweige-der-ph-management-gmbh\/ph-family-unsere-werte-unsere-ziele-unsere-vision\/#primaryimage\"},\"image\":{\"@id\":\"https:\/\/www.hotelsmerano.it\/de\/die-betriebszweige-der-ph-management-gmbh\/ph-family-unsere-werte-unsere-ziele-unsere-vision\/#primaryimage\"},\"thumbnailUrl\":\"https:\/\/www.hotelsmerano.it\/wp-content\/uploads\/2021\/06\/City_Hotel_Merano_Lobby_Reception_Motto_Detail_1_Anguane_20170124-IMG_7198_Tourcert_2250x1000.jpg\",\"datePublished\":\"2017-11-27T10:50:30+00:00\",\"dateModified\":\"2026-04-16T08:49:18+00:00\",\"description\":\"In unseren Stadthotels in Meran leben wir Werte wie Herzlichkeit, Nachhaltigkeit, Innovation, Dienstleistungsqualit\u00e4t, Authentizit\u00e4t und Hilfsbereitschaft.\",\"breadcrumb\":{\"@id\":\"https:\/\/www.hotelsmerano.it\/de\/die-betriebszweige-der-ph-management-gmbh\/ph-family-unsere-werte-unsere-ziele-unsere-vision\/#breadcrumb\"},\"inLanguage\":\"de\",\"potentialAction\":[{\"@type\":\"ReadAction\",\"target\":[\"https:\/\/www.hotelsmerano.it\/de\/die-betriebszweige-der-ph-management-gmbh\/ph-family-unsere-werte-unsere-ziele-unsere-vision\/\"]}]},{\"@type\":\"ImageObject\",\"inLanguage\":\"de\",\"@id\":\"https:\/\/www.hotelsmerano.it\/de\/die-betriebszweige-der-ph-management-gmbh\/ph-family-unsere-werte-unsere-ziele-unsere-vision\/#primaryimage\",\"url\":\"https:\/\/www.hotelsmerano.it\/wp-content\/uploads\/2021\/06\/City_Hotel_Merano_Lobby_Reception_Motto_Detail_1_Anguane_20170124-IMG_7198_Tourcert_2250x1000.jpg\",\"contentUrl\":\"https:\/\/www.hotelsmerano.it\/wp-content\/uploads\/2021\/06\/City_Hotel_Merano_Lobby_Reception_Motto_Detail_1_Anguane_20170124-IMG_7198_Tourcert_2250x1000.jpg\",\"width\":2250,\"height\":1000},{\"@type\":\"BreadcrumbList\",\"@id\":\"https:\/\/www.hotelsmerano.it\/de\/die-betriebszweige-der-ph-management-gmbh\/ph-family-unsere-werte-unsere-ziele-unsere-vision\/#breadcrumb\",\"itemListElement\":[{\"@type\":\"ListItem\",\"position\":1,\"name\":\"Home\",\"item\":\"https:\/\/www.hotelsmerano.it\/\"},{\"@type\":\"ListItem\",\"position\":2,\"name\":\"Unser Unternehmen\",\"item\":\"https:\/\/www.hotelsmerano.it\/de\/die-betriebszweige-der-ph-management-gmbh\/\"},{\"@type\":\"ListItem\",\"position\":3,\"name\":\"Unsere Werte\"}]},{\"@type\":\"WebSite\",\"@id\":\"https:\/\/www.hotelsmerano.it\/#website\",\"url\":\"https:\/\/www.hotelsmerano.it\/\",\"name\":\"P&amp;H Family\",\"description\":\"\",\"potentialAction\":[{\"@type\":\"SearchAction\",\"target\":{\"@type\":\"EntryPoint\",\"urlTemplate\":\"https:\/\/www.hotelsmerano.it\/?s={search_term_string}\"},\"query-input\":{\"@type\":\"PropertyValueSpecification\",\"valueRequired\":true,\"valueName\":\"search_term_string\"}}],\"inLanguage\":\"de\"}]}<\/script>\n<!-- \/ Yoast SEO plugin. -->","yoast_head_json":{"title":"P&H Family: Was uns ausmacht \u2013 Unsere Werte, Ziele, Vision, Motto\u00ae","description":"In unseren Stadthotels in Meran leben wir Werte wie Herzlichkeit, Nachhaltigkeit, Innovation, Dienstleistungsqualit\u00e4t, Authentizit\u00e4t und Hilfsbereitschaft.","robots":{"index":"index","follow":"follow","max-snippet":"max-snippet:-1","max-image-preview":"max-image-preview:large","max-video-preview":"max-video-preview:-1"},"og_locale":"de_DE","og_type":"article","og_title":"P&H Family: Was uns ausmacht \u2013 Unsere Werte, Ziele, Vision, Motto\u00ae","og_description":"In unseren Stadthotels in Meran leben wir Werte wie Herzlichkeit, Nachhaltigkeit, Innovation, Dienstleistungsqualit\u00e4t, Authentizit\u00e4t und Hilfsbereitschaft.","og_url":"https:\/\/www.hotelsmerano.it\/de\/die-betriebszweige-der-ph-management-gmbh\/ph-family-unsere-werte-unsere-ziele-unsere-vision\/","og_site_name":"P&amp;H Family","article_modified_time":"2026-04-16T08:49:18+00:00","og_image":[{"width":2250,"height":1000,"url":"https:\/\/www.hotelsmerano.it\/wp-content\/uploads\/2021\/06\/City_Hotel_Merano_Lobby_Reception_Motto_Detail_1_Anguane_20170124-IMG_7198_Tourcert_2250x1000.jpg","type":"image\/jpeg"}],"twitter_card":"summary_large_image","twitter_misc":{"Gesch\u00e4tzte Lesezeit":"7\u00a0Minuten"},"schema":{"@context":"https:\/\/schema.org","@graph":[{"@type":"WebPage","@id":"https:\/\/www.hotelsmerano.it\/de\/die-betriebszweige-der-ph-management-gmbh\/ph-family-unsere-werte-unsere-ziele-unsere-vision\/","url":"https:\/\/www.hotelsmerano.it\/de\/die-betriebszweige-der-ph-management-gmbh\/ph-family-unsere-werte-unsere-ziele-unsere-vision\/","name":"P&H Family: Was uns ausmacht \u2013 Unsere Werte, Ziele, Vision, Motto\u00ae","isPartOf":{"@id":"https:\/\/www.hotelsmerano.it\/#website"},"primaryImageOfPage":{"@id":"https:\/\/www.hotelsmerano.it\/de\/die-betriebszweige-der-ph-management-gmbh\/ph-family-unsere-werte-unsere-ziele-unsere-vision\/#primaryimage"},"image":{"@id":"https:\/\/www.hotelsmerano.it\/de\/die-betriebszweige-der-ph-management-gmbh\/ph-family-unsere-werte-unsere-ziele-unsere-vision\/#primaryimage"},"thumbnailUrl":"https:\/\/www.hotelsmerano.it\/wp-content\/uploads\/2021\/06\/City_Hotel_Merano_Lobby_Reception_Motto_Detail_1_Anguane_20170124-IMG_7198_Tourcert_2250x1000.jpg","datePublished":"2017-11-27T10:50:30+00:00","dateModified":"2026-04-16T08:49:18+00:00","description":"In unseren Stadthotels in Meran leben wir Werte wie Herzlichkeit, Nachhaltigkeit, Innovation, Dienstleistungsqualit\u00e4t, Authentizit\u00e4t und Hilfsbereitschaft.","breadcrumb":{"@id":"https:\/\/www.hotelsmerano.it\/de\/die-betriebszweige-der-ph-management-gmbh\/ph-family-unsere-werte-unsere-ziele-unsere-vision\/#breadcrumb"},"inLanguage":"de","potentialAction":[{"@type":"ReadAction","target":["https:\/\/www.hotelsmerano.it\/de\/die-betriebszweige-der-ph-management-gmbh\/ph-family-unsere-werte-unsere-ziele-unsere-vision\/"]}]},{"@type":"ImageObject","inLanguage":"de","@id":"https:\/\/www.hotelsmerano.it\/de\/die-betriebszweige-der-ph-management-gmbh\/ph-family-unsere-werte-unsere-ziele-unsere-vision\/#primaryimage","url":"https:\/\/www.hotelsmerano.it\/wp-content\/uploads\/2021\/06\/City_Hotel_Merano_Lobby_Reception_Motto_Detail_1_Anguane_20170124-IMG_7198_Tourcert_2250x1000.jpg","contentUrl":"https:\/\/www.hotelsmerano.it\/wp-content\/uploads\/2021\/06\/City_Hotel_Merano_Lobby_Reception_Motto_Detail_1_Anguane_20170124-IMG_7198_Tourcert_2250x1000.jpg","width":2250,"height":1000},{"@type":"BreadcrumbList","@id":"https:\/\/www.hotelsmerano.it\/de\/die-betriebszweige-der-ph-management-gmbh\/ph-family-unsere-werte-unsere-ziele-unsere-vision\/#breadcrumb","itemListElement":[{"@type":"ListItem","position":1,"name":"Home","item":"https:\/\/www.hotelsmerano.it\/"},{"@type":"ListItem","position":2,"name":"Unser Unternehmen","item":"https:\/\/www.hotelsmerano.it\/de\/die-betriebszweige-der-ph-management-gmbh\/"},{"@type":"ListItem","position":3,"name":"Unsere Werte"}]},{"@type":"WebSite","@id":"https:\/\/www.hotelsmerano.it\/#website","url":"https:\/\/www.hotelsmerano.it\/","name":"P&amp;H Family","description":"","potentialAction":[{"@type":"SearchAction","target":{"@type":"EntryPoint","urlTemplate":"https:\/\/www.hotelsmerano.it\/?s={search_term_string}"},"query-input":{"@type":"PropertyValueSpecification","valueRequired":true,"valueName":"search_term_string"}}],"inLanguage":"de"}]}},"_links":{"self":[{"href":"https:\/\/www.hotelsmerano.it\/de\/wp-json\/wp\/v2\/pages\/2671","targetHints":{"allow":["GET"]}}],"collection":[{"href":"https:\/\/www.hotelsmerano.it\/de\/wp-json\/wp\/v2\/pages"}],"about":[{"href":"https:\/\/www.hotelsmerano.it\/de\/wp-json\/wp\/v2\/types\/page"}],"author":[{"embeddable":true,"href":"https:\/\/www.hotelsmerano.it\/de\/wp-json\/wp\/v2\/users\/5"}],"replies":[{"embeddable":true,"href":"https:\/\/www.hotelsmerano.it\/de\/wp-json\/wp\/v2\/comments?post=2671"}],"version-history":[{"count":0,"href":"https:\/\/www.hotelsmerano.it\/de\/wp-json\/wp\/v2\/pages\/2671\/revisions"}],"up":[{"embeddable":true,"href":"https:\/\/www.hotelsmerano.it\/de\/wp-json\/wp\/v2\/pages\/2673"}],"wp:featuredmedia":[{"embeddable":true,"href":"https:\/\/www.hotelsmerano.it\/de\/wp-json\/wp\/v2\/media\/12401"}],"wp:attachment":[{"href":"https:\/\/www.hotelsmerano.it\/de\/wp-json\/wp\/v2\/media?parent=2671"}],"curies":[{"name":"wp","href":"https:\/\/api.w.org\/{rel}","templated":true}]}}