{"id":2651,"date":"2017-11-27T11:08:54","date_gmt":"2017-11-27T10:08:54","guid":{"rendered":"http:\/\/www.hotelsmerano.it\/?page_id=2651"},"modified":"2021-07-05T12:41:38","modified_gmt":"2021-07-05T10:41:38","slug":"ihre-gastgeber-in-merans-zentralen-stadthotels","status":"publish","type":"page","link":"https:\/\/www.hotelsmerano.it\/de\/die-betriebszweige-der-ph-management-gmbh\/ihre-gastgeber-in-merans-zentralen-stadthotels\/","title":{"rendered":"Ihre Gastgeber"},"content":{"rendered":"<p>Begonnen hat unsere Lovestory mit dem <strong>Hotel Flora<\/strong> am 15. Januar 2008. Seit diesem Zeitpunkt ist es unser Stammhaus und <strong>unsere Heimat<\/strong>. Hier zu wohnen und zu arbeiten ist unser Traum, den wir tagt\u00e4glich leben. Wir sch\u00e4tzen die ruhige Lage an der Passer. Die N\u00e4he zur Altstadt und zur Schule unserer Kinder. Ein Luxus, den wir zu w\u00fcrdigen wissen.<\/p>\n<p>Mit den Jahren hat sich viel ge\u00e4ndert. Wir sind gewachsen und packen immer wieder neue Projekte an. Als Familie und als Unternehmen.<\/p>\n<p>So haben wir im Juli 2013 unser zweites Hotel er\u00f6ffnet, das <strong>City Hotel Meran<\/strong>, neuestes Schmuckst\u00fcck der Passerstadt. Ein Stadthotel, das es sich zum Ziel gesetzt hat, anders zu sein als die etablierten Hotels in unserem Land: jung, frisch, modern, mit internationalem Touch und doch mit viel Liebe zum Detail. Und zuletzt, im Fr\u00fchjahr 2019 er\u00f6ffneten wir das <strong>Hotel Villa Laurus<\/strong>.\u00a0 Ein kleines Juwel im Gr\u00fcnen.<\/p>\n<p>Tagt\u00e4glich mit drei so unterschiedlichen Produkten zu arbeiten finden wir einfach nur spannend. Und eine tolle Herausforderung.<\/p>\n<p>&nbsp;<\/p>\n<h2>Sie m\u00f6chten wissen, wer \u201ewir\u201c sind?<\/h2>\n<p>&nbsp;<\/p>\n<h3>Dr. Barbara H\u00f6lzl<\/h3>\n<p>Da bin zum einen ich, Barbara H\u00f6lzl, <strong>das &#8222;H&#8220; im Unternehmernamen<\/strong> und der Spiritus Rector unserer Hotels. Nach meinem Studium der internationalen Wirtschaftswissenschaften in Innsbruck, Wien und Lund war ich Consultant in einer Unternehmensberatung f\u00fcr Tourismus. Und wissenschaftliche Mitarbeiterin im Institut f\u00fcr Tourismusmanagement der Europ\u00e4ischen Akademie in Bozen. Letztendlich habe ich auch noch meinen Master of Business Administration an der SMBS Salzburg abgeschlossen, mit Aufenthalten an der Wirtschaftsuniversit\u00e4t St. Gallen und der University of Vancouver \u2013 Economic School.<\/p>\n<p>Danach zog es mich als eingefleischtes Hotelierskind wieder zur\u00fcck ins Gastgewerbe. Mich als Gastgeber t\u00e4glich mit Menschen zu umgeben, sie in ihrem Urlaub gl\u00fccklich zu machen, ist meine Berufung.<\/p>\n<p>Die Entwicklung unserer Stadt, mit der wir verwachsen sind, liegt mir sehr am Herzen. Darum engagiere ich mich im Vorstand des HGV Meran und im Verwaltungsrat der Kurverwaltung Meran. Dabei halte ich mich an keinen geringeren als den gro\u00dfen Goethe: \u201eEs ist nicht genug zu wissen. Man muss es auch anwenden. Es ist nicht genug zu wollen. Man muss es auch tun.\u201c<\/p>\n<p>&nbsp;<\/p>\n<h3>Dr. Stefano Pippi<\/h3>\n<p>Dieses Motto lebt auch mein Mann Stefano Pippi, der k\u00fchle Rechner mit gro\u00dfem Herz und <strong>das &#8222;P&#8220; im Unternehmernamen.<\/strong> Nach seinem Studium in \u201eEconomia e commercio\u201c in Trient und seinem Master Tributario in Bologna war er langj\u00e4hriger Mitarbeiter der HGV Steuerabteilung. Und Consultant in einer Unternehmensberatung f\u00fcr Tourismus. Als Mitglied der ANCOT (Associazione Nazionale Consulenti Tributari) f\u00fchrt er seit 2003 das Wirtschaftsb\u00fcro Data Consult und k\u00fcmmert sich dort und in unseren Hotels pers\u00f6nlich darum, dass es uns auch in 20 Jahren noch gibt.<\/p>\n<p>Er schaut uns tagt\u00e4glich \u00fcber die Schulter, kontrolliert alles mit wachen Augen und gibt unsere Ziele vor. Er ist sozusagen unser Motor.<\/p>\n<p>Und da sind nat\u00fcrlich noch <strong>Valentina und Matthias,<\/strong> unsere beiden Engel und Nachwuchsgastgeber, die uns ganz sch\u00f6n auf Trab halten.<\/p>\n<p>&nbsp;<\/p>\n<h3>Unser Team<\/h3>\n<p>Zuallererst haben wir kleine Br\u00f6tchen gebacken. Mit einem kleinen, eingeschworenen Team an Mitarbeitern.<\/p>\n<p>Doch dann wurden wir immer mehr. Und konnten so die Dienstleistungsqualit\u00e4t in unseren Hotels kontinuierlich steigern.<\/p>\n<p>Mittlerweile z\u00e4hlt die P&amp;H Family rund 50 bis 70 Mitarbeiter. Die sich Tag f\u00fcr Tag um unsere G\u00e4ste sorgen. Als Gastgeber aus Leidenschaft leben wir unsere Werte und Visionen vor. Damit auch unsere Mitarbeiter sie teilen und umsetzen k\u00f6nnen.<\/p>\n<p>Dabei versuchen wir, unsere Mitarbeiter zu unterst\u00fctzen, wo wir k\u00f6nnen. Mit betriebsinternen Lehrg\u00e4ngen. Mit finanzieller Unterst\u00fctzung bei ihrer Ausbildung. Mit externen Betriebspraktikas im In- und Ausland. Mit flexiblen Arbeitszeitmodellen. Und nat\u00fcrlich bei der Kinderbetreuung, damit ihre Kinder w\u00e4hrend der Arbeitszeit liebevoll betreut werden.<\/p>\n<p>Denn nicht nur gut ausgebildete, sondern vor allem motivierte und zufriedene Mitarbeiter sind gute Gastgeber. Und das brauchen wir, denn wir wollen unsere G\u00e4ste st\u00e4ndig aufs Neue begeistern.<\/p>\n<p>In diesem Sinne: Sie sind uns <strong>herzlich willkommen in der P&amp;H Family.<\/strong><\/p>\n<p>Ihre Gastgeber in Merans zentralen Stadthotels, die Familie H\u00f6lzl Pippi mit Team<\/p>\n","protected":false},"excerpt":{"rendered":"<p>Begonnen hat unsere Lovestory mit dem Hotel Flora am 15. Januar 2008. Seit diesem Zeitpunkt ist es unser Stammhaus und unsere Heimat. Hier zu wohnen und zu arbeiten ist unser Traum, den wir tagt\u00e4glich leben. Wir sch\u00e4tzen die ruhige Lage an der Passer. Die N\u00e4he zur Altstadt und zur Schule unserer Kinder. Ein Luxus, den [&hellip;]<\/p>\n","protected":false},"author":5,"featured_media":6399,"parent":2673,"menu_order":0,"comment_status":"closed","ping_status":"closed","template":"","meta":{"_acf_changed":false,"footnotes":""},"class_list":["post-2651","page","type-page","status-publish","has-post-thumbnail","hentry"],"acf":[],"yoast_head":"<!-- This site is optimized with the Yoast SEO plugin v26.9 - https:\/\/yoast.com\/product\/yoast-seo-wordpress\/ -->\n<title>P&amp;H Family: Ihre Gastgeber in Merans zentralen Stadthotels<\/title>\n<meta name=\"description\" content=\"Ihre Gastgeber im Hotel Flora an der Kurpromenade, im trendigen City Hotel und in der romantischen Villa Laurus. Willkommen in Merans zentralen Stadthotels\" \/>\n<meta name=\"robots\" content=\"index, follow, max-snippet:-1, max-image-preview:large, max-video-preview:-1\" \/>\n<meta property=\"og:locale\" content=\"de_DE\" \/>\n<meta property=\"og:type\" content=\"article\" \/>\n<meta property=\"og:title\" content=\"P&amp;H Family: Ihre Gastgeber in Merans zentralen Stadthotels\" \/>\n<meta property=\"og:description\" content=\"Ihre Gastgeber im Hotel Flora an der Kurpromenade, im trendigen City Hotel und in der romantischen Villa Laurus. Willkommen in Merans zentralen Stadthotels\" \/>\n<meta property=\"og:url\" content=\"https:\/\/www.hotelsmerano.it\/de\/die-betriebszweige-der-ph-management-gmbh\/ihre-gastgeber-in-merans-zentralen-stadthotels\/\" \/>\n<meta property=\"og:site_name\" content=\"P&amp;H Family\" \/>\n<meta property=\"article:modified_time\" content=\"2021-07-05T10:41:38+00:00\" \/>\n<meta property=\"og:image\" content=\"https:\/\/www.hotelsmerano.it\/wp-content\/uploads\/2017\/12\/PH_Family_Meran_City_Hotel_Merano_Hotel_Flora_Gastgeber_Dr._Barbara_Hoelzl_Dr._Stefano_Pippi_1_Anguane_2017-4720_2250x1000.jpg\" \/>\n\t<meta property=\"og:image:width\" content=\"2250\" \/>\n\t<meta property=\"og:image:height\" content=\"1000\" \/>\n\t<meta property=\"og:image:type\" content=\"image\/jpeg\" \/>\n<meta name=\"twitter:card\" content=\"summary_large_image\" \/>\n<meta name=\"twitter:label1\" content=\"Gesch\u00e4tzte Lesezeit\" \/>\n\t<meta name=\"twitter:data1\" content=\"3\u00a0Minuten\" \/>\n<script type=\"application\/ld+json\" class=\"yoast-schema-graph\">{\"@context\":\"https:\/\/schema.org\",\"@graph\":[{\"@type\":\"WebPage\",\"@id\":\"https:\/\/www.hotelsmerano.it\/de\/die-betriebszweige-der-ph-management-gmbh\/ihre-gastgeber-in-merans-zentralen-stadthotels\/\",\"url\":\"https:\/\/www.hotelsmerano.it\/de\/die-betriebszweige-der-ph-management-gmbh\/ihre-gastgeber-in-merans-zentralen-stadthotels\/\",\"name\":\"P&H Family: Ihre Gastgeber in Merans zentralen Stadthotels\",\"isPartOf\":{\"@id\":\"https:\/\/www.hotelsmerano.it\/#website\"},\"primaryImageOfPage\":{\"@id\":\"https:\/\/www.hotelsmerano.it\/de\/die-betriebszweige-der-ph-management-gmbh\/ihre-gastgeber-in-merans-zentralen-stadthotels\/#primaryimage\"},\"image\":{\"@id\":\"https:\/\/www.hotelsmerano.it\/de\/die-betriebszweige-der-ph-management-gmbh\/ihre-gastgeber-in-merans-zentralen-stadthotels\/#primaryimage\"},\"thumbnailUrl\":\"https:\/\/www.hotelsmerano.it\/wp-content\/uploads\/2017\/12\/PH_Family_Meran_City_Hotel_Merano_Hotel_Flora_Gastgeber_Dr._Barbara_Hoelzl_Dr._Stefano_Pippi_1_Anguane_2017-4720_2250x1000.jpg\",\"datePublished\":\"2017-11-27T10:08:54+00:00\",\"dateModified\":\"2021-07-05T10:41:38+00:00\",\"description\":\"Ihre Gastgeber im Hotel Flora an der Kurpromenade, im trendigen City Hotel und in der romantischen Villa Laurus. Willkommen in Merans zentralen Stadthotels\",\"breadcrumb\":{\"@id\":\"https:\/\/www.hotelsmerano.it\/de\/die-betriebszweige-der-ph-management-gmbh\/ihre-gastgeber-in-merans-zentralen-stadthotels\/#breadcrumb\"},\"inLanguage\":\"de\",\"potentialAction\":[{\"@type\":\"ReadAction\",\"target\":[\"https:\/\/www.hotelsmerano.it\/de\/die-betriebszweige-der-ph-management-gmbh\/ihre-gastgeber-in-merans-zentralen-stadthotels\/\"]}]},{\"@type\":\"ImageObject\",\"inLanguage\":\"de\",\"@id\":\"https:\/\/www.hotelsmerano.it\/de\/die-betriebszweige-der-ph-management-gmbh\/ihre-gastgeber-in-merans-zentralen-stadthotels\/#primaryimage\",\"url\":\"https:\/\/www.hotelsmerano.it\/wp-content\/uploads\/2017\/12\/PH_Family_Meran_City_Hotel_Merano_Hotel_Flora_Gastgeber_Dr._Barbara_Hoelzl_Dr._Stefano_Pippi_1_Anguane_2017-4720_2250x1000.jpg\",\"contentUrl\":\"https:\/\/www.hotelsmerano.it\/wp-content\/uploads\/2017\/12\/PH_Family_Meran_City_Hotel_Merano_Hotel_Flora_Gastgeber_Dr._Barbara_Hoelzl_Dr._Stefano_Pippi_1_Anguane_2017-4720_2250x1000.jpg\",\"width\":2250,\"height\":1000,\"caption\":\"Eine Gastgeberfamilie, zwei Hotels und ein Restaurant im Zentrum Merans. Stammhaus Flora an der Passerpromenade und das trendige City Hotel. \u00a9Anguane\"},{\"@type\":\"BreadcrumbList\",\"@id\":\"https:\/\/www.hotelsmerano.it\/de\/die-betriebszweige-der-ph-management-gmbh\/ihre-gastgeber-in-merans-zentralen-stadthotels\/#breadcrumb\",\"itemListElement\":[{\"@type\":\"ListItem\",\"position\":1,\"name\":\"Home\",\"item\":\"https:\/\/www.hotelsmerano.it\/\"},{\"@type\":\"ListItem\",\"position\":2,\"name\":\"Unser Unternehmen\",\"item\":\"https:\/\/www.hotelsmerano.it\/de\/die-betriebszweige-der-ph-management-gmbh\/\"},{\"@type\":\"ListItem\",\"position\":3,\"name\":\"Ihre Gastgeber\"}]},{\"@type\":\"WebSite\",\"@id\":\"https:\/\/www.hotelsmerano.it\/#website\",\"url\":\"https:\/\/www.hotelsmerano.it\/\",\"name\":\"P&amp;H Family\",\"description\":\"\",\"potentialAction\":[{\"@type\":\"SearchAction\",\"target\":{\"@type\":\"EntryPoint\",\"urlTemplate\":\"https:\/\/www.hotelsmerano.it\/?s={search_term_string}\"},\"query-input\":{\"@type\":\"PropertyValueSpecification\",\"valueRequired\":true,\"valueName\":\"search_term_string\"}}],\"inLanguage\":\"de\"}]}<\/script>\n<!-- \/ Yoast SEO plugin. -->","yoast_head_json":{"title":"P&H Family: Ihre Gastgeber in Merans zentralen Stadthotels","description":"Ihre Gastgeber im Hotel Flora an der Kurpromenade, im trendigen City Hotel und in der romantischen Villa Laurus. Willkommen in Merans zentralen Stadthotels","robots":{"index":"index","follow":"follow","max-snippet":"max-snippet:-1","max-image-preview":"max-image-preview:large","max-video-preview":"max-video-preview:-1"},"og_locale":"de_DE","og_type":"article","og_title":"P&H Family: Ihre Gastgeber in Merans zentralen Stadthotels","og_description":"Ihre Gastgeber im Hotel Flora an der Kurpromenade, im trendigen City Hotel und in der romantischen Villa Laurus. Willkommen in Merans zentralen Stadthotels","og_url":"https:\/\/www.hotelsmerano.it\/de\/die-betriebszweige-der-ph-management-gmbh\/ihre-gastgeber-in-merans-zentralen-stadthotels\/","og_site_name":"P&amp;H Family","article_modified_time":"2021-07-05T10:41:38+00:00","og_image":[{"width":2250,"height":1000,"url":"https:\/\/www.hotelsmerano.it\/wp-content\/uploads\/2017\/12\/PH_Family_Meran_City_Hotel_Merano_Hotel_Flora_Gastgeber_Dr._Barbara_Hoelzl_Dr._Stefano_Pippi_1_Anguane_2017-4720_2250x1000.jpg","type":"image\/jpeg"}],"twitter_card":"summary_large_image","twitter_misc":{"Gesch\u00e4tzte Lesezeit":"3\u00a0Minuten"},"schema":{"@context":"https:\/\/schema.org","@graph":[{"@type":"WebPage","@id":"https:\/\/www.hotelsmerano.it\/de\/die-betriebszweige-der-ph-management-gmbh\/ihre-gastgeber-in-merans-zentralen-stadthotels\/","url":"https:\/\/www.hotelsmerano.it\/de\/die-betriebszweige-der-ph-management-gmbh\/ihre-gastgeber-in-merans-zentralen-stadthotels\/","name":"P&H Family: Ihre Gastgeber in Merans zentralen Stadthotels","isPartOf":{"@id":"https:\/\/www.hotelsmerano.it\/#website"},"primaryImageOfPage":{"@id":"https:\/\/www.hotelsmerano.it\/de\/die-betriebszweige-der-ph-management-gmbh\/ihre-gastgeber-in-merans-zentralen-stadthotels\/#primaryimage"},"image":{"@id":"https:\/\/www.hotelsmerano.it\/de\/die-betriebszweige-der-ph-management-gmbh\/ihre-gastgeber-in-merans-zentralen-stadthotels\/#primaryimage"},"thumbnailUrl":"https:\/\/www.hotelsmerano.it\/wp-content\/uploads\/2017\/12\/PH_Family_Meran_City_Hotel_Merano_Hotel_Flora_Gastgeber_Dr._Barbara_Hoelzl_Dr._Stefano_Pippi_1_Anguane_2017-4720_2250x1000.jpg","datePublished":"2017-11-27T10:08:54+00:00","dateModified":"2021-07-05T10:41:38+00:00","description":"Ihre Gastgeber im Hotel Flora an der Kurpromenade, im trendigen City Hotel und in der romantischen Villa Laurus. Willkommen in Merans zentralen Stadthotels","breadcrumb":{"@id":"https:\/\/www.hotelsmerano.it\/de\/die-betriebszweige-der-ph-management-gmbh\/ihre-gastgeber-in-merans-zentralen-stadthotels\/#breadcrumb"},"inLanguage":"de","potentialAction":[{"@type":"ReadAction","target":["https:\/\/www.hotelsmerano.it\/de\/die-betriebszweige-der-ph-management-gmbh\/ihre-gastgeber-in-merans-zentralen-stadthotels\/"]}]},{"@type":"ImageObject","inLanguage":"de","@id":"https:\/\/www.hotelsmerano.it\/de\/die-betriebszweige-der-ph-management-gmbh\/ihre-gastgeber-in-merans-zentralen-stadthotels\/#primaryimage","url":"https:\/\/www.hotelsmerano.it\/wp-content\/uploads\/2017\/12\/PH_Family_Meran_City_Hotel_Merano_Hotel_Flora_Gastgeber_Dr._Barbara_Hoelzl_Dr._Stefano_Pippi_1_Anguane_2017-4720_2250x1000.jpg","contentUrl":"https:\/\/www.hotelsmerano.it\/wp-content\/uploads\/2017\/12\/PH_Family_Meran_City_Hotel_Merano_Hotel_Flora_Gastgeber_Dr._Barbara_Hoelzl_Dr._Stefano_Pippi_1_Anguane_2017-4720_2250x1000.jpg","width":2250,"height":1000,"caption":"Eine Gastgeberfamilie, zwei Hotels und ein Restaurant im Zentrum Merans. Stammhaus Flora an der Passerpromenade und das trendige City Hotel. \u00a9Anguane"},{"@type":"BreadcrumbList","@id":"https:\/\/www.hotelsmerano.it\/de\/die-betriebszweige-der-ph-management-gmbh\/ihre-gastgeber-in-merans-zentralen-stadthotels\/#breadcrumb","itemListElement":[{"@type":"ListItem","position":1,"name":"Home","item":"https:\/\/www.hotelsmerano.it\/"},{"@type":"ListItem","position":2,"name":"Unser Unternehmen","item":"https:\/\/www.hotelsmerano.it\/de\/die-betriebszweige-der-ph-management-gmbh\/"},{"@type":"ListItem","position":3,"name":"Ihre Gastgeber"}]},{"@type":"WebSite","@id":"https:\/\/www.hotelsmerano.it\/#website","url":"https:\/\/www.hotelsmerano.it\/","name":"P&amp;H Family","description":"","potentialAction":[{"@type":"SearchAction","target":{"@type":"EntryPoint","urlTemplate":"https:\/\/www.hotelsmerano.it\/?s={search_term_string}"},"query-input":{"@type":"PropertyValueSpecification","valueRequired":true,"valueName":"search_term_string"}}],"inLanguage":"de"}]}},"_links":{"self":[{"href":"https:\/\/www.hotelsmerano.it\/de\/wp-json\/wp\/v2\/pages\/2651","targetHints":{"allow":["GET"]}}],"collection":[{"href":"https:\/\/www.hotelsmerano.it\/de\/wp-json\/wp\/v2\/pages"}],"about":[{"href":"https:\/\/www.hotelsmerano.it\/de\/wp-json\/wp\/v2\/types\/page"}],"author":[{"embeddable":true,"href":"https:\/\/www.hotelsmerano.it\/de\/wp-json\/wp\/v2\/users\/5"}],"replies":[{"embeddable":true,"href":"https:\/\/www.hotelsmerano.it\/de\/wp-json\/wp\/v2\/comments?post=2651"}],"version-history":[{"count":0,"href":"https:\/\/www.hotelsmerano.it\/de\/wp-json\/wp\/v2\/pages\/2651\/revisions"}],"up":[{"embeddable":true,"href":"https:\/\/www.hotelsmerano.it\/de\/wp-json\/wp\/v2\/pages\/2673"}],"wp:featuredmedia":[{"embeddable":true,"href":"https:\/\/www.hotelsmerano.it\/de\/wp-json\/wp\/v2\/media\/6399"}],"wp:attachment":[{"href":"https:\/\/www.hotelsmerano.it\/de\/wp-json\/wp\/v2\/media?parent=2651"}],"curies":[{"name":"wp","href":"https:\/\/api.w.org\/{rel}","templated":true}]}}