{"id":2246,"date":"2017-10-05T12:15:07","date_gmt":"2017-10-05T10:15:07","guid":{"rendered":"http:\/\/www.hotelsmerano.it\/?page_id=2246"},"modified":"2023-07-07T12:19:45","modified_gmt":"2023-07-07T10:19:45","slug":"vielen-dank-fuer-ihr-interesse","status":"publish","type":"page","link":"https:\/\/www.hotelsmerano.it\/de\/newsletter-abonnieren\/vielen-dank-fuer-ihr-interesse\/","title":{"rendered":"Vielen Dank f\u00fcr Ihr Interesse"},"content":{"rendered":"<p>Danke f\u00fcr Ihre Anmeldung zu unserem Newsletter. <\/p>\n<p>Ab jetzt informieren wir Sie regelm\u00e4\u00dfig \u00fcber unsere Angebote und \u00fcber die Veranstaltungen in Meran.<\/p>\n<p>Urlaub in Meran ist etwas Besonderes. Und so einzigartig und unterschiedlich sind auch unsere 3 Hotels im Zentrum von Meran.<\/p>\n<p>Sie alle sind Teil der P&amp;H Familie. Unsere Welt, unser Leben und unsere t\u00e4gliche Herausforderung. F\u00fcr Sie und f\u00fcr Ihr Wohlbefinden.<\/p>\n<p>Willkommen in Meran, willkommen in der P&amp;H Family!<\/p>\n<p>Bis bald!<\/p>\n<p>Ihre Familie H\u00f6lzl Pippi<\/p>\n","protected":false},"excerpt":{"rendered":"<p>Danke f\u00fcr Ihre Anmeldung zu unserem Newsletter. Ab jetzt informieren wir Sie regelm\u00e4\u00dfig \u00fcber unsere Angebote und \u00fcber die Veranstaltungen in Meran. Urlaub in Meran ist etwas Besonderes. Und so einzigartig und unterschiedlich sind auch unsere 3 Hotels im Zentrum von Meran. Sie alle sind Teil der P&amp;H Familie. Unsere Welt, unser Leben und unsere [&hellip;]<\/p>\n","protected":false},"author":2,"featured_media":12438,"parent":2448,"menu_order":0,"comment_status":"closed","ping_status":"closed","template":"page-thankyou-newsletter.php","meta":{"_acf_changed":false,"footnotes":""},"class_list":["post-2246","page","type-page","status-publish","has-post-thumbnail","hentry"],"acf":[],"yoast_head":"<!-- This site is optimized with the Yoast SEO plugin v26.9 - https:\/\/yoast.com\/product\/yoast-seo-wordpress\/ -->\n<title>Vielen Dank f\u00fcr Ihr Interesse - P&amp;H Family<\/title>\n<meta name=\"robots\" content=\"index, follow, max-snippet:-1, max-image-preview:large, max-video-preview:-1\" \/>\n<meta property=\"og:locale\" content=\"de_DE\" \/>\n<meta property=\"og:type\" content=\"article\" \/>\n<meta property=\"og:title\" content=\"Vielen Dank f\u00fcr Ihr Interesse - P&amp;H Family\" \/>\n<meta property=\"og:description\" content=\"Danke f\u00fcr Ihre Anmeldung zu unserem Newsletter. Ab jetzt informieren wir Sie regelm\u00e4\u00dfig \u00fcber unsere Angebote und \u00fcber die Veranstaltungen in Meran. Urlaub in Meran ist etwas Besonderes. Und so einzigartig und unterschiedlich sind auch unsere 3 Hotels im Zentrum von Meran. Sie alle sind Teil der P&amp;H Familie. Unsere Welt, unser Leben und unsere [&hellip;]\" \/>\n<meta property=\"og:url\" content=\"https:\/\/www.hotelsmerano.it\/de\/newsletter-abonnieren\/vielen-dank-fuer-ihr-interesse\/\" \/>\n<meta property=\"og:site_name\" content=\"P&amp;H Family\" \/>\n<meta property=\"article:modified_time\" content=\"2023-07-07T10:19:45+00:00\" \/>\n<meta property=\"og:image\" content=\"https:\/\/www.hotelsmerano.it\/wp-content\/uploads\/2021\/07\/PH_Family_Meran_City_Hotel_Merano_Hotel_Flora_Gastgeber_Dr._Barbara_Hoelzl_Dr._Stefano_Pippi_1_Anguane_2017-4921_2250x1000.jpg\" \/>\n\t<meta property=\"og:image:width\" content=\"2250\" \/>\n\t<meta property=\"og:image:height\" content=\"1000\" \/>\n\t<meta property=\"og:image:type\" content=\"image\/jpeg\" \/>\n<meta name=\"twitter:card\" content=\"summary_large_image\" \/>\n<meta name=\"twitter:label1\" content=\"Gesch\u00e4tzte Lesezeit\" \/>\n\t<meta name=\"twitter:data1\" content=\"1\u00a0Minute\" \/>\n<script type=\"application\/ld+json\" class=\"yoast-schema-graph\">{\"@context\":\"https:\/\/schema.org\",\"@graph\":[{\"@type\":\"WebPage\",\"@id\":\"https:\/\/www.hotelsmerano.it\/de\/newsletter-abonnieren\/vielen-dank-fuer-ihr-interesse\/\",\"url\":\"https:\/\/www.hotelsmerano.it\/de\/newsletter-abonnieren\/vielen-dank-fuer-ihr-interesse\/\",\"name\":\"Vielen Dank f\u00fcr Ihr Interesse - P&amp;H Family\",\"isPartOf\":{\"@id\":\"https:\/\/www.hotelsmerano.it\/#website\"},\"primaryImageOfPage\":{\"@id\":\"https:\/\/www.hotelsmerano.it\/de\/newsletter-abonnieren\/vielen-dank-fuer-ihr-interesse\/#primaryimage\"},\"image\":{\"@id\":\"https:\/\/www.hotelsmerano.it\/de\/newsletter-abonnieren\/vielen-dank-fuer-ihr-interesse\/#primaryimage\"},\"thumbnailUrl\":\"https:\/\/www.hotelsmerano.it\/wp-content\/uploads\/2021\/07\/PH_Family_Meran_City_Hotel_Merano_Hotel_Flora_Gastgeber_Dr._Barbara_Hoelzl_Dr._Stefano_Pippi_1_Anguane_2017-4921_2250x1000.jpg\",\"datePublished\":\"2017-10-05T10:15:07+00:00\",\"dateModified\":\"2023-07-07T10:19:45+00:00\",\"breadcrumb\":{\"@id\":\"https:\/\/www.hotelsmerano.it\/de\/newsletter-abonnieren\/vielen-dank-fuer-ihr-interesse\/#breadcrumb\"},\"inLanguage\":\"de\",\"potentialAction\":[{\"@type\":\"ReadAction\",\"target\":[\"https:\/\/www.hotelsmerano.it\/de\/newsletter-abonnieren\/vielen-dank-fuer-ihr-interesse\/\"]}]},{\"@type\":\"ImageObject\",\"inLanguage\":\"de\",\"@id\":\"https:\/\/www.hotelsmerano.it\/de\/newsletter-abonnieren\/vielen-dank-fuer-ihr-interesse\/#primaryimage\",\"url\":\"https:\/\/www.hotelsmerano.it\/wp-content\/uploads\/2021\/07\/PH_Family_Meran_City_Hotel_Merano_Hotel_Flora_Gastgeber_Dr._Barbara_Hoelzl_Dr._Stefano_Pippi_1_Anguane_2017-4921_2250x1000.jpg\",\"contentUrl\":\"https:\/\/www.hotelsmerano.it\/wp-content\/uploads\/2021\/07\/PH_Family_Meran_City_Hotel_Merano_Hotel_Flora_Gastgeber_Dr._Barbara_Hoelzl_Dr._Stefano_Pippi_1_Anguane_2017-4921_2250x1000.jpg\",\"width\":2250,\"height\":1000},{\"@type\":\"BreadcrumbList\",\"@id\":\"https:\/\/www.hotelsmerano.it\/de\/newsletter-abonnieren\/vielen-dank-fuer-ihr-interesse\/#breadcrumb\",\"itemListElement\":[{\"@type\":\"ListItem\",\"position\":1,\"name\":\"Home\",\"item\":\"https:\/\/www.hotelsmerano.it\/\"},{\"@type\":\"ListItem\",\"position\":2,\"name\":\"Newsletter abonnieren\",\"item\":\"https:\/\/www.hotelsmerano.it\/de\/newsletter-abonnieren\/\"},{\"@type\":\"ListItem\",\"position\":3,\"name\":\"Vielen Dank f\u00fcr Ihr Interesse\"}]},{\"@type\":\"WebSite\",\"@id\":\"https:\/\/www.hotelsmerano.it\/#website\",\"url\":\"https:\/\/www.hotelsmerano.it\/\",\"name\":\"P&amp;H Family\",\"description\":\"\",\"potentialAction\":[{\"@type\":\"SearchAction\",\"target\":{\"@type\":\"EntryPoint\",\"urlTemplate\":\"https:\/\/www.hotelsmerano.it\/?s={search_term_string}\"},\"query-input\":{\"@type\":\"PropertyValueSpecification\",\"valueRequired\":true,\"valueName\":\"search_term_string\"}}],\"inLanguage\":\"de\"}]}<\/script>\n<!-- \/ Yoast SEO plugin. -->","yoast_head_json":{"title":"Vielen Dank f\u00fcr Ihr Interesse - P&amp;H Family","robots":{"index":"index","follow":"follow","max-snippet":"max-snippet:-1","max-image-preview":"max-image-preview:large","max-video-preview":"max-video-preview:-1"},"og_locale":"de_DE","og_type":"article","og_title":"Vielen Dank f\u00fcr Ihr Interesse - P&amp;H Family","og_description":"Danke f\u00fcr Ihre Anmeldung zu unserem Newsletter. Ab jetzt informieren wir Sie regelm\u00e4\u00dfig \u00fcber unsere Angebote und \u00fcber die Veranstaltungen in Meran. Urlaub in Meran ist etwas Besonderes. Und so einzigartig und unterschiedlich sind auch unsere 3 Hotels im Zentrum von Meran. Sie alle sind Teil der P&amp;H Familie. Unsere Welt, unser Leben und unsere [&hellip;]","og_url":"https:\/\/www.hotelsmerano.it\/de\/newsletter-abonnieren\/vielen-dank-fuer-ihr-interesse\/","og_site_name":"P&amp;H Family","article_modified_time":"2023-07-07T10:19:45+00:00","og_image":[{"width":2250,"height":1000,"url":"https:\/\/www.hotelsmerano.it\/wp-content\/uploads\/2021\/07\/PH_Family_Meran_City_Hotel_Merano_Hotel_Flora_Gastgeber_Dr._Barbara_Hoelzl_Dr._Stefano_Pippi_1_Anguane_2017-4921_2250x1000.jpg","type":"image\/jpeg"}],"twitter_card":"summary_large_image","twitter_misc":{"Gesch\u00e4tzte Lesezeit":"1\u00a0Minute"},"schema":{"@context":"https:\/\/schema.org","@graph":[{"@type":"WebPage","@id":"https:\/\/www.hotelsmerano.it\/de\/newsletter-abonnieren\/vielen-dank-fuer-ihr-interesse\/","url":"https:\/\/www.hotelsmerano.it\/de\/newsletter-abonnieren\/vielen-dank-fuer-ihr-interesse\/","name":"Vielen Dank f\u00fcr Ihr Interesse - P&amp;H Family","isPartOf":{"@id":"https:\/\/www.hotelsmerano.it\/#website"},"primaryImageOfPage":{"@id":"https:\/\/www.hotelsmerano.it\/de\/newsletter-abonnieren\/vielen-dank-fuer-ihr-interesse\/#primaryimage"},"image":{"@id":"https:\/\/www.hotelsmerano.it\/de\/newsletter-abonnieren\/vielen-dank-fuer-ihr-interesse\/#primaryimage"},"thumbnailUrl":"https:\/\/www.hotelsmerano.it\/wp-content\/uploads\/2021\/07\/PH_Family_Meran_City_Hotel_Merano_Hotel_Flora_Gastgeber_Dr._Barbara_Hoelzl_Dr._Stefano_Pippi_1_Anguane_2017-4921_2250x1000.jpg","datePublished":"2017-10-05T10:15:07+00:00","dateModified":"2023-07-07T10:19:45+00:00","breadcrumb":{"@id":"https:\/\/www.hotelsmerano.it\/de\/newsletter-abonnieren\/vielen-dank-fuer-ihr-interesse\/#breadcrumb"},"inLanguage":"de","potentialAction":[{"@type":"ReadAction","target":["https:\/\/www.hotelsmerano.it\/de\/newsletter-abonnieren\/vielen-dank-fuer-ihr-interesse\/"]}]},{"@type":"ImageObject","inLanguage":"de","@id":"https:\/\/www.hotelsmerano.it\/de\/newsletter-abonnieren\/vielen-dank-fuer-ihr-interesse\/#primaryimage","url":"https:\/\/www.hotelsmerano.it\/wp-content\/uploads\/2021\/07\/PH_Family_Meran_City_Hotel_Merano_Hotel_Flora_Gastgeber_Dr._Barbara_Hoelzl_Dr._Stefano_Pippi_1_Anguane_2017-4921_2250x1000.jpg","contentUrl":"https:\/\/www.hotelsmerano.it\/wp-content\/uploads\/2021\/07\/PH_Family_Meran_City_Hotel_Merano_Hotel_Flora_Gastgeber_Dr._Barbara_Hoelzl_Dr._Stefano_Pippi_1_Anguane_2017-4921_2250x1000.jpg","width":2250,"height":1000},{"@type":"BreadcrumbList","@id":"https:\/\/www.hotelsmerano.it\/de\/newsletter-abonnieren\/vielen-dank-fuer-ihr-interesse\/#breadcrumb","itemListElement":[{"@type":"ListItem","position":1,"name":"Home","item":"https:\/\/www.hotelsmerano.it\/"},{"@type":"ListItem","position":2,"name":"Newsletter abonnieren","item":"https:\/\/www.hotelsmerano.it\/de\/newsletter-abonnieren\/"},{"@type":"ListItem","position":3,"name":"Vielen Dank f\u00fcr Ihr Interesse"}]},{"@type":"WebSite","@id":"https:\/\/www.hotelsmerano.it\/#website","url":"https:\/\/www.hotelsmerano.it\/","name":"P&amp;H Family","description":"","potentialAction":[{"@type":"SearchAction","target":{"@type":"EntryPoint","urlTemplate":"https:\/\/www.hotelsmerano.it\/?s={search_term_string}"},"query-input":{"@type":"PropertyValueSpecification","valueRequired":true,"valueName":"search_term_string"}}],"inLanguage":"de"}]}},"_links":{"self":[{"href":"https:\/\/www.hotelsmerano.it\/de\/wp-json\/wp\/v2\/pages\/2246","targetHints":{"allow":["GET"]}}],"collection":[{"href":"https:\/\/www.hotelsmerano.it\/de\/wp-json\/wp\/v2\/pages"}],"about":[{"href":"https:\/\/www.hotelsmerano.it\/de\/wp-json\/wp\/v2\/types\/page"}],"author":[{"embeddable":true,"href":"https:\/\/www.hotelsmerano.it\/de\/wp-json\/wp\/v2\/users\/2"}],"replies":[{"embeddable":true,"href":"https:\/\/www.hotelsmerano.it\/de\/wp-json\/wp\/v2\/comments?post=2246"}],"version-history":[{"count":0,"href":"https:\/\/www.hotelsmerano.it\/de\/wp-json\/wp\/v2\/pages\/2246\/revisions"}],"up":[{"embeddable":true,"href":"https:\/\/www.hotelsmerano.it\/de\/wp-json\/wp\/v2\/pages\/2448"}],"wp:featuredmedia":[{"embeddable":true,"href":"https:\/\/www.hotelsmerano.it\/de\/wp-json\/wp\/v2\/media\/12438"}],"wp:attachment":[{"href":"https:\/\/www.hotelsmerano.it\/de\/wp-json\/wp\/v2\/media?parent=2246"}],"curies":[{"name":"wp","href":"https:\/\/api.w.org\/{rel}","templated":true}]}}