{"id":2023,"date":"2017-09-28T17:06:12","date_gmt":"2017-09-28T15:06:12","guid":{"rendered":"http:\/\/www.hotelsmerano.it\/?page_id=2023"},"modified":"2025-09-18T09:18:28","modified_gmt":"2025-09-18T07:18:28","slug":"cookies","status":"publish","type":"page","link":"https:\/\/www.hotelsmerano.it\/de\/impressum-und-credits\/cookies\/","title":{"rendered":"Cookies"},"content":{"rendered":"<p>Die Website www.hotelsmerano.it (\u201eWebsite\u201c) verwendet Cookies. Cookies sind kleine von einem Server erstellte Textdateien, die auf der Festplatte des Computers oder anderer vom Nutzer f\u00fcr den Internetzugang verwendeter Ger\u00e4te (Smartphone, Tablet usw.) gespeichert und beim n\u00e4chsten Internetbesuch an den Server zur\u00fcckgesendet werden. Cookies erm\u00f6glichen die Sammlung von Informationen \u00fcber das Surfverhalten des Nutzers auf der Website; zum Beispiel erinnern sie sich an Spracheinstellungen oder die f\u00fcr Eink\u00e4ufe gew\u00e4hlte W\u00e4hrung und schlagen sie beim n\u00e4chsten Besuch erneut vor, um die Nutzung zu erleichtern. Cookies k\u00f6nnen f\u00fcr einen variablen Zeitraum dauerhaft auf Ihrem Computer gespeichert werden (sog. permanente Cookies); sie k\u00f6nnen aber auch beim Schlie\u00dfen des Browsers gel\u00f6scht werden bzw. eine begrenzte Dauer haben (sog. Sitzungscookies). Cookies k\u00f6nnen von der Website installiert werden, die Sie besuchen (sog. Erstanbieter-Cookies), oder von anderen Websites (sog. Drittanbieter-Cookies). Unsere Website verwendet Erstanbieter-Cookies, Drittanbieter-Cookies und weitere \u00e4hnliche Technologien, wie nachstehend n\u00e4her beschrieben.<\/p>\n<h3>VERANTWORTLICHER DER VERARBEITUNG<\/h3>\n<p>P&amp;H Management GmbH-srl Via XXX Aprile, 2 &#8211; 39012 Merano &#8211; MwSt.-Nr. IT02735620219 Eintragung HK BZ: IT02735620219 (im Folgenden auch \u201eGesellschaft\u201c).<\/p>\n<h3>1 &#8211; ZWECK DER VERARBEITUNG<\/h3>\n<p>1.1 \u2013 Notwendige technische Cookies: Die Website verwendet Erstanbieter-Cookies, Sitzungscookies und permanente Cookies, damit Sie die Website sicher und effizient nutzen k\u00f6nnen und die angebotenen Dienstleistungen verbessert werden k\u00f6nnen. Es handelt sich um Cookies, die zum Beispiel die Erkennung der gew\u00e4hlten Sprache und des Landes erm\u00f6glichen, von dem aus der Nutzer auf die Website zugreift. Diese Cookies erkennen Sie bei einem erneuten Besuch der Website wieder, sodass Sie Ihre Daten nicht jedes Mal eingeben m\u00fcssen. Die Website verwendet au\u00dferdem Drittanbieter-Cookies von Google Analytics, um Informationen \u00fcber die Nutzung der Website zu sammeln (Anzahl der Besucher, besuchte Seiten, Verweildauer auf der Website usw.). Die IP-Adressen der Nutzer werden anonym gesammelt und verarbeitet und die Einstellungen des Dienstes sehen nicht vor, dass die Daten mit Google geteilt werden. F\u00fcr n\u00e4here Einzelheiten und Informationen k\u00f6nnen Sie die Seite des Anbieters <a href=\"https:\/\/support.google.com\/analytics\/answer\/1011397\" target=\"_blank\" rel=\"noopener\">https:\/\/support.google.com\/analytics\/answer\/1011397<\/a> besuchen. In jedem Fall k\u00f6nnen die Cookies von Google Analytics deaktiviert werden. Laden Sie dazu das spezifische Browser-Plug-in herunter, das Sie hier finden: <a href=\"https:\/\/tools.google.com\/dlpage\/gaoptout\" target=\"_blank\" rel=\"noopener\">https:\/\/tools.google.com\/dlpage\/gaoptout<\/a>.<\/p>\n<p>1.2 \u2013 Profil-Cookies: Die Website verwendet ausschlie\u00dflich Marketing-Cookies von Dritten, die es erm\u00f6glichen, die bei jedem Besuch aufgezeichneten Einstellungen und Vorlieben zu erfassen. So l\u00e4sst sich ein Nutzerprofil erstellen, das es erm\u00f6glicht, Inhalte zu erstellen und Mitteilungen zu versenden, die den Pr\u00e4ferenzen und Interessen des Nutzers besser entsprechen. Marketing-Cookies Dritter, erm\u00f6glichen es Ihnen auch, unsere Werbeangebote zu sehen, wenn Sie andere Websites besuchen (Retargeting). Zus\u00e4tzlich: Erm\u00f6glichung und Ausf\u00fchrung der Buchung des Gastes; Durchf\u00fchrung des Aufenthalts des Gastes; Abstimmung des Aufenthalts auf W\u00fcnsche und Interessen des Gastes; M\u00f6glichkeit, auch in Zukunft Dienste in \u00dcbereinstimmung mit Interessen des Gastes anzubieten; Marketing im Zusammenhang mit Leistungen des Hotels und Verbesserung der Leistungen des Hotels.<\/p>\n<p>1.3 &#8211; Datenweitergabe an Dritte: an Dienstleister und deren Hilfspersonen, die Cloud-basierte Software- und Datenverarbeitungsl\u00f6sungen f\u00fcr das Hotel anbieten, und im Auftrag des Hotels Daten des Gastes (zu obigen Zwecken) auswerten und verarbeiten.<\/p>\n<h3>2 \u2013 RECHTSGRUNDLAGE DER VERARBEITUNG<\/h3>\n<p>2.1 \u2013 Notwendige technische Cookies: Die Verarbeitung dieser Daten ist aufgrund des berechtigten Interesse des Datenverantwortlichen gestattet. Dieser gew\u00e4hrleistet dadurch die Sicherheit und die optimale Funktionalit\u00e4t der Website und sch\u00fctzt damit seine Rechte.<\/p>\n<p>2.2 \u2013 Profil-Cookies: Einwilligung (\u00fcber Cookie-Banner, fakultativ und jederzeit widerrufbar).<\/p>\n<h3>3 \u2013 SPEICHERDAUER PERSONENBEZOGENER DATEN<\/h3>\n<p>Zur \u00dcberpr\u00fcfung der Speicherdauer der einzelnen Cookies nehmen Sie bitte auf die vollst\u00e4ndige <a href=\"#\" class=\"cm-open-cookie-notice cm-open-cookie-notice-shortcode-type-link\" aria-haspopup=\"dialog\"><span class=\"cm-open-cookie-notice-span\">Cookie-Liste Bezug<\/span><\/a>.<\/p>\n<h3>4 \u2013 ART DER BEREITSTELLUNG DER DATEN<\/h3>\n<p>Beim Zugriff auf irgendeine der Seiten der Website erscheint ein Cookie-Banner, das eine kurze Information enth\u00e4lt. Das Schlie\u00dfen des Banners beinhaltet die Beibehaltung der Einstellungen und die Fortsetzung des Besuches ohne andere als technische Cookies. Ihre Einwilligung in die Verwendung anderer als technischer Cookies ist freiwillig und kann \u00fcber die Konfiguration der <a href=\"#\" class=\"cm-open-cookie-notice cm-open-cookie-notice-shortcode-type-link\" aria-haspopup=\"dialog\"><span class=\"cm-open-cookie-notice-span\">Cookie-Pr\u00e4ferenzen<\/span><\/a> jederzeit widerrufen werden. Die Einwilligung in die Cookie-Verwendung wird mit einem \u201etechnischen Cookie\u201c gespeichert.<\/p>\n<h3>5 \u2013 IHRE RECHTE ALS VON DER VERARBEITUNG BETROFFENE PERSON<\/h3>\n<p>Durch Kontaktaufnahme mit der Gesellschaft per E-Mail unter <a href=\"mailto:info@hotelsmerano.it\">info@hotelsmerano.it<\/a> k\u00f6nnen Sie Auskunft \u00fcber Sie betreffende Daten erhalten, die L\u00f6schung, die Berichtigung unrichtiger und die Erg\u00e4nzung unvollst\u00e4ndiger Daten sowie die Einschr\u00e4nkung der Verarbeitung in den in Artikel 18 der DSGVO genannten F\u00e4llen verlangen und im Falle eines berechtigten Interesses der Gesellschaft Widerspruch gegen die Verarbeitung einlegen.<br \/>\nSofern die Verarbeitung sich auf Ihre Einwilligung oder auf einen Vertrag st\u00fctzt und mit automatisierten Verfahren durchgef\u00fchrt wird, haben Sie ferner das Recht, Ihre personenbezogenen Daten in einem strukturierten, g\u00e4ngigen und maschinenlesbaren Format zu erhalten und sie, sofern technisch machbar, einem anderen Verantwortlichen ohne Behinderung zu \u00fcbermitteln.<br \/>\nSie haben das Recht, Ihre Einwilligung in die Verarbeitung f\u00fcr Zwecke der Werbung und\/oder des Profiling jederzeit zu widerrufen, und k\u00f6nnen gegen die Datenverarbeitung zu Werbezwecken, einschlie\u00dflich des Profiling im Zusammenhang mit Direktwerbung, Widerspruch einlegen. Sofern Sie zu solchen Zwecken ausschlie\u00dflich \u00fcber traditionelle Kan\u00e4le kontaktiert werden m\u00f6chten, k\u00f6nnen Sie Ihren Widerspruch auf den Empfang automatisierter Mitteilungen beschr\u00e4nken.<br \/>\nSie haben das Recht, bei der zust\u00e4ndigen Aufsichtsbeh\u00f6rde des Mitgliedstaates, in dem Sie Ihren Hauptwohnsitz haben oder arbeiten, bzw. des Staates, in dem die mutma\u00dfliche Verletzung stattgefunden hat, Beschwerde einzulegen.<br \/>\nSie k\u00f6nnen die Speicherung von Cookies auf Ihrer Festplatte unterbinden, indem Sie die Cookies in Ihren Browsereinstellungen deaktivieren. Nachstehend werden die diesbez\u00fcglichen Verfahren der wichtigsten Browser genannt: <a href=\"https:\/\/support.google.com\/chrome\/answer\/95647?hl=it-it\" target=\"_blank\" rel=\"noopener\">Google Chrome<\/a>, <a href=\"https:\/\/support.apple.com\/it-it\/guide\/safari\/sfri11471\/mac#:~:text=Nell'app%20Safari%20sul%20Mac,il%20monitoraggio%20tra%20siti%20web%E2%80%9D\" target=\"_blank\" rel=\"noopener\">Safari<\/a>, <a href=\"https:\/\/support.mozilla.org\/it\/kb\/Bloccare%20i%20cookie\" target=\"_blank\" rel=\"noopener\">Mozilla Firefox<\/a>, <a href=\"https:\/\/support.microsoft.com\/it-it\/microsoft-edge\/eliminare-i-cookie-in-microsoft-edge-63947406-40ac-c3b8-57b9-2a946a29ae09#:~:text=Apri%20Microsoft%20Edge%20and%20seleziona,del%20sito%2C%20quindi%20Cancella%20ora\" target=\"_blank\" rel=\"noopener\">Microsoft Edge<\/a>.<\/p>\n<p>Nach diesem Vorgang werden einige Funktionen der Webseiten eventuell nicht mehr korrekt ausgef\u00fchrt.<\/p>\n<h3>6 \u2013 MERKMALE DER VON DER WEBSITE VERWENDETEN COOKIES UND VERWALTUNG DER PR\u00c4FERENZEN<\/h3>\n<p>Klicken Sie auf den folgenden Link, um die vollst\u00e4ndige Liste der verwendeten Cookies einzusehen und Ihre Pr\u00e4ferenzen im Einzelnen einzustellen: <a href=\"#\" class=\"cm-open-cookie-notice cm-open-cookie-notice-shortcode-type-button\" aria-haspopup=\"dialog\"><span class=\"cm-open-cookie-notice-span\">Vollst\u00e4ndige Liste und Verwaltung der Cookie-Einstellungen<\/span><\/a><\/p>\n<p>Wir verwenden zudem Facebook Offline Conversions, um unsere Werbekampagnen zu optimieren und die Effektivit\u00e4t unserer Marketingbem\u00fchungen zu messen. Durch die Verwendung von Facebook Offline Conversions erfassen wir Informationen wie die Anzahl der K\u00e4ufe, die in unserem Gesch\u00e4ft get\u00e4tigt wurden, nachdem eine Person auf eine unserer Online-Anzeigen geklickt hat. Diese Informationen werden dann von Facebook verwendet, um unsere Anzeigen besser an die Interessen unserer Zielgruppe anzupassen. Bitte beachten Sie, dass wir keine Kontrolle dar\u00fcber haben, wie Facebook Ihre Daten verwendet und wir empfehlen Ihnen sich mit deren Datenschutzrichtlinie vertraut zu machen, die Sie hier finden k\u00f6nnen: <a href=\"https:\/\/www.facebook.com\/policy.php\">Link<\/a>.<br \/>\nEs gibt auch eine spezifische Seite f\u00fcr die Offline Conversions, die Sie hier finden k\u00f6nnen: <a href=\"https:\/\/www.facebook.com\/business\/help\/1142103235885551?id=565900110447546\">Link<\/a><\/p>\n<h3>7 \u2013 ZUR VERARBEITUNG BEFUGTE PERSONEN<\/h3>\n<p>Die durch Cookies erhobenen Daten werden von Arbeitnehmern und Mitarbeitern der Gesellschaft oder externen Personen in der Eigenschaft als beauftragte Personen und Auftragsverarbeiter verarbeitet, die im Auftrag der Gesellschaft technische und organisatorische Aufgaben im Zusammenhang mit der Website ausf\u00fchren. Wenn Sie eine vollst\u00e4ndige, aktualisierte Liste der von der Gesellschaft ernannten Auftragsverarbeiter erhalten m\u00f6chten, schreiben Sie per E-Mail an <a href=\"mailto:info@hotelsmerano.it\">info@hotelsmerano.it<\/a>.<\/p>\n","protected":false},"excerpt":{"rendered":"<p>Die Website www.hotelsmerano.it (\u201eWebsite\u201c) verwendet Cookies. Cookies sind kleine von einem Server erstellte Textdateien, die auf der Festplatte des Computers oder anderer vom Nutzer f\u00fcr den Internetzugang verwendeter Ger\u00e4te (Smartphone, Tablet usw.) gespeichert und beim n\u00e4chsten Internetbesuch an den Server zur\u00fcckgesendet werden. Cookies erm\u00f6glichen die Sammlung von Informationen \u00fcber das Surfverhalten des Nutzers auf der [&hellip;]<\/p>\n","protected":false},"author":2,"featured_media":6441,"parent":2027,"menu_order":0,"comment_status":"closed","ping_status":"closed","template":"","meta":{"_acf_changed":false,"footnotes":""},"class_list":["post-2023","page","type-page","status-publish","has-post-thumbnail","hentry"],"acf":[],"yoast_head":"<!-- This site is optimized with the Yoast SEO plugin v26.9 - https:\/\/yoast.com\/product\/yoast-seo-wordpress\/ -->\n<title>Cookies - P&amp;H Family<\/title>\n<meta name=\"robots\" content=\"index, follow, max-snippet:-1, max-image-preview:large, max-video-preview:-1\" \/>\n<meta property=\"og:locale\" content=\"de_DE\" \/>\n<meta property=\"og:type\" content=\"article\" \/>\n<meta property=\"og:title\" content=\"Cookies - P&amp;H Family\" \/>\n<meta property=\"og:description\" content=\"Die Website www.hotelsmerano.it (\u201eWebsite\u201c) verwendet Cookies. Cookies sind kleine von einem Server erstellte Textdateien, die auf der Festplatte des Computers oder anderer vom Nutzer f\u00fcr den Internetzugang verwendeter Ger\u00e4te (Smartphone, Tablet usw.) gespeichert und beim n\u00e4chsten Internetbesuch an den Server zur\u00fcckgesendet werden. Cookies erm\u00f6glichen die Sammlung von Informationen \u00fcber das Surfverhalten des Nutzers auf der [&hellip;]\" \/>\n<meta property=\"og:url\" content=\"https:\/\/www.hotelsmerano.it\/de\/impressum-und-credits\/cookies\/\" \/>\n<meta property=\"og:site_name\" content=\"P&amp;H Family\" \/>\n<meta property=\"article:modified_time\" content=\"2025-09-18T07:18:28+00:00\" \/>\n<meta property=\"og:image\" content=\"https:\/\/www.hotelsmerano.it\/wp-content\/uploads\/2017\/12\/PH_Family_Meran_City_Hotel_Merano_Hotel_Flora_Reception_Kontakt_000016006124_2250x1000.jpg\" \/>\n\t<meta property=\"og:image:width\" content=\"2250\" \/>\n\t<meta property=\"og:image:height\" content=\"1000\" \/>\n\t<meta property=\"og:image:type\" content=\"image\/jpeg\" \/>\n<meta name=\"twitter:card\" content=\"summary_large_image\" \/>\n<meta name=\"twitter:label1\" content=\"Gesch\u00e4tzte Lesezeit\" \/>\n\t<meta name=\"twitter:data1\" content=\"6\u00a0Minuten\" \/>\n<script type=\"application\/ld+json\" class=\"yoast-schema-graph\">{\"@context\":\"https:\/\/schema.org\",\"@graph\":[{\"@type\":\"WebPage\",\"@id\":\"https:\/\/www.hotelsmerano.it\/de\/impressum-und-credits\/cookies\/\",\"url\":\"https:\/\/www.hotelsmerano.it\/de\/impressum-und-credits\/cookies\/\",\"name\":\"Cookies - P&amp;H Family\",\"isPartOf\":{\"@id\":\"https:\/\/www.hotelsmerano.it\/#website\"},\"primaryImageOfPage\":{\"@id\":\"https:\/\/www.hotelsmerano.it\/de\/impressum-und-credits\/cookies\/#primaryimage\"},\"image\":{\"@id\":\"https:\/\/www.hotelsmerano.it\/de\/impressum-und-credits\/cookies\/#primaryimage\"},\"thumbnailUrl\":\"https:\/\/www.hotelsmerano.it\/wp-content\/uploads\/2017\/12\/PH_Family_Meran_City_Hotel_Merano_Hotel_Flora_Reception_Kontakt_000016006124_2250x1000.jpg\",\"datePublished\":\"2017-09-28T15:06:12+00:00\",\"dateModified\":\"2025-09-18T07:18:28+00:00\",\"breadcrumb\":{\"@id\":\"https:\/\/www.hotelsmerano.it\/de\/impressum-und-credits\/cookies\/#breadcrumb\"},\"inLanguage\":\"de\",\"potentialAction\":[{\"@type\":\"ReadAction\",\"target\":[\"https:\/\/www.hotelsmerano.it\/de\/impressum-und-credits\/cookies\/\"]}]},{\"@type\":\"ImageObject\",\"inLanguage\":\"de\",\"@id\":\"https:\/\/www.hotelsmerano.it\/de\/impressum-und-credits\/cookies\/#primaryimage\",\"url\":\"https:\/\/www.hotelsmerano.it\/wp-content\/uploads\/2017\/12\/PH_Family_Meran_City_Hotel_Merano_Hotel_Flora_Reception_Kontakt_000016006124_2250x1000.jpg\",\"contentUrl\":\"https:\/\/www.hotelsmerano.it\/wp-content\/uploads\/2017\/12\/PH_Family_Meran_City_Hotel_Merano_Hotel_Flora_Reception_Kontakt_000016006124_2250x1000.jpg\",\"width\":2250,\"height\":1000},{\"@type\":\"BreadcrumbList\",\"@id\":\"https:\/\/www.hotelsmerano.it\/de\/impressum-und-credits\/cookies\/#breadcrumb\",\"itemListElement\":[{\"@type\":\"ListItem\",\"position\":1,\"name\":\"Home\",\"item\":\"https:\/\/www.hotelsmerano.it\/\"},{\"@type\":\"ListItem\",\"position\":2,\"name\":\"Impressum &amp; Credits\",\"item\":\"https:\/\/www.hotelsmerano.it\/de\/impressum-und-credits\/\"},{\"@type\":\"ListItem\",\"position\":3,\"name\":\"Cookies\"}]},{\"@type\":\"WebSite\",\"@id\":\"https:\/\/www.hotelsmerano.it\/#website\",\"url\":\"https:\/\/www.hotelsmerano.it\/\",\"name\":\"P&amp;H Family\",\"description\":\"\",\"potentialAction\":[{\"@type\":\"SearchAction\",\"target\":{\"@type\":\"EntryPoint\",\"urlTemplate\":\"https:\/\/www.hotelsmerano.it\/?s={search_term_string}\"},\"query-input\":{\"@type\":\"PropertyValueSpecification\",\"valueRequired\":true,\"valueName\":\"search_term_string\"}}],\"inLanguage\":\"de\"}]}<\/script>\n<!-- \/ Yoast SEO plugin. -->","yoast_head_json":{"title":"Cookies - P&amp;H Family","robots":{"index":"index","follow":"follow","max-snippet":"max-snippet:-1","max-image-preview":"max-image-preview:large","max-video-preview":"max-video-preview:-1"},"og_locale":"de_DE","og_type":"article","og_title":"Cookies - P&amp;H Family","og_description":"Die Website www.hotelsmerano.it (\u201eWebsite\u201c) verwendet Cookies. Cookies sind kleine von einem Server erstellte Textdateien, die auf der Festplatte des Computers oder anderer vom Nutzer f\u00fcr den Internetzugang verwendeter Ger\u00e4te (Smartphone, Tablet usw.) gespeichert und beim n\u00e4chsten Internetbesuch an den Server zur\u00fcckgesendet werden. Cookies erm\u00f6glichen die Sammlung von Informationen \u00fcber das Surfverhalten des Nutzers auf der [&hellip;]","og_url":"https:\/\/www.hotelsmerano.it\/de\/impressum-und-credits\/cookies\/","og_site_name":"P&amp;H Family","article_modified_time":"2025-09-18T07:18:28+00:00","og_image":[{"width":2250,"height":1000,"url":"https:\/\/www.hotelsmerano.it\/wp-content\/uploads\/2017\/12\/PH_Family_Meran_City_Hotel_Merano_Hotel_Flora_Reception_Kontakt_000016006124_2250x1000.jpg","type":"image\/jpeg"}],"twitter_card":"summary_large_image","twitter_misc":{"Gesch\u00e4tzte Lesezeit":"6\u00a0Minuten"},"schema":{"@context":"https:\/\/schema.org","@graph":[{"@type":"WebPage","@id":"https:\/\/www.hotelsmerano.it\/de\/impressum-und-credits\/cookies\/","url":"https:\/\/www.hotelsmerano.it\/de\/impressum-und-credits\/cookies\/","name":"Cookies - P&amp;H Family","isPartOf":{"@id":"https:\/\/www.hotelsmerano.it\/#website"},"primaryImageOfPage":{"@id":"https:\/\/www.hotelsmerano.it\/de\/impressum-und-credits\/cookies\/#primaryimage"},"image":{"@id":"https:\/\/www.hotelsmerano.it\/de\/impressum-und-credits\/cookies\/#primaryimage"},"thumbnailUrl":"https:\/\/www.hotelsmerano.it\/wp-content\/uploads\/2017\/12\/PH_Family_Meran_City_Hotel_Merano_Hotel_Flora_Reception_Kontakt_000016006124_2250x1000.jpg","datePublished":"2017-09-28T15:06:12+00:00","dateModified":"2025-09-18T07:18:28+00:00","breadcrumb":{"@id":"https:\/\/www.hotelsmerano.it\/de\/impressum-und-credits\/cookies\/#breadcrumb"},"inLanguage":"de","potentialAction":[{"@type":"ReadAction","target":["https:\/\/www.hotelsmerano.it\/de\/impressum-und-credits\/cookies\/"]}]},{"@type":"ImageObject","inLanguage":"de","@id":"https:\/\/www.hotelsmerano.it\/de\/impressum-und-credits\/cookies\/#primaryimage","url":"https:\/\/www.hotelsmerano.it\/wp-content\/uploads\/2017\/12\/PH_Family_Meran_City_Hotel_Merano_Hotel_Flora_Reception_Kontakt_000016006124_2250x1000.jpg","contentUrl":"https:\/\/www.hotelsmerano.it\/wp-content\/uploads\/2017\/12\/PH_Family_Meran_City_Hotel_Merano_Hotel_Flora_Reception_Kontakt_000016006124_2250x1000.jpg","width":2250,"height":1000},{"@type":"BreadcrumbList","@id":"https:\/\/www.hotelsmerano.it\/de\/impressum-und-credits\/cookies\/#breadcrumb","itemListElement":[{"@type":"ListItem","position":1,"name":"Home","item":"https:\/\/www.hotelsmerano.it\/"},{"@type":"ListItem","position":2,"name":"Impressum &amp; Credits","item":"https:\/\/www.hotelsmerano.it\/de\/impressum-und-credits\/"},{"@type":"ListItem","position":3,"name":"Cookies"}]},{"@type":"WebSite","@id":"https:\/\/www.hotelsmerano.it\/#website","url":"https:\/\/www.hotelsmerano.it\/","name":"P&amp;H Family","description":"","potentialAction":[{"@type":"SearchAction","target":{"@type":"EntryPoint","urlTemplate":"https:\/\/www.hotelsmerano.it\/?s={search_term_string}"},"query-input":{"@type":"PropertyValueSpecification","valueRequired":true,"valueName":"search_term_string"}}],"inLanguage":"de"}]}},"_links":{"self":[{"href":"https:\/\/www.hotelsmerano.it\/de\/wp-json\/wp\/v2\/pages\/2023","targetHints":{"allow":["GET"]}}],"collection":[{"href":"https:\/\/www.hotelsmerano.it\/de\/wp-json\/wp\/v2\/pages"}],"about":[{"href":"https:\/\/www.hotelsmerano.it\/de\/wp-json\/wp\/v2\/types\/page"}],"author":[{"embeddable":true,"href":"https:\/\/www.hotelsmerano.it\/de\/wp-json\/wp\/v2\/users\/2"}],"replies":[{"embeddable":true,"href":"https:\/\/www.hotelsmerano.it\/de\/wp-json\/wp\/v2\/comments?post=2023"}],"version-history":[{"count":0,"href":"https:\/\/www.hotelsmerano.it\/de\/wp-json\/wp\/v2\/pages\/2023\/revisions"}],"up":[{"embeddable":true,"href":"https:\/\/www.hotelsmerano.it\/de\/wp-json\/wp\/v2\/pages\/2027"}],"wp:featuredmedia":[{"embeddable":true,"href":"https:\/\/www.hotelsmerano.it\/de\/wp-json\/wp\/v2\/media\/6441"}],"wp:attachment":[{"href":"https:\/\/www.hotelsmerano.it\/de\/wp-json\/wp\/v2\/media?parent=2023"}],"curies":[{"name":"wp","href":"https:\/\/api.w.org\/{rel}","templated":true}]}}