{"id":15846,"date":"2024-05-01T09:51:10","date_gmt":"2024-05-01T07:51:10","guid":{"rendered":"https:\/\/www.hotelsmerano.it\/?page_id=15846"},"modified":"2025-09-24T09:46:36","modified_gmt":"2025-09-24T07:46:36","slug":"anreise-mit-dem-flugzeug","status":"publish","type":"page","link":"https:\/\/www.hotelsmerano.it\/de\/anreise\/anreise-mit-dem-flugzeug\/","title":{"rendered":"Anreise mit dem FLUGZEUG"},"content":{"rendered":"<div class=\"content\">\n<p>Meran, die elegante Kurstadt im Westen von S\u00fcdtirol ist mit dem Flugzeug ganz leicht erreichbar. Mit <strong>nur 30 Minuten Fahrzeit vom Flughafen Bozen<\/strong> und 2 Stunden Fahrtzeit vom Flughafen Verona und Innsbruck. Ideal f\u00fcr Urlaub, Business und Incentives.<\/p>\n<p>M\u00f6chten Sie auch durch die L\u00fcfte reisen, um uns zu erreichen? Die besten Flugverbindungen und Transfers finden Sie hier:<\/p>\n<h2>Ihre Verbindungen:<\/h2>\n<h3>Die n\u00e4hesten Flugh\u00e4fen:<\/h3>\n<ul>\n<li>Flughafen Bozen Dolomiti (BZO): 30 km &#8211; 30 Minuten Fahrtzeit<\/li>\n<li>Flughafen Innsbruck (INN): 150 km \u2013 2 Stunden Fahrtzeit<\/li>\n<li>Flughafen Verona Villafranca (VRN): 180 km \u2013 2 Stunden Fahrtzeit<\/li>\n<li>Flughafen Treviso (TSF): 220 km &#8211; 3 Stunden Fahrtzeit<\/li>\n<li>Flughafen Venedig Marco Polo (VCE): 250 km \u2013 3 Stunden Fahrtzeit<\/li>\n<li>Flughafen Bergamo (BGY): 260 km \u2013 3 Stunden Fahrtzeit<\/li>\n<li>Flughafen Bologna Giuglielmo Marconi (BLQ): 300 km &#8211; 3,5 Stunden Fahrtzeit<\/li>\n<li>Flughafen Mailand Linate (LIN): 300 km \u2013 3,5 Stunden Fahrtzeit<\/li>\n<li>Flughafen Mailand Malpensa (MXP): 350 km &#8211; 4 Stunden Fahrtzeit<\/li>\n<li>Flughafen M\u00fcnchen (MUC): 350 km \u2013 4 Stunden Fahrtzeit<\/li>\n<\/ul>\n<h3>Direktfl\u00fcge nach Bozen:<\/h3>\n<p>Skyalps: www.skyalps.com<\/p>\n<h3>Low Cost Fl\u00fcge:<\/h3>\n<p>www.ryanair.com I\u00a0www.easyjet.com I\u00a0www.eurowings.com I www.volotea.com I www.wizzair.com I\u00a0www.tuifly.com<\/p>\n<h2>Details<\/h2>\n<ul>\n<li>Nutzen Sie ganz einfach den <strong>\u00f6ffentlichen Nahverkehr<\/strong> mit Ihrem <a href=\"https:\/\/www.hotelsmerano.it\/de\/meran\/besichtigen-entdecken\/suedtirol-erleben-ohne-auto\/\" target=\"_blank\" rel=\"noopener\">S\u00fcdtirol Guest Pass<\/a>! Die aktuellsten Verbindungen finden Sie auf <a href=\"https:\/\/www.suedtirolmobil.info\" target=\"_blank\" rel=\"noopener\">www.suedtirolmobil.info<\/a><\/li>\n<li>Buchen Sie vorab Ihren <a href=\"https:\/\/www.suedtiroltransfer.com\/\">Shuttledienst vom Flughafen Bozen in Ihr Hotel<\/a><\/li>\n<li><strong>Bustransfers<\/strong> von den gro\u00dfen Flugh\u00e4fen: www.suedtiroltransfer.com I\u00a0www.terravision.eu I\u00a0www.flixbus.de<\/li>\n<li>Finden Sie die beste <a href=\"https:\/\/www.trenitalia.com\/de.html\" target=\"_blank\" rel=\"noopener\">Zugverbindung von Ihrem Flughafen nach Meran<\/a><\/li>\n<li><strong>Autoverleih<\/strong> wird auf allen Flugh\u00e4fen angeboten<\/li>\n<li>Bleiben Sie mobil in Meran mit einem <a href=\"https:\/\/www.hotelsmerano.it\/de\/meran\/natur-sport\/fahrradverleih-kostenlos\/\" target=\"_blank\" rel=\"noopener\">kostenlosen Fahrrad!<\/a><\/li>\n<li>Noch mehr Details zur <a href=\"https:\/\/www.merano-suedtirol.it\/de\/meran\/info-service\/informationen\/lage-anreise\/anreise-mit-dem-flugzeug.html\" target=\"_blank\" rel=\"noopener\">Anreise per Flugzeug<\/a> gibts hier \u2026<\/li>\n<\/ul>\n<\/div>\n","protected":false},"excerpt":{"rendered":"<p>Meran, die elegante Kurstadt im Westen von S\u00fcdtirol ist mit dem Flugzeug ganz leicht erreichbar. Mit nur 30 Minuten Fahrzeit vom Flughafen Bozen und 2 Stunden Fahrtzeit vom Flughafen Verona und Innsbruck. Ideal f\u00fcr Urlaub, Business und Incentives. M\u00f6chten Sie auch durch die L\u00fcfte reisen, um uns zu erreichen? Die besten Flugverbindungen und Transfers finden [&hellip;]<\/p>\n","protected":false},"author":5,"featured_media":6800,"parent":15721,"menu_order":0,"comment_status":"closed","ping_status":"closed","template":"","meta":{"_acf_changed":false,"footnotes":""},"class_list":["post-15846","page","type-page","status-publish","has-post-thumbnail","hentry"],"acf":[],"yoast_head":"<!-- This site is optimized with the Yoast SEO plugin v26.9 - https:\/\/yoast.com\/product\/yoast-seo-wordpress\/ -->\n<title>Anreise mit dem FLUGZEUG - P&amp;H Family<\/title>\n<meta name=\"robots\" content=\"index, follow, max-snippet:-1, max-image-preview:large, max-video-preview:-1\" \/>\n<meta property=\"og:locale\" content=\"de_DE\" \/>\n<meta property=\"og:type\" content=\"article\" \/>\n<meta property=\"og:title\" content=\"Anreise mit dem FLUGZEUG - P&amp;H Family\" \/>\n<meta property=\"og:description\" content=\"Meran, die elegante Kurstadt im Westen von S\u00fcdtirol ist mit dem Flugzeug ganz leicht erreichbar. Mit nur 30 Minuten Fahrzeit vom Flughafen Bozen und 2 Stunden Fahrtzeit vom Flughafen Verona und Innsbruck. Ideal f\u00fcr Urlaub, Business und Incentives. M\u00f6chten Sie auch durch die L\u00fcfte reisen, um uns zu erreichen? Die besten Flugverbindungen und Transfers finden [&hellip;]\" \/>\n<meta property=\"og:url\" content=\"https:\/\/www.hotelsmerano.it\/de\/anreise\/anreise-mit-dem-flugzeug\/\" \/>\n<meta property=\"og:site_name\" content=\"P&amp;H Family\" \/>\n<meta property=\"article:modified_time\" content=\"2025-09-24T07:46:36+00:00\" \/>\n<meta property=\"og:image\" content=\"https:\/\/www.hotelsmerano.it\/wp-content\/uploads\/2017\/09\/Italien-Trentino_Suedtirol_Alto_Adige_Merano_Meran_Natur_Panorama_Talkessel_Seilbahn_Partschins_TVPartschins-Helmuth-Rier_mgm00656heri_2250x1000.jpg\" \/>\n\t<meta property=\"og:image:width\" content=\"2250\" \/>\n\t<meta property=\"og:image:height\" content=\"1000\" \/>\n\t<meta property=\"og:image:type\" content=\"image\/jpeg\" \/>\n<meta name=\"twitter:card\" content=\"summary_large_image\" \/>\n<meta name=\"twitter:label1\" content=\"Gesch\u00e4tzte Lesezeit\" \/>\n\t<meta name=\"twitter:data1\" content=\"2\u00a0Minuten\" \/>\n<script type=\"application\/ld+json\" class=\"yoast-schema-graph\">{\"@context\":\"https:\/\/schema.org\",\"@graph\":[{\"@type\":\"WebPage\",\"@id\":\"https:\/\/www.hotelsmerano.it\/de\/anreise\/anreise-mit-dem-flugzeug\/\",\"url\":\"https:\/\/www.hotelsmerano.it\/de\/anreise\/anreise-mit-dem-flugzeug\/\",\"name\":\"Anreise mit dem FLUGZEUG - P&amp;H Family\",\"isPartOf\":{\"@id\":\"https:\/\/www.hotelsmerano.it\/#website\"},\"primaryImageOfPage\":{\"@id\":\"https:\/\/www.hotelsmerano.it\/de\/anreise\/anreise-mit-dem-flugzeug\/#primaryimage\"},\"image\":{\"@id\":\"https:\/\/www.hotelsmerano.it\/de\/anreise\/anreise-mit-dem-flugzeug\/#primaryimage\"},\"thumbnailUrl\":\"https:\/\/www.hotelsmerano.it\/wp-content\/uploads\/2017\/09\/Italien-Trentino_Suedtirol_Alto_Adige_Merano_Meran_Natur_Panorama_Talkessel_Seilbahn_Partschins_TVPartschins-Helmuth-Rier_mgm00656heri_2250x1000.jpg\",\"datePublished\":\"2024-05-01T07:51:10+00:00\",\"dateModified\":\"2025-09-24T07:46:36+00:00\",\"breadcrumb\":{\"@id\":\"https:\/\/www.hotelsmerano.it\/de\/anreise\/anreise-mit-dem-flugzeug\/#breadcrumb\"},\"inLanguage\":\"de\",\"potentialAction\":[{\"@type\":\"ReadAction\",\"target\":[\"https:\/\/www.hotelsmerano.it\/de\/anreise\/anreise-mit-dem-flugzeug\/\"]}]},{\"@type\":\"ImageObject\",\"inLanguage\":\"de\",\"@id\":\"https:\/\/www.hotelsmerano.it\/de\/anreise\/anreise-mit-dem-flugzeug\/#primaryimage\",\"url\":\"https:\/\/www.hotelsmerano.it\/wp-content\/uploads\/2017\/09\/Italien-Trentino_Suedtirol_Alto_Adige_Merano_Meran_Natur_Panorama_Talkessel_Seilbahn_Partschins_TVPartschins-Helmuth-Rier_mgm00656heri_2250x1000.jpg\",\"contentUrl\":\"https:\/\/www.hotelsmerano.it\/wp-content\/uploads\/2017\/09\/Italien-Trentino_Suedtirol_Alto_Adige_Merano_Meran_Natur_Panorama_Talkessel_Seilbahn_Partschins_TVPartschins-Helmuth-Rier_mgm00656heri_2250x1000.jpg\",\"width\":2250,\"height\":1000},{\"@type\":\"BreadcrumbList\",\"@id\":\"https:\/\/www.hotelsmerano.it\/de\/anreise\/anreise-mit-dem-flugzeug\/#breadcrumb\",\"itemListElement\":[{\"@type\":\"ListItem\",\"position\":1,\"name\":\"Home\",\"item\":\"https:\/\/www.hotelsmerano.it\/\"},{\"@type\":\"ListItem\",\"position\":2,\"name\":\"Anreise\",\"item\":\"https:\/\/www.hotelsmerano.it\/de\/anreise\/\"},{\"@type\":\"ListItem\",\"position\":3,\"name\":\"Anreise mit dem FLUGZEUG\"}]},{\"@type\":\"WebSite\",\"@id\":\"https:\/\/www.hotelsmerano.it\/#website\",\"url\":\"https:\/\/www.hotelsmerano.it\/\",\"name\":\"P&amp;H Family\",\"description\":\"\",\"potentialAction\":[{\"@type\":\"SearchAction\",\"target\":{\"@type\":\"EntryPoint\",\"urlTemplate\":\"https:\/\/www.hotelsmerano.it\/?s={search_term_string}\"},\"query-input\":{\"@type\":\"PropertyValueSpecification\",\"valueRequired\":true,\"valueName\":\"search_term_string\"}}],\"inLanguage\":\"de\"}]}<\/script>\n<!-- \/ Yoast SEO plugin. -->","yoast_head_json":{"title":"Anreise mit dem FLUGZEUG - P&amp;H Family","robots":{"index":"index","follow":"follow","max-snippet":"max-snippet:-1","max-image-preview":"max-image-preview:large","max-video-preview":"max-video-preview:-1"},"og_locale":"de_DE","og_type":"article","og_title":"Anreise mit dem FLUGZEUG - P&amp;H Family","og_description":"Meran, die elegante Kurstadt im Westen von S\u00fcdtirol ist mit dem Flugzeug ganz leicht erreichbar. Mit nur 30 Minuten Fahrzeit vom Flughafen Bozen und 2 Stunden Fahrtzeit vom Flughafen Verona und Innsbruck. Ideal f\u00fcr Urlaub, Business und Incentives. M\u00f6chten Sie auch durch die L\u00fcfte reisen, um uns zu erreichen? Die besten Flugverbindungen und Transfers finden [&hellip;]","og_url":"https:\/\/www.hotelsmerano.it\/de\/anreise\/anreise-mit-dem-flugzeug\/","og_site_name":"P&amp;H Family","article_modified_time":"2025-09-24T07:46:36+00:00","og_image":[{"width":2250,"height":1000,"url":"https:\/\/www.hotelsmerano.it\/wp-content\/uploads\/2017\/09\/Italien-Trentino_Suedtirol_Alto_Adige_Merano_Meran_Natur_Panorama_Talkessel_Seilbahn_Partschins_TVPartschins-Helmuth-Rier_mgm00656heri_2250x1000.jpg","type":"image\/jpeg"}],"twitter_card":"summary_large_image","twitter_misc":{"Gesch\u00e4tzte Lesezeit":"2\u00a0Minuten"},"schema":{"@context":"https:\/\/schema.org","@graph":[{"@type":"WebPage","@id":"https:\/\/www.hotelsmerano.it\/de\/anreise\/anreise-mit-dem-flugzeug\/","url":"https:\/\/www.hotelsmerano.it\/de\/anreise\/anreise-mit-dem-flugzeug\/","name":"Anreise mit dem FLUGZEUG - P&amp;H Family","isPartOf":{"@id":"https:\/\/www.hotelsmerano.it\/#website"},"primaryImageOfPage":{"@id":"https:\/\/www.hotelsmerano.it\/de\/anreise\/anreise-mit-dem-flugzeug\/#primaryimage"},"image":{"@id":"https:\/\/www.hotelsmerano.it\/de\/anreise\/anreise-mit-dem-flugzeug\/#primaryimage"},"thumbnailUrl":"https:\/\/www.hotelsmerano.it\/wp-content\/uploads\/2017\/09\/Italien-Trentino_Suedtirol_Alto_Adige_Merano_Meran_Natur_Panorama_Talkessel_Seilbahn_Partschins_TVPartschins-Helmuth-Rier_mgm00656heri_2250x1000.jpg","datePublished":"2024-05-01T07:51:10+00:00","dateModified":"2025-09-24T07:46:36+00:00","breadcrumb":{"@id":"https:\/\/www.hotelsmerano.it\/de\/anreise\/anreise-mit-dem-flugzeug\/#breadcrumb"},"inLanguage":"de","potentialAction":[{"@type":"ReadAction","target":["https:\/\/www.hotelsmerano.it\/de\/anreise\/anreise-mit-dem-flugzeug\/"]}]},{"@type":"ImageObject","inLanguage":"de","@id":"https:\/\/www.hotelsmerano.it\/de\/anreise\/anreise-mit-dem-flugzeug\/#primaryimage","url":"https:\/\/www.hotelsmerano.it\/wp-content\/uploads\/2017\/09\/Italien-Trentino_Suedtirol_Alto_Adige_Merano_Meran_Natur_Panorama_Talkessel_Seilbahn_Partschins_TVPartschins-Helmuth-Rier_mgm00656heri_2250x1000.jpg","contentUrl":"https:\/\/www.hotelsmerano.it\/wp-content\/uploads\/2017\/09\/Italien-Trentino_Suedtirol_Alto_Adige_Merano_Meran_Natur_Panorama_Talkessel_Seilbahn_Partschins_TVPartschins-Helmuth-Rier_mgm00656heri_2250x1000.jpg","width":2250,"height":1000},{"@type":"BreadcrumbList","@id":"https:\/\/www.hotelsmerano.it\/de\/anreise\/anreise-mit-dem-flugzeug\/#breadcrumb","itemListElement":[{"@type":"ListItem","position":1,"name":"Home","item":"https:\/\/www.hotelsmerano.it\/"},{"@type":"ListItem","position":2,"name":"Anreise","item":"https:\/\/www.hotelsmerano.it\/de\/anreise\/"},{"@type":"ListItem","position":3,"name":"Anreise mit dem FLUGZEUG"}]},{"@type":"WebSite","@id":"https:\/\/www.hotelsmerano.it\/#website","url":"https:\/\/www.hotelsmerano.it\/","name":"P&amp;H Family","description":"","potentialAction":[{"@type":"SearchAction","target":{"@type":"EntryPoint","urlTemplate":"https:\/\/www.hotelsmerano.it\/?s={search_term_string}"},"query-input":{"@type":"PropertyValueSpecification","valueRequired":true,"valueName":"search_term_string"}}],"inLanguage":"de"}]}},"_links":{"self":[{"href":"https:\/\/www.hotelsmerano.it\/de\/wp-json\/wp\/v2\/pages\/15846","targetHints":{"allow":["GET"]}}],"collection":[{"href":"https:\/\/www.hotelsmerano.it\/de\/wp-json\/wp\/v2\/pages"}],"about":[{"href":"https:\/\/www.hotelsmerano.it\/de\/wp-json\/wp\/v2\/types\/page"}],"author":[{"embeddable":true,"href":"https:\/\/www.hotelsmerano.it\/de\/wp-json\/wp\/v2\/users\/5"}],"replies":[{"embeddable":true,"href":"https:\/\/www.hotelsmerano.it\/de\/wp-json\/wp\/v2\/comments?post=15846"}],"version-history":[{"count":0,"href":"https:\/\/www.hotelsmerano.it\/de\/wp-json\/wp\/v2\/pages\/15846\/revisions"}],"up":[{"embeddable":true,"href":"https:\/\/www.hotelsmerano.it\/de\/wp-json\/wp\/v2\/pages\/15721"}],"wp:featuredmedia":[{"embeddable":true,"href":"https:\/\/www.hotelsmerano.it\/de\/wp-json\/wp\/v2\/media\/6800"}],"wp:attachment":[{"href":"https:\/\/www.hotelsmerano.it\/de\/wp-json\/wp\/v2\/media?parent=15846"}],"curies":[{"name":"wp","href":"https:\/\/api.w.org\/{rel}","templated":true}]}}