{"id":15845,"date":"2024-05-01T11:08:29","date_gmt":"2024-05-01T09:08:29","guid":{"rendered":"https:\/\/www.hotelsmerano.it\/?page_id=15845"},"modified":"2025-01-10T08:31:24","modified_gmt":"2025-01-10T07:31:24","slug":"anreise-mit-dem-auto","status":"publish","type":"page","link":"https:\/\/www.hotelsmerano.it\/de\/anreise\/anreise-mit-dem-auto\/","title":{"rendered":"Anreise mit dem AUTO"},"content":{"rendered":"<p>Der <strong>Weg nach Meran<\/strong> kann so malerisch sein: Timmelsjoch, Jaufenpass, Fernpass und viele mehr. Planen Sie daf\u00fcr genug Zeit ein, um die Ausblicke so richtig zu genie\u00dfen. Und wer lieber schnell im Urlaub ist, f\u00fcr den gibt es die <strong>Autobahnen.<\/strong><\/p>\n<p>Sie lieben es, vor Ort autonom zu sein und mit Ihrem eigenen Auto anzureisen? Dann buchen Sie gleich <strong>Ihren pers\u00f6nlichen Parkplatz <\/strong>in unseren Hotelgaragen.<\/p>\n<h2>Details<\/h2>\n<ul>\n<li>Aktuelle Informationen zur Verkehrslage in S\u00fcdtirol: Tel. +39 0471 200 198 oder <a href=\"https:\/\/verkehr.provinz.bz.it\/\" target=\"_blank\" rel=\"noopener\">online<\/a><\/li>\n<li>Erwerben Sie die <strong>Digitale Vignette <\/strong>ganz bequem schon vorab online &#8230;<br \/>\n<strong>&#8211; <\/strong>f\u00fcr <a href=\"https:\/\/www.asfinag.at\/maut-vignette\/vignette\/digitale-vignette\/\" target=\"_blank\" rel=\"noopener\">\u00d6sterreichs Autobahnen<\/a><br \/>\n&#8211; f\u00fcr <a href=\"https:\/\/via.admin.ch\/shop\/dashboard\" target=\"_blank\" rel=\"noopener\">Schweizer Autobahnen<\/a><br \/>\n&#8211; f\u00fcr <a href=\"https:\/\/tolltickets.com\/products\/italy\/\" target=\"_blank\" rel=\"noopener\">Italienische Autobahnen<\/a> (mittels Telepass, den Sie sich per Post zusenden lassen oder an einer sogenannten Pickup-Station abholen k\u00f6nnen)<\/li>\n<li>In \u00d6sterreich gelten auch f\u00fcr bestimmte Strecken <a href=\"https:\/\/www.asfinag.at\/maut-vignette\/streckenmaut\/\" target=\"_blank\" rel=\"noopener\">Sondermaut.<\/a> Auch diese k\u00f6nnen Sie online erwerben, damit sie die Mautstationen durch eigens gekennzeichnete Schranken bevorzugt passieren k\u00f6nnen.<\/li>\n<\/ul>\n<h2>Infos f\u00fcr Wasserstoff- oder E-Autos<\/h2>\n<ul>\n<li>An der <a href=\"https:\/\/www.hotelsmerano.it\/de\/city-hotel-meran\/leistungen-im-city-hotel-meran\/ladestation-fuer-elektroautos-im-city-hotel-meran\/\" target=\"_blank\" rel=\"noopener\">Elektrotankstelle im City Hotel Meran<\/a> k\u00f6nnen Sie Ihr Auto ganz bequem tanken<\/li>\n<li>Und au\u00dferhalb Merans finden Sie ein gutes <a href=\"https:\/\/www.greenmobility.bz.it\/green-mobility\/ladesaeulen\/\" target=\"_blank\" rel=\"noopener\">Netz an Ladestationen<\/a><\/li>\n<li>F\u00fcr Wasserstoffautos gibt es in <a href=\"http:\/\/www.h2-suedtirol.com\/de\/rent-a-h2-car\/auto-betankung\/\" target=\"_blank\" rel=\"noopener\">Bozen eine Wasserstofftankstelle<\/a> (nach telefonischer Anmeldung)<\/li>\n<\/ul>\n","protected":false},"excerpt":{"rendered":"<p>Der Weg nach Meran kann so malerisch sein: Timmelsjoch, Jaufenpass, Fernpass und viele mehr. Planen Sie daf\u00fcr genug Zeit ein, um die Ausblicke so richtig zu genie\u00dfen. Und wer lieber schnell im Urlaub ist, f\u00fcr den gibt es die Autobahnen. Sie lieben es, vor Ort autonom zu sein und mit Ihrem eigenen Auto anzureisen? Dann [&hellip;]<\/p>\n","protected":false},"author":5,"featured_media":5025,"parent":15721,"menu_order":0,"comment_status":"closed","ping_status":"closed","template":"","meta":{"_acf_changed":false,"footnotes":""},"class_list":["post-15845","page","type-page","status-publish","has-post-thumbnail","hentry"],"acf":[],"yoast_head":"<!-- This site is optimized with the Yoast SEO plugin v26.9 - https:\/\/yoast.com\/product\/yoast-seo-wordpress\/ -->\n<title>Anreise mit dem AUTO - P&amp;H Family<\/title>\n<meta name=\"robots\" content=\"index, follow, max-snippet:-1, max-image-preview:large, max-video-preview:-1\" \/>\n<meta property=\"og:locale\" content=\"de_DE\" \/>\n<meta property=\"og:type\" content=\"article\" \/>\n<meta property=\"og:title\" content=\"Anreise mit dem AUTO - P&amp;H Family\" \/>\n<meta property=\"og:description\" content=\"Der Weg nach Meran kann so malerisch sein: Timmelsjoch, Jaufenpass, Fernpass und viele mehr. Planen Sie daf\u00fcr genug Zeit ein, um die Ausblicke so richtig zu genie\u00dfen. Und wer lieber schnell im Urlaub ist, f\u00fcr den gibt es die Autobahnen. Sie lieben es, vor Ort autonom zu sein und mit Ihrem eigenen Auto anzureisen? Dann [&hellip;]\" \/>\n<meta property=\"og:url\" content=\"https:\/\/www.hotelsmerano.it\/de\/anreise\/anreise-mit-dem-auto\/\" \/>\n<meta property=\"og:site_name\" content=\"P&amp;H Family\" \/>\n<meta property=\"article:modified_time\" content=\"2025-01-10T07:31:24+00:00\" \/>\n<meta property=\"og:image\" content=\"https:\/\/www.hotelsmerano.it\/wp-content\/uploads\/2017\/12\/City_Hotel_Merano_Aussen_Ankunft_Meinhardstrasse_Anguane_CityFilm_2671_2250x1000.jpg\" \/>\n\t<meta property=\"og:image:width\" content=\"2250\" \/>\n\t<meta property=\"og:image:height\" content=\"1000\" \/>\n\t<meta property=\"og:image:type\" content=\"image\/jpeg\" \/>\n<meta name=\"twitter:card\" content=\"summary_large_image\" \/>\n<meta name=\"twitter:label1\" content=\"Gesch\u00e4tzte Lesezeit\" \/>\n\t<meta name=\"twitter:data1\" content=\"1\u00a0Minute\" \/>\n<script type=\"application\/ld+json\" class=\"yoast-schema-graph\">{\"@context\":\"https:\/\/schema.org\",\"@graph\":[{\"@type\":\"WebPage\",\"@id\":\"https:\/\/www.hotelsmerano.it\/de\/anreise\/anreise-mit-dem-auto\/\",\"url\":\"https:\/\/www.hotelsmerano.it\/de\/anreise\/anreise-mit-dem-auto\/\",\"name\":\"Anreise mit dem AUTO - P&amp;H Family\",\"isPartOf\":{\"@id\":\"https:\/\/www.hotelsmerano.it\/#website\"},\"primaryImageOfPage\":{\"@id\":\"https:\/\/www.hotelsmerano.it\/de\/anreise\/anreise-mit-dem-auto\/#primaryimage\"},\"image\":{\"@id\":\"https:\/\/www.hotelsmerano.it\/de\/anreise\/anreise-mit-dem-auto\/#primaryimage\"},\"thumbnailUrl\":\"https:\/\/www.hotelsmerano.it\/wp-content\/uploads\/2017\/12\/City_Hotel_Merano_Aussen_Ankunft_Meinhardstrasse_Anguane_CityFilm_2671_2250x1000.jpg\",\"datePublished\":\"2024-05-01T09:08:29+00:00\",\"dateModified\":\"2025-01-10T07:31:24+00:00\",\"breadcrumb\":{\"@id\":\"https:\/\/www.hotelsmerano.it\/de\/anreise\/anreise-mit-dem-auto\/#breadcrumb\"},\"inLanguage\":\"de\",\"potentialAction\":[{\"@type\":\"ReadAction\",\"target\":[\"https:\/\/www.hotelsmerano.it\/de\/anreise\/anreise-mit-dem-auto\/\"]}]},{\"@type\":\"ImageObject\",\"inLanguage\":\"de\",\"@id\":\"https:\/\/www.hotelsmerano.it\/de\/anreise\/anreise-mit-dem-auto\/#primaryimage\",\"url\":\"https:\/\/www.hotelsmerano.it\/wp-content\/uploads\/2017\/12\/City_Hotel_Merano_Aussen_Ankunft_Meinhardstrasse_Anguane_CityFilm_2671_2250x1000.jpg\",\"contentUrl\":\"https:\/\/www.hotelsmerano.it\/wp-content\/uploads\/2017\/12\/City_Hotel_Merano_Aussen_Ankunft_Meinhardstrasse_Anguane_CityFilm_2671_2250x1000.jpg\",\"width\":2250,\"height\":1000},{\"@type\":\"BreadcrumbList\",\"@id\":\"https:\/\/www.hotelsmerano.it\/de\/anreise\/anreise-mit-dem-auto\/#breadcrumb\",\"itemListElement\":[{\"@type\":\"ListItem\",\"position\":1,\"name\":\"Home\",\"item\":\"https:\/\/www.hotelsmerano.it\/\"},{\"@type\":\"ListItem\",\"position\":2,\"name\":\"Anreise\",\"item\":\"https:\/\/www.hotelsmerano.it\/de\/anreise\/\"},{\"@type\":\"ListItem\",\"position\":3,\"name\":\"Anreise mit dem AUTO\"}]},{\"@type\":\"WebSite\",\"@id\":\"https:\/\/www.hotelsmerano.it\/#website\",\"url\":\"https:\/\/www.hotelsmerano.it\/\",\"name\":\"P&amp;H Family\",\"description\":\"\",\"potentialAction\":[{\"@type\":\"SearchAction\",\"target\":{\"@type\":\"EntryPoint\",\"urlTemplate\":\"https:\/\/www.hotelsmerano.it\/?s={search_term_string}\"},\"query-input\":{\"@type\":\"PropertyValueSpecification\",\"valueRequired\":true,\"valueName\":\"search_term_string\"}}],\"inLanguage\":\"de\"}]}<\/script>\n<!-- \/ Yoast SEO plugin. -->","yoast_head_json":{"title":"Anreise mit dem AUTO - P&amp;H Family","robots":{"index":"index","follow":"follow","max-snippet":"max-snippet:-1","max-image-preview":"max-image-preview:large","max-video-preview":"max-video-preview:-1"},"og_locale":"de_DE","og_type":"article","og_title":"Anreise mit dem AUTO - P&amp;H Family","og_description":"Der Weg nach Meran kann so malerisch sein: Timmelsjoch, Jaufenpass, Fernpass und viele mehr. Planen Sie daf\u00fcr genug Zeit ein, um die Ausblicke so richtig zu genie\u00dfen. Und wer lieber schnell im Urlaub ist, f\u00fcr den gibt es die Autobahnen. Sie lieben es, vor Ort autonom zu sein und mit Ihrem eigenen Auto anzureisen? Dann [&hellip;]","og_url":"https:\/\/www.hotelsmerano.it\/de\/anreise\/anreise-mit-dem-auto\/","og_site_name":"P&amp;H Family","article_modified_time":"2025-01-10T07:31:24+00:00","og_image":[{"width":2250,"height":1000,"url":"https:\/\/www.hotelsmerano.it\/wp-content\/uploads\/2017\/12\/City_Hotel_Merano_Aussen_Ankunft_Meinhardstrasse_Anguane_CityFilm_2671_2250x1000.jpg","type":"image\/jpeg"}],"twitter_card":"summary_large_image","twitter_misc":{"Gesch\u00e4tzte Lesezeit":"1\u00a0Minute"},"schema":{"@context":"https:\/\/schema.org","@graph":[{"@type":"WebPage","@id":"https:\/\/www.hotelsmerano.it\/de\/anreise\/anreise-mit-dem-auto\/","url":"https:\/\/www.hotelsmerano.it\/de\/anreise\/anreise-mit-dem-auto\/","name":"Anreise mit dem AUTO - P&amp;H Family","isPartOf":{"@id":"https:\/\/www.hotelsmerano.it\/#website"},"primaryImageOfPage":{"@id":"https:\/\/www.hotelsmerano.it\/de\/anreise\/anreise-mit-dem-auto\/#primaryimage"},"image":{"@id":"https:\/\/www.hotelsmerano.it\/de\/anreise\/anreise-mit-dem-auto\/#primaryimage"},"thumbnailUrl":"https:\/\/www.hotelsmerano.it\/wp-content\/uploads\/2017\/12\/City_Hotel_Merano_Aussen_Ankunft_Meinhardstrasse_Anguane_CityFilm_2671_2250x1000.jpg","datePublished":"2024-05-01T09:08:29+00:00","dateModified":"2025-01-10T07:31:24+00:00","breadcrumb":{"@id":"https:\/\/www.hotelsmerano.it\/de\/anreise\/anreise-mit-dem-auto\/#breadcrumb"},"inLanguage":"de","potentialAction":[{"@type":"ReadAction","target":["https:\/\/www.hotelsmerano.it\/de\/anreise\/anreise-mit-dem-auto\/"]}]},{"@type":"ImageObject","inLanguage":"de","@id":"https:\/\/www.hotelsmerano.it\/de\/anreise\/anreise-mit-dem-auto\/#primaryimage","url":"https:\/\/www.hotelsmerano.it\/wp-content\/uploads\/2017\/12\/City_Hotel_Merano_Aussen_Ankunft_Meinhardstrasse_Anguane_CityFilm_2671_2250x1000.jpg","contentUrl":"https:\/\/www.hotelsmerano.it\/wp-content\/uploads\/2017\/12\/City_Hotel_Merano_Aussen_Ankunft_Meinhardstrasse_Anguane_CityFilm_2671_2250x1000.jpg","width":2250,"height":1000},{"@type":"BreadcrumbList","@id":"https:\/\/www.hotelsmerano.it\/de\/anreise\/anreise-mit-dem-auto\/#breadcrumb","itemListElement":[{"@type":"ListItem","position":1,"name":"Home","item":"https:\/\/www.hotelsmerano.it\/"},{"@type":"ListItem","position":2,"name":"Anreise","item":"https:\/\/www.hotelsmerano.it\/de\/anreise\/"},{"@type":"ListItem","position":3,"name":"Anreise mit dem AUTO"}]},{"@type":"WebSite","@id":"https:\/\/www.hotelsmerano.it\/#website","url":"https:\/\/www.hotelsmerano.it\/","name":"P&amp;H Family","description":"","potentialAction":[{"@type":"SearchAction","target":{"@type":"EntryPoint","urlTemplate":"https:\/\/www.hotelsmerano.it\/?s={search_term_string}"},"query-input":{"@type":"PropertyValueSpecification","valueRequired":true,"valueName":"search_term_string"}}],"inLanguage":"de"}]}},"_links":{"self":[{"href":"https:\/\/www.hotelsmerano.it\/de\/wp-json\/wp\/v2\/pages\/15845","targetHints":{"allow":["GET"]}}],"collection":[{"href":"https:\/\/www.hotelsmerano.it\/de\/wp-json\/wp\/v2\/pages"}],"about":[{"href":"https:\/\/www.hotelsmerano.it\/de\/wp-json\/wp\/v2\/types\/page"}],"author":[{"embeddable":true,"href":"https:\/\/www.hotelsmerano.it\/de\/wp-json\/wp\/v2\/users\/5"}],"replies":[{"embeddable":true,"href":"https:\/\/www.hotelsmerano.it\/de\/wp-json\/wp\/v2\/comments?post=15845"}],"version-history":[{"count":0,"href":"https:\/\/www.hotelsmerano.it\/de\/wp-json\/wp\/v2\/pages\/15845\/revisions"}],"up":[{"embeddable":true,"href":"https:\/\/www.hotelsmerano.it\/de\/wp-json\/wp\/v2\/pages\/15721"}],"wp:featuredmedia":[{"embeddable":true,"href":"https:\/\/www.hotelsmerano.it\/de\/wp-json\/wp\/v2\/media\/5025"}],"wp:attachment":[{"href":"https:\/\/www.hotelsmerano.it\/de\/wp-json\/wp\/v2\/media?parent=15845"}],"curies":[{"name":"wp","href":"https:\/\/api.w.org\/{rel}","templated":true}]}}