{"id":15822,"date":"2024-04-26T12:56:27","date_gmt":"2024-04-26T10:56:27","guid":{"rendered":"https:\/\/www.hotelsmerano.it\/?page_id=15822"},"modified":"2025-07-15T08:06:08","modified_gmt":"2025-07-15T06:06:08","slug":"anreise-mit-dem-bus","status":"publish","type":"page","link":"https:\/\/www.hotelsmerano.it\/de\/anreise\/anreise-mit-dem-bus\/","title":{"rendered":"Anreise mit dem BUS"},"content":{"rendered":"<p>Ein bequemer Start in den Urlaub: <strong>Einsteigen und entspannt ankommen!<\/strong> Vielleicht die optimale Reiseoption f\u00fcr Sie?<\/p>\n<p>Dank komfortabler Reisebusse gelangen Sie oft ohne Unterbrechungen direkt zu uns nach Meran. Somit beginnt die Entspannung bereits auf der Anreise.<\/p>\n<p>Und in Meran angekommen erhalten Sie mit unserer <strong>Nachhaltigkeitspauschale<\/strong> den <a href=\"https:\/\/www.hotelsmerano.it\/de\/meran\/besichtigen-entdecken\/suedtirol-erleben-ohne-auto\/\" target=\"_blank\" rel=\"noopener\">S\u00fcdtirol Guest Pass<\/a>. Damit k\u00f6nnen Sie <strong>kostenlos mit allen \u00f6ffentlichen Nahverkehrsmittel<\/strong> in der Region, einschlie\u00dflich Busse (bis M\u00fcstair), Regionalz\u00fcge (bis Trient), Seilbahnen nach V\u00f6ran, M\u00f6lten, Kohlern und Ritten sowie der Rittner Schmalspurbahn und Standseilbahn Mendel fahren!<\/p>\n<h2>Ihre Verbindungen:<\/h2>\n<p><strong>Aus ganz Europa:<\/strong><br \/>\n<a href=\"http:\/\/www.flixbus.de\/\" target=\"_blank\" rel=\"noopener\">www.flixbus.de<\/a><\/p>\n<p><strong>Aus M\u00fcnchen:<\/strong><br \/>\n<a title=\"Busreservierung Meraner Land Express\" href=\"https:\/\/www.merano-suedtirol.it\/de\/meran\/info-service\/informationen\/lage-anreise\/anreise-mit-dem-bus\/meraner-land-express-buchung.html\" target=\"_blank\" rel=\"noopener\">Meraner Land Express<\/a> (jeden Mittwoch und Sonntag von M\u00e4rz bis November)<\/p>\n<p><strong>Aus der Schweiz:<\/strong><br \/>\n<a href=\"http:\/\/www.suedtirolexpress.ch\" target=\"_blank\" rel=\"noopener\">www.suedtirolexpress.ch<\/a><\/p>\n<h2>Details<\/h2>\n<ul>\n<li>Buchen Sie den <a href=\"https:\/\/www.suedtiroltransfer.com\/\" target=\"_blank\" rel=\"noopener\">Transfer zu Ihrem Hotel<\/a> bequem online<\/li>\n<li>Bleiben Sie mobil in Meran mit einem <a href=\"https:\/\/www.hotelsmerano.it\/de\/meran\/natur-sport\/fahrradverleih-kostenlos\/\" target=\"_blank\" rel=\"noopener\">kostenlosen Fahrrad!<\/a><\/li>\n<li>Noch mehr Details zur <a href=\"https:\/\/www.merano-suedtirol.it\/de\/meran\/info-service\/informationen\/lage-anreise\/anreise-mit-dem-bus.html\" target=\"_blank\" rel=\"noopener\">Anreise per Bus<\/a> gibts hier \u2026<\/li>\n<\/ul>\n","protected":false},"excerpt":{"rendered":"<p>Ein bequemer Start in den Urlaub: Einsteigen und entspannt ankommen! Vielleicht die optimale Reiseoption f\u00fcr Sie? Dank komfortabler Reisebusse gelangen Sie oft ohne Unterbrechungen direkt zu uns nach Meran. Somit beginnt die Entspannung bereits auf der Anreise. Und in Meran angekommen erhalten Sie mit unserer Nachhaltigkeitspauschale den S\u00fcdtirol Guest Pass. Damit k\u00f6nnen Sie kostenlos mit [&hellip;]<\/p>\n","protected":false},"author":5,"featured_media":15743,"parent":15721,"menu_order":0,"comment_status":"closed","ping_status":"closed","template":"","meta":{"_acf_changed":false,"footnotes":""},"class_list":["post-15822","page","type-page","status-publish","has-post-thumbnail","hentry"],"acf":[],"yoast_head":"<!-- This site is optimized with the Yoast SEO plugin v26.9 - https:\/\/yoast.com\/product\/yoast-seo-wordpress\/ -->\n<title>Anreise mit dem BUS - P&amp;H Family<\/title>\n<meta name=\"robots\" content=\"index, follow, max-snippet:-1, max-image-preview:large, max-video-preview:-1\" \/>\n<meta property=\"og:locale\" content=\"de_DE\" \/>\n<meta property=\"og:type\" content=\"article\" \/>\n<meta property=\"og:title\" content=\"Anreise mit dem BUS - P&amp;H Family\" \/>\n<meta property=\"og:description\" content=\"Ein bequemer Start in den Urlaub: Einsteigen und entspannt ankommen! Vielleicht die optimale Reiseoption f\u00fcr Sie? Dank komfortabler Reisebusse gelangen Sie oft ohne Unterbrechungen direkt zu uns nach Meran. Somit beginnt die Entspannung bereits auf der Anreise. Und in Meran angekommen erhalten Sie mit unserer Nachhaltigkeitspauschale den S\u00fcdtirol Guest Pass. Damit k\u00f6nnen Sie kostenlos mit [&hellip;]\" \/>\n<meta property=\"og:url\" content=\"https:\/\/www.hotelsmerano.it\/de\/anreise\/anreise-mit-dem-bus\/\" \/>\n<meta property=\"og:site_name\" content=\"P&amp;H Family\" \/>\n<meta property=\"article:modified_time\" content=\"2025-07-15T06:06:08+00:00\" \/>\n<meta property=\"og:image\" content=\"https:\/\/www.hotelsmerano.it\/wp-content\/uploads\/2024\/04\/Italien-Trentino_Suedtirol_Alto_Adige_Merano_Meran_Mobilitat_Bus_IDM_Sudtirol_Marketing_Nachhaltigigkeit_0P4A3935-IvanBortondello.jpg\" \/>\n\t<meta property=\"og:image:width\" content=\"2250\" \/>\n\t<meta property=\"og:image:height\" content=\"1000\" \/>\n\t<meta property=\"og:image:type\" content=\"image\/jpeg\" \/>\n<meta name=\"twitter:card\" content=\"summary_large_image\" \/>\n<meta name=\"twitter:label1\" content=\"Gesch\u00e4tzte Lesezeit\" \/>\n\t<meta name=\"twitter:data1\" content=\"1\u00a0Minute\" \/>\n<script type=\"application\/ld+json\" class=\"yoast-schema-graph\">{\"@context\":\"https:\/\/schema.org\",\"@graph\":[{\"@type\":\"WebPage\",\"@id\":\"https:\/\/www.hotelsmerano.it\/de\/anreise\/anreise-mit-dem-bus\/\",\"url\":\"https:\/\/www.hotelsmerano.it\/de\/anreise\/anreise-mit-dem-bus\/\",\"name\":\"Anreise mit dem BUS - P&amp;H Family\",\"isPartOf\":{\"@id\":\"https:\/\/www.hotelsmerano.it\/#website\"},\"primaryImageOfPage\":{\"@id\":\"https:\/\/www.hotelsmerano.it\/de\/anreise\/anreise-mit-dem-bus\/#primaryimage\"},\"image\":{\"@id\":\"https:\/\/www.hotelsmerano.it\/de\/anreise\/anreise-mit-dem-bus\/#primaryimage\"},\"thumbnailUrl\":\"https:\/\/www.hotelsmerano.it\/wp-content\/uploads\/2024\/04\/Italien-Trentino_Suedtirol_Alto_Adige_Merano_Meran_Mobilitat_Bus_IDM_Sudtirol_Marketing_Nachhaltigigkeit_0P4A3935-IvanBortondello.jpg\",\"datePublished\":\"2024-04-26T10:56:27+00:00\",\"dateModified\":\"2025-07-15T06:06:08+00:00\",\"breadcrumb\":{\"@id\":\"https:\/\/www.hotelsmerano.it\/de\/anreise\/anreise-mit-dem-bus\/#breadcrumb\"},\"inLanguage\":\"de\",\"potentialAction\":[{\"@type\":\"ReadAction\",\"target\":[\"https:\/\/www.hotelsmerano.it\/de\/anreise\/anreise-mit-dem-bus\/\"]}]},{\"@type\":\"ImageObject\",\"inLanguage\":\"de\",\"@id\":\"https:\/\/www.hotelsmerano.it\/de\/anreise\/anreise-mit-dem-bus\/#primaryimage\",\"url\":\"https:\/\/www.hotelsmerano.it\/wp-content\/uploads\/2024\/04\/Italien-Trentino_Suedtirol_Alto_Adige_Merano_Meran_Mobilitat_Bus_IDM_Sudtirol_Marketing_Nachhaltigigkeit_0P4A3935-IvanBortondello.jpg\",\"contentUrl\":\"https:\/\/www.hotelsmerano.it\/wp-content\/uploads\/2024\/04\/Italien-Trentino_Suedtirol_Alto_Adige_Merano_Meran_Mobilitat_Bus_IDM_Sudtirol_Marketing_Nachhaltigigkeit_0P4A3935-IvanBortondello.jpg\",\"width\":2250,\"height\":1000},{\"@type\":\"BreadcrumbList\",\"@id\":\"https:\/\/www.hotelsmerano.it\/de\/anreise\/anreise-mit-dem-bus\/#breadcrumb\",\"itemListElement\":[{\"@type\":\"ListItem\",\"position\":1,\"name\":\"Home\",\"item\":\"https:\/\/www.hotelsmerano.it\/\"},{\"@type\":\"ListItem\",\"position\":2,\"name\":\"Anreise\",\"item\":\"https:\/\/www.hotelsmerano.it\/de\/anreise\/\"},{\"@type\":\"ListItem\",\"position\":3,\"name\":\"Anreise mit dem BUS\"}]},{\"@type\":\"WebSite\",\"@id\":\"https:\/\/www.hotelsmerano.it\/#website\",\"url\":\"https:\/\/www.hotelsmerano.it\/\",\"name\":\"P&amp;H Family\",\"description\":\"\",\"potentialAction\":[{\"@type\":\"SearchAction\",\"target\":{\"@type\":\"EntryPoint\",\"urlTemplate\":\"https:\/\/www.hotelsmerano.it\/?s={search_term_string}\"},\"query-input\":{\"@type\":\"PropertyValueSpecification\",\"valueRequired\":true,\"valueName\":\"search_term_string\"}}],\"inLanguage\":\"de\"}]}<\/script>\n<!-- \/ Yoast SEO plugin. -->","yoast_head_json":{"title":"Anreise mit dem BUS - P&amp;H Family","robots":{"index":"index","follow":"follow","max-snippet":"max-snippet:-1","max-image-preview":"max-image-preview:large","max-video-preview":"max-video-preview:-1"},"og_locale":"de_DE","og_type":"article","og_title":"Anreise mit dem BUS - P&amp;H Family","og_description":"Ein bequemer Start in den Urlaub: Einsteigen und entspannt ankommen! Vielleicht die optimale Reiseoption f\u00fcr Sie? Dank komfortabler Reisebusse gelangen Sie oft ohne Unterbrechungen direkt zu uns nach Meran. Somit beginnt die Entspannung bereits auf der Anreise. Und in Meran angekommen erhalten Sie mit unserer Nachhaltigkeitspauschale den S\u00fcdtirol Guest Pass. Damit k\u00f6nnen Sie kostenlos mit [&hellip;]","og_url":"https:\/\/www.hotelsmerano.it\/de\/anreise\/anreise-mit-dem-bus\/","og_site_name":"P&amp;H Family","article_modified_time":"2025-07-15T06:06:08+00:00","og_image":[{"width":2250,"height":1000,"url":"https:\/\/www.hotelsmerano.it\/wp-content\/uploads\/2024\/04\/Italien-Trentino_Suedtirol_Alto_Adige_Merano_Meran_Mobilitat_Bus_IDM_Sudtirol_Marketing_Nachhaltigigkeit_0P4A3935-IvanBortondello.jpg","type":"image\/jpeg"}],"twitter_card":"summary_large_image","twitter_misc":{"Gesch\u00e4tzte Lesezeit":"1\u00a0Minute"},"schema":{"@context":"https:\/\/schema.org","@graph":[{"@type":"WebPage","@id":"https:\/\/www.hotelsmerano.it\/de\/anreise\/anreise-mit-dem-bus\/","url":"https:\/\/www.hotelsmerano.it\/de\/anreise\/anreise-mit-dem-bus\/","name":"Anreise mit dem BUS - P&amp;H Family","isPartOf":{"@id":"https:\/\/www.hotelsmerano.it\/#website"},"primaryImageOfPage":{"@id":"https:\/\/www.hotelsmerano.it\/de\/anreise\/anreise-mit-dem-bus\/#primaryimage"},"image":{"@id":"https:\/\/www.hotelsmerano.it\/de\/anreise\/anreise-mit-dem-bus\/#primaryimage"},"thumbnailUrl":"https:\/\/www.hotelsmerano.it\/wp-content\/uploads\/2024\/04\/Italien-Trentino_Suedtirol_Alto_Adige_Merano_Meran_Mobilitat_Bus_IDM_Sudtirol_Marketing_Nachhaltigigkeit_0P4A3935-IvanBortondello.jpg","datePublished":"2024-04-26T10:56:27+00:00","dateModified":"2025-07-15T06:06:08+00:00","breadcrumb":{"@id":"https:\/\/www.hotelsmerano.it\/de\/anreise\/anreise-mit-dem-bus\/#breadcrumb"},"inLanguage":"de","potentialAction":[{"@type":"ReadAction","target":["https:\/\/www.hotelsmerano.it\/de\/anreise\/anreise-mit-dem-bus\/"]}]},{"@type":"ImageObject","inLanguage":"de","@id":"https:\/\/www.hotelsmerano.it\/de\/anreise\/anreise-mit-dem-bus\/#primaryimage","url":"https:\/\/www.hotelsmerano.it\/wp-content\/uploads\/2024\/04\/Italien-Trentino_Suedtirol_Alto_Adige_Merano_Meran_Mobilitat_Bus_IDM_Sudtirol_Marketing_Nachhaltigigkeit_0P4A3935-IvanBortondello.jpg","contentUrl":"https:\/\/www.hotelsmerano.it\/wp-content\/uploads\/2024\/04\/Italien-Trentino_Suedtirol_Alto_Adige_Merano_Meran_Mobilitat_Bus_IDM_Sudtirol_Marketing_Nachhaltigigkeit_0P4A3935-IvanBortondello.jpg","width":2250,"height":1000},{"@type":"BreadcrumbList","@id":"https:\/\/www.hotelsmerano.it\/de\/anreise\/anreise-mit-dem-bus\/#breadcrumb","itemListElement":[{"@type":"ListItem","position":1,"name":"Home","item":"https:\/\/www.hotelsmerano.it\/"},{"@type":"ListItem","position":2,"name":"Anreise","item":"https:\/\/www.hotelsmerano.it\/de\/anreise\/"},{"@type":"ListItem","position":3,"name":"Anreise mit dem BUS"}]},{"@type":"WebSite","@id":"https:\/\/www.hotelsmerano.it\/#website","url":"https:\/\/www.hotelsmerano.it\/","name":"P&amp;H Family","description":"","potentialAction":[{"@type":"SearchAction","target":{"@type":"EntryPoint","urlTemplate":"https:\/\/www.hotelsmerano.it\/?s={search_term_string}"},"query-input":{"@type":"PropertyValueSpecification","valueRequired":true,"valueName":"search_term_string"}}],"inLanguage":"de"}]}},"_links":{"self":[{"href":"https:\/\/www.hotelsmerano.it\/de\/wp-json\/wp\/v2\/pages\/15822","targetHints":{"allow":["GET"]}}],"collection":[{"href":"https:\/\/www.hotelsmerano.it\/de\/wp-json\/wp\/v2\/pages"}],"about":[{"href":"https:\/\/www.hotelsmerano.it\/de\/wp-json\/wp\/v2\/types\/page"}],"author":[{"embeddable":true,"href":"https:\/\/www.hotelsmerano.it\/de\/wp-json\/wp\/v2\/users\/5"}],"replies":[{"embeddable":true,"href":"https:\/\/www.hotelsmerano.it\/de\/wp-json\/wp\/v2\/comments?post=15822"}],"version-history":[{"count":0,"href":"https:\/\/www.hotelsmerano.it\/de\/wp-json\/wp\/v2\/pages\/15822\/revisions"}],"up":[{"embeddable":true,"href":"https:\/\/www.hotelsmerano.it\/de\/wp-json\/wp\/v2\/pages\/15721"}],"wp:featuredmedia":[{"embeddable":true,"href":"https:\/\/www.hotelsmerano.it\/de\/wp-json\/wp\/v2\/media\/15743"}],"wp:attachment":[{"href":"https:\/\/www.hotelsmerano.it\/de\/wp-json\/wp\/v2\/media?parent=15822"}],"curies":[{"name":"wp","href":"https:\/\/api.w.org\/{rel}","templated":true}]}}