{"id":15791,"date":"2024-04-26T09:41:30","date_gmt":"2024-04-26T07:41:30","guid":{"rendered":"https:\/\/www.hotelsmerano.it\/?page_id=15791"},"modified":"2025-06-24T11:52:53","modified_gmt":"2025-06-24T09:52:53","slug":"anreise-mit-der-bahn","status":"publish","type":"page","link":"https:\/\/www.hotelsmerano.it\/de\/anreise\/anreise-mit-der-bahn\/","title":{"rendered":"Anreise mit der BAHN"},"content":{"rendered":"<p>Reisen Sie ganz entspannt per Bahn. Das ist nicht nur <strong>bequem und sicher,<\/strong> sondern schont auch die Umwelt. Mit weniger Stau auf den Autobahnen, viel Beinfreiheit und die abwechslungsreiche Aussicht auf die vorbeiziehende Landschaft. Einsteigen, zur\u00fccklehnen, ausruhen, vorfreuen!<\/p>\n<p>S\u00fcdtirol ist ganz einfach mit den Z\u00fcgen der <a title=\"\u00d6sterreichischen Bundesbahnen\" href=\"https:\/\/www.oebb.at\/de\/\" target=\"_blank\" rel=\"noopener\">\u00d6sterreichischen Bundesbahnen<\/a>, der <a title=\"Schweizerischen Bundesbahnen\" href=\"https:\/\/www.sbb.ch\/de\" target=\"_blank\" rel=\"noopener\">Schweizerischen Bundesbahnen<\/a>, der <a href=\"https:\/\/www.rhb.ch\/\" target=\"_blank\" rel=\"noopener\">Rh\u00e4tischen Bahn<\/a> sowie der <a title=\"Deutschen Bahn\" href=\"https:\/\/www.bahn.de\/angebot\/urlaub\/bahnreisen\/summerrail\/meran\" target=\"_blank\" rel=\"noopener\">Deutschen Bahn<\/a> zu erreichen. Denn S\u00fcdtirol wird <strong>mehrmals t\u00e4glich<\/strong> von M\u00fcnchen, Wien, Rom, Florenz, Bologna, Venedig und Mailand angefahren. Dazu stehen auch Nachtz\u00fcge und Fernbusse bereit. Oder verschlafen Sie Ihre Anreise ganz einfach mit dem Nachtzug des <a href=\"https:\/\/urlaubs-express.de\" target=\"_blank\" rel=\"noopener\">Urlaubs-Express<\/a> oder mit dem <a title=\"\u00d6BB Nightjet\" href=\"https:\/\/www.nightjet.com\/\">\u00d6BB Nightjet<\/a>!<\/p>\n<p>Die Bahnverbindungen nach Meran finden Sie online auf <a title=\"thetrainline.com\" href=\"https:\/\/www.thetrainline.com\/de\" target=\"_blank\" rel=\"noopener\">thetrainline.com!<\/a><\/p>\n<p>Der <strong>Anschlusszug<\/strong> von der Landeshauptstadt Bozen nach Meran f\u00e4hrt <a href=\"https:\/\/www.suedtirolmobil.info\/de\/\" target=\"_blank\" rel=\"noopener\"><strong>im Halbstundentakt.<\/strong><\/a><\/p>\n<p>Und vom Bahnhof Meran ist es nicht mehr weit bis in Ihr Hotel. Dort stehen auch Taxis bereit, um Sie zu uns zu bringen. Wenn nicht, rufen Sie die <strong>Taxizentrale<\/strong> an <span class=\"info-4\"><a href=\"tel:+390473212013\">+39 0473 212 013<\/a><\/span> Und in wenigen Minuten ist Ihr pers\u00f6nliches Taxi bei Ihnen!<\/p>\n<p>Oder buchen Sie den <a href=\"https:\/\/www.suedtiroltransfer.com\/\" target=\"_blank\" rel=\"noopener\">Transfer vom Bahnhof zu Ihrem Hotel<\/a> schon bequem online im Voraus.<\/p>\n<h2>Details<\/h2>\n<ul>\n<li>Anreise zum Sparpreis zahlt sich aus! Erkundigen Sie sich vor Ihrer Abreise \u00fcber laufende <strong>Angebote oder Spezialtickets!<\/strong><\/li>\n<li>Nutzen Sie Ihren <a href=\"https:\/\/www.hotelsmerano.it\/de\/meran\/besichtigen-entdecken\/suedtirol-erleben-ohne-auto\/\" target=\"_blank\" rel=\"noopener\">S\u00fcdtirol Guest Pass<\/a> f\u00fcr freie Fahrt in allen <strong>\u00f6ffentlichen Nahverkehrsmittel<\/strong> der Region<\/li>\n<li>Bleiben Sie mobil in Meran mit einem <a href=\"https:\/\/www.hotelsmerano.it\/de\/meran\/natur-sport\/fahrradverleih-kostenlos\/\" target=\"_blank\" rel=\"noopener\">kostenlosen Fahrrad!<\/a><\/li>\n<li>Noch mehr <a href=\"https:\/\/www.merano-suedtirol.it\/de\/meran\/info-service\/informationen\/lage-anreise\/anreise-mit-der-bahn.html?filterchanged=1714118949163\" target=\"_blank\" rel=\"noopener\">Details zur Anreise per Bahn<\/a> gibts hier &#8230;<\/li>\n<\/ul>\n","protected":false},"excerpt":{"rendered":"<p>Reisen Sie ganz entspannt per Bahn. Das ist nicht nur bequem und sicher, sondern schont auch die Umwelt. Mit weniger Stau auf den Autobahnen, viel Beinfreiheit und die abwechslungsreiche Aussicht auf die vorbeiziehende Landschaft. Einsteigen, zur\u00fccklehnen, ausruhen, vorfreuen! S\u00fcdtirol ist ganz einfach mit den Z\u00fcgen der \u00d6sterreichischen Bundesbahnen, der Schweizerischen Bundesbahnen, der Rh\u00e4tischen Bahn sowie [&hellip;]<\/p>\n","protected":false},"author":5,"featured_media":15782,"parent":15721,"menu_order":0,"comment_status":"closed","ping_status":"closed","template":"","meta":{"_acf_changed":false,"footnotes":""},"class_list":["post-15791","page","type-page","status-publish","has-post-thumbnail","hentry"],"acf":[],"yoast_head":"<!-- This site is optimized with the Yoast SEO plugin v26.9 - https:\/\/yoast.com\/product\/yoast-seo-wordpress\/ -->\n<title>Anreise mit der BAHN - P&amp;H Family<\/title>\n<meta name=\"robots\" content=\"index, follow, max-snippet:-1, max-image-preview:large, max-video-preview:-1\" \/>\n<meta property=\"og:locale\" content=\"de_DE\" \/>\n<meta property=\"og:type\" content=\"article\" \/>\n<meta property=\"og:title\" content=\"Anreise mit der BAHN - P&amp;H Family\" \/>\n<meta property=\"og:description\" content=\"Reisen Sie ganz entspannt per Bahn. Das ist nicht nur bequem und sicher, sondern schont auch die Umwelt. Mit weniger Stau auf den Autobahnen, viel Beinfreiheit und die abwechslungsreiche Aussicht auf die vorbeiziehende Landschaft. Einsteigen, zur\u00fccklehnen, ausruhen, vorfreuen! S\u00fcdtirol ist ganz einfach mit den Z\u00fcgen der \u00d6sterreichischen Bundesbahnen, der Schweizerischen Bundesbahnen, der Rh\u00e4tischen Bahn sowie [&hellip;]\" \/>\n<meta property=\"og:url\" content=\"https:\/\/www.hotelsmerano.it\/arrivo\/arrivare-in-treno\/\" \/>\n<meta property=\"og:site_name\" content=\"P&amp;H Family\" \/>\n<meta property=\"article:modified_time\" content=\"2025-06-24T09:52:53+00:00\" \/>\n<meta property=\"og:image\" content=\"https:\/\/www.hotelsmerano.it\/wp-content\/uploads\/2024\/04\/Italien-Trentino_Suedtirol_Alto_Adige_Merano_Meran_Mobilitat_Zug_IDM_Sudtirol_Marketing_Nachhaltigigkeit_MT16852.jpg\" \/>\n\t<meta property=\"og:image:width\" content=\"2250\" \/>\n\t<meta property=\"og:image:height\" content=\"1000\" \/>\n\t<meta property=\"og:image:type\" content=\"image\/jpeg\" \/>\n<meta name=\"twitter:card\" content=\"summary_large_image\" \/>\n<meta name=\"twitter:label1\" content=\"Gesch\u00e4tzte Lesezeit\" \/>\n\t<meta name=\"twitter:data1\" content=\"2\u00a0Minuten\" \/>\n<script type=\"application\/ld+json\" class=\"yoast-schema-graph\">{\"@context\":\"https:\/\/schema.org\",\"@graph\":[{\"@type\":\"WebPage\",\"@id\":\"https:\/\/www.hotelsmerano.it\/arrivo\/arrivare-in-treno\/\",\"url\":\"https:\/\/www.hotelsmerano.it\/arrivo\/arrivare-in-treno\/\",\"name\":\"Anreise mit der BAHN - P&amp;H Family\",\"isPartOf\":{\"@id\":\"https:\/\/www.hotelsmerano.it\/#website\"},\"primaryImageOfPage\":{\"@id\":\"https:\/\/www.hotelsmerano.it\/arrivo\/arrivare-in-treno\/#primaryimage\"},\"image\":{\"@id\":\"https:\/\/www.hotelsmerano.it\/arrivo\/arrivare-in-treno\/#primaryimage\"},\"thumbnailUrl\":\"https:\/\/www.hotelsmerano.it\/wp-content\/uploads\/2024\/04\/Italien-Trentino_Suedtirol_Alto_Adige_Merano_Meran_Mobilitat_Zug_IDM_Sudtirol_Marketing_Nachhaltigigkeit_MT16852.jpg\",\"datePublished\":\"2024-04-26T07:41:30+00:00\",\"dateModified\":\"2025-06-24T09:52:53+00:00\",\"breadcrumb\":{\"@id\":\"https:\/\/www.hotelsmerano.it\/arrivo\/arrivare-in-treno\/#breadcrumb\"},\"inLanguage\":\"de\",\"potentialAction\":[{\"@type\":\"ReadAction\",\"target\":[\"https:\/\/www.hotelsmerano.it\/arrivo\/arrivare-in-treno\/\"]}]},{\"@type\":\"ImageObject\",\"inLanguage\":\"de\",\"@id\":\"https:\/\/www.hotelsmerano.it\/arrivo\/arrivare-in-treno\/#primaryimage\",\"url\":\"https:\/\/www.hotelsmerano.it\/wp-content\/uploads\/2024\/04\/Italien-Trentino_Suedtirol_Alto_Adige_Merano_Meran_Mobilitat_Zug_IDM_Sudtirol_Marketing_Nachhaltigigkeit_MT16852.jpg\",\"contentUrl\":\"https:\/\/www.hotelsmerano.it\/wp-content\/uploads\/2024\/04\/Italien-Trentino_Suedtirol_Alto_Adige_Merano_Meran_Mobilitat_Zug_IDM_Sudtirol_Marketing_Nachhaltigigkeit_MT16852.jpg\",\"width\":2250,\"height\":1000},{\"@type\":\"BreadcrumbList\",\"@id\":\"https:\/\/www.hotelsmerano.it\/arrivo\/arrivare-in-treno\/#breadcrumb\",\"itemListElement\":[{\"@type\":\"ListItem\",\"position\":1,\"name\":\"Home\",\"item\":\"https:\/\/www.hotelsmerano.it\/\"},{\"@type\":\"ListItem\",\"position\":2,\"name\":\"Anreise\",\"item\":\"https:\/\/www.hotelsmerano.it\/de\/anreise\/\"},{\"@type\":\"ListItem\",\"position\":3,\"name\":\"Anreise mit der BAHN\"}]},{\"@type\":\"WebSite\",\"@id\":\"https:\/\/www.hotelsmerano.it\/#website\",\"url\":\"https:\/\/www.hotelsmerano.it\/\",\"name\":\"P&amp;H Family\",\"description\":\"\",\"potentialAction\":[{\"@type\":\"SearchAction\",\"target\":{\"@type\":\"EntryPoint\",\"urlTemplate\":\"https:\/\/www.hotelsmerano.it\/?s={search_term_string}\"},\"query-input\":{\"@type\":\"PropertyValueSpecification\",\"valueRequired\":true,\"valueName\":\"search_term_string\"}}],\"inLanguage\":\"de\"}]}<\/script>\n<!-- \/ Yoast SEO plugin. -->","yoast_head_json":{"title":"Anreise mit der BAHN - P&amp;H Family","robots":{"index":"index","follow":"follow","max-snippet":"max-snippet:-1","max-image-preview":"max-image-preview:large","max-video-preview":"max-video-preview:-1"},"og_locale":"de_DE","og_type":"article","og_title":"Anreise mit der BAHN - P&amp;H Family","og_description":"Reisen Sie ganz entspannt per Bahn. Das ist nicht nur bequem und sicher, sondern schont auch die Umwelt. Mit weniger Stau auf den Autobahnen, viel Beinfreiheit und die abwechslungsreiche Aussicht auf die vorbeiziehende Landschaft. Einsteigen, zur\u00fccklehnen, ausruhen, vorfreuen! S\u00fcdtirol ist ganz einfach mit den Z\u00fcgen der \u00d6sterreichischen Bundesbahnen, der Schweizerischen Bundesbahnen, der Rh\u00e4tischen Bahn sowie [&hellip;]","og_url":"https:\/\/www.hotelsmerano.it\/arrivo\/arrivare-in-treno\/","og_site_name":"P&amp;H Family","article_modified_time":"2025-06-24T09:52:53+00:00","og_image":[{"width":2250,"height":1000,"url":"https:\/\/www.hotelsmerano.it\/wp-content\/uploads\/2024\/04\/Italien-Trentino_Suedtirol_Alto_Adige_Merano_Meran_Mobilitat_Zug_IDM_Sudtirol_Marketing_Nachhaltigigkeit_MT16852.jpg","type":"image\/jpeg"}],"twitter_card":"summary_large_image","twitter_misc":{"Gesch\u00e4tzte Lesezeit":"2\u00a0Minuten"},"schema":{"@context":"https:\/\/schema.org","@graph":[{"@type":"WebPage","@id":"https:\/\/www.hotelsmerano.it\/arrivo\/arrivare-in-treno\/","url":"https:\/\/www.hotelsmerano.it\/arrivo\/arrivare-in-treno\/","name":"Anreise mit der BAHN - P&amp;H Family","isPartOf":{"@id":"https:\/\/www.hotelsmerano.it\/#website"},"primaryImageOfPage":{"@id":"https:\/\/www.hotelsmerano.it\/arrivo\/arrivare-in-treno\/#primaryimage"},"image":{"@id":"https:\/\/www.hotelsmerano.it\/arrivo\/arrivare-in-treno\/#primaryimage"},"thumbnailUrl":"https:\/\/www.hotelsmerano.it\/wp-content\/uploads\/2024\/04\/Italien-Trentino_Suedtirol_Alto_Adige_Merano_Meran_Mobilitat_Zug_IDM_Sudtirol_Marketing_Nachhaltigigkeit_MT16852.jpg","datePublished":"2024-04-26T07:41:30+00:00","dateModified":"2025-06-24T09:52:53+00:00","breadcrumb":{"@id":"https:\/\/www.hotelsmerano.it\/arrivo\/arrivare-in-treno\/#breadcrumb"},"inLanguage":"de","potentialAction":[{"@type":"ReadAction","target":["https:\/\/www.hotelsmerano.it\/arrivo\/arrivare-in-treno\/"]}]},{"@type":"ImageObject","inLanguage":"de","@id":"https:\/\/www.hotelsmerano.it\/arrivo\/arrivare-in-treno\/#primaryimage","url":"https:\/\/www.hotelsmerano.it\/wp-content\/uploads\/2024\/04\/Italien-Trentino_Suedtirol_Alto_Adige_Merano_Meran_Mobilitat_Zug_IDM_Sudtirol_Marketing_Nachhaltigigkeit_MT16852.jpg","contentUrl":"https:\/\/www.hotelsmerano.it\/wp-content\/uploads\/2024\/04\/Italien-Trentino_Suedtirol_Alto_Adige_Merano_Meran_Mobilitat_Zug_IDM_Sudtirol_Marketing_Nachhaltigigkeit_MT16852.jpg","width":2250,"height":1000},{"@type":"BreadcrumbList","@id":"https:\/\/www.hotelsmerano.it\/arrivo\/arrivare-in-treno\/#breadcrumb","itemListElement":[{"@type":"ListItem","position":1,"name":"Home","item":"https:\/\/www.hotelsmerano.it\/"},{"@type":"ListItem","position":2,"name":"Anreise","item":"https:\/\/www.hotelsmerano.it\/de\/anreise\/"},{"@type":"ListItem","position":3,"name":"Anreise mit der BAHN"}]},{"@type":"WebSite","@id":"https:\/\/www.hotelsmerano.it\/#website","url":"https:\/\/www.hotelsmerano.it\/","name":"P&amp;H Family","description":"","potentialAction":[{"@type":"SearchAction","target":{"@type":"EntryPoint","urlTemplate":"https:\/\/www.hotelsmerano.it\/?s={search_term_string}"},"query-input":{"@type":"PropertyValueSpecification","valueRequired":true,"valueName":"search_term_string"}}],"inLanguage":"de"}]}},"_links":{"self":[{"href":"https:\/\/www.hotelsmerano.it\/de\/wp-json\/wp\/v2\/pages\/15791","targetHints":{"allow":["GET"]}}],"collection":[{"href":"https:\/\/www.hotelsmerano.it\/de\/wp-json\/wp\/v2\/pages"}],"about":[{"href":"https:\/\/www.hotelsmerano.it\/de\/wp-json\/wp\/v2\/types\/page"}],"author":[{"embeddable":true,"href":"https:\/\/www.hotelsmerano.it\/de\/wp-json\/wp\/v2\/users\/5"}],"replies":[{"embeddable":true,"href":"https:\/\/www.hotelsmerano.it\/de\/wp-json\/wp\/v2\/comments?post=15791"}],"version-history":[{"count":0,"href":"https:\/\/www.hotelsmerano.it\/de\/wp-json\/wp\/v2\/pages\/15791\/revisions"}],"up":[{"embeddable":true,"href":"https:\/\/www.hotelsmerano.it\/de\/wp-json\/wp\/v2\/pages\/15721"}],"wp:featuredmedia":[{"embeddable":true,"href":"https:\/\/www.hotelsmerano.it\/de\/wp-json\/wp\/v2\/media\/15782"}],"wp:attachment":[{"href":"https:\/\/www.hotelsmerano.it\/de\/wp-json\/wp\/v2\/media?parent=15791"}],"curies":[{"name":"wp","href":"https:\/\/api.w.org\/{rel}","templated":true}]}}