{"id":15721,"date":"2024-04-26T10:03:17","date_gmt":"2024-04-26T08:03:17","guid":{"rendered":"https:\/\/www.hotelsmerano.it\/?page_id=15721"},"modified":"2024-05-06T09:17:31","modified_gmt":"2024-05-06T07:17:31","slug":"anreise","status":"publish","type":"page","link":"https:\/\/www.hotelsmerano.it\/de\/anreise\/","title":{"rendered":"Anreise"},"content":{"rendered":"<p>Planen Sie Ihren Urlaub mit der besten L\u00f6sung f\u00fcr <strong>eine reibungslose Anreise.<\/strong> Egal ob mit der Bahn, mit dem Bus, per Flugzeug oder mit dem Auto &#8211; hier finden Sie die optimale Option f\u00fcr Ihre Anreise.<\/p>\n<p>Nutzen Sie daf\u00fcr Ihren <a href=\"https:\/\/www.hotelsmerano.it\/de\/meran\/besichtigen-entdecken\/suedtirol-erleben-ohne-auto\/\" target=\"_blank\" rel=\"noopener\">S\u00fcdtirol Guest Pass<\/a>, den Sie mit unserer <strong>Mobilit\u00e4ts- und Nachhaltigkeitspauschale<\/strong> erhalten, und mit dem Sie <strong>kostenlos alle \u00f6ffentlichen Nahverkehrsmittel<\/strong> in der Region, einschlie\u00dflich Busse (bis M\u00fcstair), Regionalz\u00fcge (bis Trient), Seilbahnen nach V\u00f6ran, M\u00f6lten, Kohlern und Ritten sowie der Rittner Schmalspurbahn und Standseilbahn Mendel nutzen k\u00f6nnen.<\/p>\n<p>So kommen Sie <strong>schneller, bequemer,<\/strong> g\u00fcnstiger, ges\u00fcnder und nachhaltiger<strong> zu uns nach Meran!<\/strong><\/p>\n","protected":false},"excerpt":{"rendered":"<p>Planen Sie Ihren Urlaub mit der besten L\u00f6sung f\u00fcr eine reibungslose Anreise. Egal ob mit der Bahn, mit dem Bus, per Flugzeug oder mit dem Auto &#8211; hier finden Sie die optimale Option f\u00fcr Ihre Anreise. Nutzen Sie daf\u00fcr Ihren S\u00fcdtirol Guest Pass, den Sie mit unserer Mobilit\u00e4ts- und Nachhaltigkeitspauschale erhalten, und mit dem Sie [&hellip;]<\/p>\n","protected":false},"author":5,"featured_media":15779,"parent":0,"menu_order":0,"comment_status":"closed","ping_status":"closed","template":"page-landing.php","meta":{"_acf_changed":false,"footnotes":""},"class_list":["post-15721","page","type-page","status-publish","has-post-thumbnail","hentry"],"acf":[],"yoast_head":"<!-- This site is optimized with the Yoast SEO plugin v26.9 - https:\/\/yoast.com\/product\/yoast-seo-wordpress\/ -->\n<title>Anreise - P&amp;H Family<\/title>\n<meta name=\"robots\" content=\"index, follow, max-snippet:-1, max-image-preview:large, max-video-preview:-1\" \/>\n<meta property=\"og:locale\" content=\"de_DE\" \/>\n<meta property=\"og:type\" content=\"article\" \/>\n<meta property=\"og:title\" content=\"Anreise - P&amp;H Family\" \/>\n<meta property=\"og:description\" content=\"Planen Sie Ihren Urlaub mit der besten L\u00f6sung f\u00fcr eine reibungslose Anreise. Egal ob mit der Bahn, mit dem Bus, per Flugzeug oder mit dem Auto &#8211; hier finden Sie die optimale Option f\u00fcr Ihre Anreise. Nutzen Sie daf\u00fcr Ihren S\u00fcdtirol Guest Pass, den Sie mit unserer Mobilit\u00e4ts- und Nachhaltigkeitspauschale erhalten, und mit dem Sie [&hellip;]\" \/>\n<meta property=\"og:url\" content=\"https:\/\/www.hotelsmerano.it\/de\/anreise\/\" \/>\n<meta property=\"og:site_name\" content=\"P&amp;H Family\" \/>\n<meta property=\"article:modified_time\" content=\"2024-05-06T07:17:31+00:00\" \/>\n<meta property=\"og:image\" content=\"https:\/\/www.hotelsmerano.it\/wp-content\/uploads\/2024\/04\/Italien-Trentino_Suedtirol_Alto_Adige_Merano_Meran_Mobilitat_Zug_IDM_Sudtirol_Marketing_Nachhaltigigkeit_MT14783.jpg\" \/>\n\t<meta property=\"og:image:width\" content=\"2250\" \/>\n\t<meta property=\"og:image:height\" content=\"1000\" \/>\n\t<meta property=\"og:image:type\" content=\"image\/jpeg\" \/>\n<meta name=\"twitter:card\" content=\"summary_large_image\" \/>\n<meta name=\"twitter:label1\" content=\"Gesch\u00e4tzte Lesezeit\" \/>\n\t<meta name=\"twitter:data1\" content=\"1\u00a0Minute\" \/>\n<script type=\"application\/ld+json\" class=\"yoast-schema-graph\">{\"@context\":\"https:\/\/schema.org\",\"@graph\":[{\"@type\":\"WebPage\",\"@id\":\"https:\/\/www.hotelsmerano.it\/de\/anreise\/\",\"url\":\"https:\/\/www.hotelsmerano.it\/de\/anreise\/\",\"name\":\"Anreise - P&amp;H Family\",\"isPartOf\":{\"@id\":\"https:\/\/www.hotelsmerano.it\/#website\"},\"primaryImageOfPage\":{\"@id\":\"https:\/\/www.hotelsmerano.it\/de\/anreise\/#primaryimage\"},\"image\":{\"@id\":\"https:\/\/www.hotelsmerano.it\/de\/anreise\/#primaryimage\"},\"thumbnailUrl\":\"https:\/\/www.hotelsmerano.it\/wp-content\/uploads\/2024\/04\/Italien-Trentino_Suedtirol_Alto_Adige_Merano_Meran_Mobilitat_Zug_IDM_Sudtirol_Marketing_Nachhaltigigkeit_MT14783.jpg\",\"datePublished\":\"2024-04-26T08:03:17+00:00\",\"dateModified\":\"2024-05-06T07:17:31+00:00\",\"breadcrumb\":{\"@id\":\"https:\/\/www.hotelsmerano.it\/de\/anreise\/#breadcrumb\"},\"inLanguage\":\"de\",\"potentialAction\":[{\"@type\":\"ReadAction\",\"target\":[\"https:\/\/www.hotelsmerano.it\/de\/anreise\/\"]}]},{\"@type\":\"ImageObject\",\"inLanguage\":\"de\",\"@id\":\"https:\/\/www.hotelsmerano.it\/de\/anreise\/#primaryimage\",\"url\":\"https:\/\/www.hotelsmerano.it\/wp-content\/uploads\/2024\/04\/Italien-Trentino_Suedtirol_Alto_Adige_Merano_Meran_Mobilitat_Zug_IDM_Sudtirol_Marketing_Nachhaltigigkeit_MT14783.jpg\",\"contentUrl\":\"https:\/\/www.hotelsmerano.it\/wp-content\/uploads\/2024\/04\/Italien-Trentino_Suedtirol_Alto_Adige_Merano_Meran_Mobilitat_Zug_IDM_Sudtirol_Marketing_Nachhaltigigkeit_MT14783.jpg\",\"width\":2250,\"height\":1000},{\"@type\":\"BreadcrumbList\",\"@id\":\"https:\/\/www.hotelsmerano.it\/de\/anreise\/#breadcrumb\",\"itemListElement\":[{\"@type\":\"ListItem\",\"position\":1,\"name\":\"Home\",\"item\":\"https:\/\/www.hotelsmerano.it\/\"},{\"@type\":\"ListItem\",\"position\":2,\"name\":\"Anreise\"}]},{\"@type\":\"WebSite\",\"@id\":\"https:\/\/www.hotelsmerano.it\/#website\",\"url\":\"https:\/\/www.hotelsmerano.it\/\",\"name\":\"P&amp;H Family\",\"description\":\"\",\"potentialAction\":[{\"@type\":\"SearchAction\",\"target\":{\"@type\":\"EntryPoint\",\"urlTemplate\":\"https:\/\/www.hotelsmerano.it\/?s={search_term_string}\"},\"query-input\":{\"@type\":\"PropertyValueSpecification\",\"valueRequired\":true,\"valueName\":\"search_term_string\"}}],\"inLanguage\":\"de\"}]}<\/script>\n<!-- \/ Yoast SEO plugin. -->","yoast_head_json":{"title":"Anreise - P&amp;H Family","robots":{"index":"index","follow":"follow","max-snippet":"max-snippet:-1","max-image-preview":"max-image-preview:large","max-video-preview":"max-video-preview:-1"},"og_locale":"de_DE","og_type":"article","og_title":"Anreise - P&amp;H Family","og_description":"Planen Sie Ihren Urlaub mit der besten L\u00f6sung f\u00fcr eine reibungslose Anreise. Egal ob mit der Bahn, mit dem Bus, per Flugzeug oder mit dem Auto &#8211; hier finden Sie die optimale Option f\u00fcr Ihre Anreise. Nutzen Sie daf\u00fcr Ihren S\u00fcdtirol Guest Pass, den Sie mit unserer Mobilit\u00e4ts- und Nachhaltigkeitspauschale erhalten, und mit dem Sie [&hellip;]","og_url":"https:\/\/www.hotelsmerano.it\/de\/anreise\/","og_site_name":"P&amp;H Family","article_modified_time":"2024-05-06T07:17:31+00:00","og_image":[{"width":2250,"height":1000,"url":"https:\/\/www.hotelsmerano.it\/wp-content\/uploads\/2024\/04\/Italien-Trentino_Suedtirol_Alto_Adige_Merano_Meran_Mobilitat_Zug_IDM_Sudtirol_Marketing_Nachhaltigigkeit_MT14783.jpg","type":"image\/jpeg"}],"twitter_card":"summary_large_image","twitter_misc":{"Gesch\u00e4tzte Lesezeit":"1\u00a0Minute"},"schema":{"@context":"https:\/\/schema.org","@graph":[{"@type":"WebPage","@id":"https:\/\/www.hotelsmerano.it\/de\/anreise\/","url":"https:\/\/www.hotelsmerano.it\/de\/anreise\/","name":"Anreise - P&amp;H Family","isPartOf":{"@id":"https:\/\/www.hotelsmerano.it\/#website"},"primaryImageOfPage":{"@id":"https:\/\/www.hotelsmerano.it\/de\/anreise\/#primaryimage"},"image":{"@id":"https:\/\/www.hotelsmerano.it\/de\/anreise\/#primaryimage"},"thumbnailUrl":"https:\/\/www.hotelsmerano.it\/wp-content\/uploads\/2024\/04\/Italien-Trentino_Suedtirol_Alto_Adige_Merano_Meran_Mobilitat_Zug_IDM_Sudtirol_Marketing_Nachhaltigigkeit_MT14783.jpg","datePublished":"2024-04-26T08:03:17+00:00","dateModified":"2024-05-06T07:17:31+00:00","breadcrumb":{"@id":"https:\/\/www.hotelsmerano.it\/de\/anreise\/#breadcrumb"},"inLanguage":"de","potentialAction":[{"@type":"ReadAction","target":["https:\/\/www.hotelsmerano.it\/de\/anreise\/"]}]},{"@type":"ImageObject","inLanguage":"de","@id":"https:\/\/www.hotelsmerano.it\/de\/anreise\/#primaryimage","url":"https:\/\/www.hotelsmerano.it\/wp-content\/uploads\/2024\/04\/Italien-Trentino_Suedtirol_Alto_Adige_Merano_Meran_Mobilitat_Zug_IDM_Sudtirol_Marketing_Nachhaltigigkeit_MT14783.jpg","contentUrl":"https:\/\/www.hotelsmerano.it\/wp-content\/uploads\/2024\/04\/Italien-Trentino_Suedtirol_Alto_Adige_Merano_Meran_Mobilitat_Zug_IDM_Sudtirol_Marketing_Nachhaltigigkeit_MT14783.jpg","width":2250,"height":1000},{"@type":"BreadcrumbList","@id":"https:\/\/www.hotelsmerano.it\/de\/anreise\/#breadcrumb","itemListElement":[{"@type":"ListItem","position":1,"name":"Home","item":"https:\/\/www.hotelsmerano.it\/"},{"@type":"ListItem","position":2,"name":"Anreise"}]},{"@type":"WebSite","@id":"https:\/\/www.hotelsmerano.it\/#website","url":"https:\/\/www.hotelsmerano.it\/","name":"P&amp;H Family","description":"","potentialAction":[{"@type":"SearchAction","target":{"@type":"EntryPoint","urlTemplate":"https:\/\/www.hotelsmerano.it\/?s={search_term_string}"},"query-input":{"@type":"PropertyValueSpecification","valueRequired":true,"valueName":"search_term_string"}}],"inLanguage":"de"}]}},"_links":{"self":[{"href":"https:\/\/www.hotelsmerano.it\/de\/wp-json\/wp\/v2\/pages\/15721","targetHints":{"allow":["GET"]}}],"collection":[{"href":"https:\/\/www.hotelsmerano.it\/de\/wp-json\/wp\/v2\/pages"}],"about":[{"href":"https:\/\/www.hotelsmerano.it\/de\/wp-json\/wp\/v2\/types\/page"}],"author":[{"embeddable":true,"href":"https:\/\/www.hotelsmerano.it\/de\/wp-json\/wp\/v2\/users\/5"}],"replies":[{"embeddable":true,"href":"https:\/\/www.hotelsmerano.it\/de\/wp-json\/wp\/v2\/comments?post=15721"}],"version-history":[{"count":0,"href":"https:\/\/www.hotelsmerano.it\/de\/wp-json\/wp\/v2\/pages\/15721\/revisions"}],"wp:featuredmedia":[{"embeddable":true,"href":"https:\/\/www.hotelsmerano.it\/de\/wp-json\/wp\/v2\/media\/15779"}],"wp:attachment":[{"href":"https:\/\/www.hotelsmerano.it\/de\/wp-json\/wp\/v2\/media?parent=15721"}],"curies":[{"name":"wp","href":"https:\/\/api.w.org\/{rel}","templated":true}]}}